{"id":844,"date":"2023-02-07T16:57:36","date_gmt":"2023-02-07T14:57:36","guid":{"rendered":"https:\/\/filmityot.fi\/?page_id=844"},"modified":"2025-10-23T15:15:31","modified_gmt":"2025-10-23T12:15:31","slug":"kirjaudu-sisaan","status":"publish","type":"page","link":"https:\/\/www.filmityot.fi\/en\/kirjaudu-sisaan\/","title":{"rendered":"Kirjaudu sis\u00e4\u00e4n"},"content":{"rendered":"<div data-elementor-type=\"wp-page\" data-elementor-id=\"844\" class=\"elementor elementor-844\" data-elementor-post-type=\"page\">\n\t\t\t\t<div class=\"elementor-element elementor-element-d015937 e-flex e-con-boxed e-con e-parent\" data-id=\"d015937\" data-element_type=\"container\" data-e-type=\"container\" data-settings=\"{&quot;jet_parallax_layout_list&quot;:[]}\">\n\t\t\t\t\t<div class=\"e-con-inner\">\n\t\t\t\t<div class=\"elementor-element elementor-element-1f5aad2 elementor-widget elementor-widget-heading\" data-id=\"1f5aad2\" data-element_type=\"widget\" data-e-type=\"widget\" data-widget_type=\"heading.default\">\n\t\t\t\t\t<h1 class=\"elementor-heading-title elementor-size-xxl\">Kirjaudu<\/h1>\t\t\t\t<\/div>\n\t\t\t\t<div class=\"elementor-element elementor-element-0c141de elementor-widget-divider--view-line elementor-widget elementor-widget-divider\" data-id=\"0c141de\" data-element_type=\"widget\" data-e-type=\"widget\" data-widget_type=\"divider.default\">\n\t\t\t\t\t\t\t<div class=\"elementor-divider\">\n\t\t\t<span class=\"elementor-divider-separator\">\n\t\t\t\t\t\t<\/span>\n\t\t<\/div>\n\t\t\t\t\t\t<\/div>\n\t\t\t\t<div class=\"elementor-element elementor-element-0d3b57c elementor-hidden-desktop elementor-hidden-tablet elementor-hidden-mobile elementor-widget elementor-widget-wpforms\" data-id=\"0d3b57c\" data-element_type=\"widget\" data-e-type=\"widget\" data-widget_type=\"wpforms.default\">\n\t\t\t\t<div class=\"elementor-widget-container\">\n\t\t\t\t\t<div class=\"wpforms-container wpforms-container-full\" id=\"wpforms-846\"><form id=\"wpforms-form-846\" class=\"wpforms-validate wpforms-form\" data-formid=\"846\" method=\"post\" enctype=\"multipart\/form-data\" action=\"\/en\/wp-json\/wp\/v2\/pages\/844\" data-token=\"f02c507be1f108906f1cfd9288842046\" data-token-time=\"1776856601\" data-etm-original-action=\"\/en\/wp-json\/wp\/v2\/pages\/844\"><noscript class=\"wpforms-error-noscript\">Please enable JavaScript in your browser to complete this form.<\/noscript><div class=\"wpforms-field-container\"><div id=\"wpforms-846-field_0-container\" class=\"wpforms-field wpforms-field-text\" data-field-id=\"0\"><label class=\"wpforms-field-label\" for=\"wpforms-846-field_0\">S\u00e4hk\u00f6postiosoite <span class=\"wpforms-required-label\">*<\/span><\/label><input type=\"text\" id=\"wpforms-846-field_0\" class=\"wpforms-field-large wpforms-field-required\" name=\"wpforms[fields][0]\" required><\/div><div id=\"wpforms-846-field_1-container\" class=\"wpforms-field wpforms-field-password\" data-field-id=\"1\"><label class=\"wpforms-field-label\" for=\"wpforms-846-field_1\">Salasana <span class=\"wpforms-required-label\">*<\/span><\/label><input type=\"password\" id=\"wpforms-846-field_1\" class=\"wpforms-field-large wpforms-field-required\" name=\"wpforms[fields][1]\" spellcheck=\"false\" required><\/div><div id=\"wpforms-846-field_2-container\" class=\"wpforms-field wpforms-field-checkbox\" data-field-id=\"2\"><label class=\"wpforms-field-label\">Muista minut<\/label><ul id=\"wpforms-846-field_2\"><li class=\"choice-0 depth-1\"><input type=\"checkbox\" id=\"wpforms-846-field_2_0\" name=\"wpforms[fields][2][]\" value=\"Muista minut\"  ><label class=\"wpforms-field-label-inline\" for=\"wpforms-846-field_2_0\">Muista minut<\/label><\/li><\/ul><\/div><div id=\"wpforms-846-field_3-container\" class=\"wpforms-field wpforms-field-html\" data-field-id=\"3\"><div id=\"wpforms-846-field_3\"><a href=\"https:\/\/www.filmityot.fi\/en\/unohtunut-salasana\/\" target=\"_blank\" rel=\"noopener\">Unohtuiko salasana?<\/a><\/div><\/div><\/div><!-- .wpforms-field-container --><div class=\"wpforms-submit-container\" ><input type=\"hidden\" name=\"wpforms[id]\" value=\"846\"><input type=\"hidden\" name=\"page_title\" value=\"\"><input type=\"hidden\" name=\"page_url\" value=\"https:\/\/www.filmityot.fi\/en\/wp-json\/wp\/v2\/pages\/844\"><input type=\"hidden\" name=\"url_referer\" value=\"\"><button type=\"submit\" name=\"wpforms[submit]\" id=\"wpforms-submit-846\" class=\"wpforms-submit\" data-alt-text=\"Kirjaudutaan ...\" data-submit-text=\"Kirjaudu sis\u00e4\u00e4n\" aria-live=\"assertive\" value=\"wpforms-submit\">Kirjaudu sis\u00e4\u00e4n<\/button><\/div><input type=\"hidden\" name=\"etm-form-language\" value=\"en\"\/><\/form><\/div>  <!-- .wpforms-container -->\t\t\t\t<\/div>\n\t\t\t\t<\/div>\n\t\t\t\t<div class=\"elementor-element elementor-element-ea81a2c elementor-widget elementor-widget-shortcode\" data-id=\"ea81a2c\" data-element_type=\"widget\" data-e-type=\"widget\" data-widget_type=\"shortcode.default\">\n\t\t\t\t\t\t\t<div class=\"elementor-shortcode\"><div class=\"wpforms-container wpforms-container-full\" id=\"wpforms-846\"><form id=\"wpforms-form-846\" class=\"wpforms-validate wpforms-form\" data-formid=\"846\" method=\"post\" enctype=\"multipart\/form-data\" action=\"\/en\/wp-json\/wp\/v2\/pages\/844\" data-token=\"f02c507be1f108906f1cfd9288842046\" data-token-time=\"1776856601\" data-etm-original-action=\"\/en\/wp-json\/wp\/v2\/pages\/844\"><noscript class=\"wpforms-error-noscript\">Please enable JavaScript in your browser to complete this form.<\/noscript><div class=\"wpforms-field-container\"><div id=\"wpforms-846-field_0-container\" class=\"wpforms-field wpforms-field-text\" data-field-id=\"0\"><label class=\"wpforms-field-label\" for=\"wpforms-846-field_0\">S\u00e4hk\u00f6postiosoite <span class=\"wpforms-required-label\">*<\/span><\/label><input type=\"text\" id=\"wpforms-846-field_0\" class=\"wpforms-field-large wpforms-field-required\" name=\"wpforms[fields][0]\" required><\/div><div id=\"wpforms-846-field_1-container\" class=\"wpforms-field wpforms-field-password\" data-field-id=\"1\"><label class=\"wpforms-field-label\" for=\"wpforms-846-field_1\">Salasana <span class=\"wpforms-required-label\">*<\/span><\/label><input type=\"password\" id=\"wpforms-846-field_1\" class=\"wpforms-field-large wpforms-field-required\" name=\"wpforms[fields][1]\" spellcheck=\"false\" required><\/div><div id=\"wpforms-846-field_2-container\" class=\"wpforms-field wpforms-field-checkbox\" data-field-id=\"2\"><label class=\"wpforms-field-label\">Muista minut<\/label><ul id=\"wpforms-846-field_2\"><li class=\"choice-0 depth-1\"><input type=\"checkbox\" id=\"wpforms-846-field_2_0\" name=\"wpforms[fields][2][]\" value=\"Muista minut\"  ><label class=\"wpforms-field-label-inline\" for=\"wpforms-846-field_2_0\">Muista minut<\/label><\/li><\/ul><\/div><div id=\"wpforms-846-field_3-container\" class=\"wpforms-field wpforms-field-html\" data-field-id=\"3\"><div id=\"wpforms-846-field_3\"><a href=\"https:\/\/www.filmityot.fi\/en\/unohtunut-salasana\/\" target=\"_blank\" rel=\"noopener\">Unohtuiko salasana?<\/a><\/div><\/div><\/div><!-- .wpforms-field-container --><div class=\"wpforms-submit-container\" ><input type=\"hidden\" name=\"wpforms[id]\" value=\"846\"><input type=\"hidden\" name=\"page_title\" value=\"\"><input type=\"hidden\" name=\"page_url\" value=\"https:\/\/www.filmityot.fi\/en\/wp-json\/wp\/v2\/pages\/844\"><input type=\"hidden\" name=\"url_referer\" value=\"\"><button type=\"submit\" name=\"wpforms[submit]\" id=\"wpforms-submit-846\" class=\"wpforms-submit\" data-alt-text=\"Kirjaudutaan ...\" data-submit-text=\"Kirjaudu sis\u00e4\u00e4n\" aria-live=\"assertive\" value=\"wpforms-submit\">Kirjaudu sis\u00e4\u00e4n<\/button><\/div><input type=\"hidden\" name=\"etm-form-language\" value=\"en\"\/><\/form><\/div>  <!-- .wpforms-container --><\/div>\n\t\t\t\t\t\t<\/div>\n\t\t\t\t\t<\/div>\n\t\t\t\t<\/div>\n\t\t\t\t<\/div>","protected":false},"excerpt":{"rendered":"<p>Kirjaudu Please enable JavaScript in your browser to complete this form.S\u00e4hk\u00f6postiosoite *Salasana *Muista minut Muista minut Unohtuiko salasana? Kirjaudu sis\u00e4\u00e4n<\/p>","protected":false},"author":1,"featured_media":0,"parent":0,"menu_order":0,"comment_status":"closed","ping_status":"closed","template":"","meta":{"_acf_changed":false,"footnotes":""},"class_list":["post-844","page","type-page","status-publish","hentry"],"acf":[],"_links":{"self":[{"href":"https:\/\/www.filmityot.fi\/en\/wp-json\/wp\/v2\/pages\/844","targetHints":{"allow":["GET"]}}],"collection":[{"href":"https:\/\/www.filmityot.fi\/en\/wp-json\/wp\/v2\/pages"}],"about":[{"href":"https:\/\/www.filmityot.fi\/en\/wp-json\/wp\/v2\/types\/page"}],"author":[{"embeddable":true,"href":"https:\/\/www.filmityot.fi\/en\/wp-json\/wp\/v2\/users\/1"}],"replies":[{"embeddable":true,"href":"https:\/\/www.filmityot.fi\/en\/wp-json\/wp\/v2\/comments?post=844"}],"version-history":[{"count":1,"href":"https:\/\/www.filmityot.fi\/en\/wp-json\/wp\/v2\/pages\/844\/revisions"}],"predecessor-version":[{"id":191985,"href":"https:\/\/www.filmityot.fi\/en\/wp-json\/wp\/v2\/pages\/844\/revisions\/191985"}],"wp:attachment":[{"href":"https:\/\/www.filmityot.fi\/en\/wp-json\/wp\/v2\/media?parent=844"}],"curies":[{"name":"wp","href":"https:\/\/api.w.org\/{rel}","templated":true}]}}