{"id":816,"date":"2023-02-07T14:56:36","date_gmt":"2023-02-07T12:56:36","guid":{"rendered":"https:\/\/filmityot.fi\/?page_id=816"},"modified":"2025-11-26T17:21:22","modified_gmt":"2025-11-26T15:21:22","slug":"kiitos","status":"publish","type":"page","link":"https:\/\/www.filmityot.fi\/en\/ilmoita-keikka\/kiitos\/","title":{"rendered":"Kiitos!"},"content":{"rendered":"<div data-elementor-type=\"wp-page\" data-elementor-id=\"816\" class=\"elementor elementor-816\" data-elementor-post-type=\"page\">\n\t\t\t\t<div class=\"elementor-element elementor-element-74a20be e-flex e-con-boxed e-con e-parent\" data-id=\"74a20be\" data-element_type=\"container\" data-e-type=\"container\" data-settings=\"{&quot;jet_parallax_layout_list&quot;:[]}\">\n\t\t\t\t\t<div class=\"e-con-inner\">\n\t\t<div class=\"elementor-element elementor-element-d5ae892 e-con-full e-flex e-con e-child\" data-id=\"d5ae892\" data-element_type=\"container\" data-e-type=\"container\" data-settings=\"{&quot;jet_parallax_layout_list&quot;:[]}\">\n\t\t\t\t<div class=\"elementor-element elementor-element-baf7702 elementor-view-default elementor-widget elementor-widget-icon\" data-id=\"baf7702\" data-element_type=\"widget\" data-e-type=\"widget\" data-widget_type=\"icon.default\">\n\t\t\t\t\t\t\t<div class=\"elementor-icon-wrapper\">\n\t\t\t<div class=\"elementor-icon\">\n\t\t\t<i aria-hidden=\"true\" class=\"box box-bx-check-circle\"><\/i>\t\t\t<\/div>\n\t\t<\/div>\n\t\t\t\t\t\t<\/div>\n\t\t\t\t<div class=\"elementor-element elementor-element-1487ce6 elementor-widget elementor-widget-heading\" data-id=\"1487ce6\" data-element_type=\"widget\" data-e-type=\"widget\" data-widget_type=\"heading.default\">\n\t\t\t\t\t<h1 class=\"elementor-heading-title elementor-size-xxl\">Ilmoitus on julkaistu!<\/h1>\t\t\t\t<\/div>\n\t\t\t\t<div class=\"elementor-element elementor-element-88ef6d7 elementor-widget elementor-widget-text-editor\" data-id=\"88ef6d7\" data-element_type=\"widget\" data-e-type=\"widget\" data-widget_type=\"text-editor.default\">\n\t\t\t\t\t\t\t\t\t<p>Keikkaan hakeneet esiintyj\u00e4t n\u00e4et ilmoituskohtaisesti oman Keikat-n\u00e4kym\u00e4si kautta.<\/p><p><strong>Vinkki:<br \/><\/strong><strong>Voit my\u00f6s &#8220;kopio&#8221; -nappulasta luoda uuden vastaavanlaisen keikan suoraan &#8220;keikkailmoitus&#8221; -osiossa<\/strong><\/p>\t\t\t\t\t\t\t\t<\/div>\n\t\t\t\t<div class=\"elementor-element elementor-element-73a705e elementor-align-center elementor-widget elementor-widget-button\" data-id=\"73a705e\" data-element_type=\"widget\" data-e-type=\"widget\" data-widget_type=\"button.default\">\n\t\t\t\t\t\t\t\t\t\t<a class=\"elementor-button elementor-button-link elementor-size-sm\" href=\"https:\/\/www.filmityot.fi\/en\/tuottajan-tyopoyta\/\" target=\"_blank\" rel=\"noopener\">\n\t\t\t\t\t\t<span class=\"elementor-button-content-wrapper\">\n\t\t\t\t\t\t\t\t\t<span class=\"elementor-button-text\">Siirry tuottajan ty\u00f6p\u00f6yt\u00e4\u00e4n<\/span>\n\t\t\t\t\t<\/span>\n\t\t\t\t\t<\/a>\n\t\t\t\t\t\t\t\t<\/div>\n\t\t\t\t<\/div>\n\t\t\t\t\t<\/div>\n\t\t\t\t<\/div>\n\t\t\t\t<\/div>","protected":false},"excerpt":{"rendered":"<p>Ilmoitus on julkaistu! Keikkaan hakeneet esiintyj\u00e4t n\u00e4et ilmoituskohtaisesti oman Keikat-n\u00e4kym\u00e4si kautta. Vinkki:Voit my\u00f6s &#8220;kopio&#8221; -nappulasta luoda uuden vastaavanlaisen keikan suoraan &#8220;keikkailmoitus&#8221; -osiossa Siirry tuottajan ty\u00f6p\u00f6yt\u00e4\u00e4n<\/p>","protected":false},"author":1,"featured_media":0,"parent":230,"menu_order":0,"comment_status":"closed","ping_status":"closed","template":"","meta":{"_acf_changed":false,"footnotes":""},"class_list":["post-816","page","type-page","status-publish","hentry"],"acf":[],"_links":{"self":[{"href":"https:\/\/www.filmityot.fi\/en\/wp-json\/wp\/v2\/pages\/816","targetHints":{"allow":["GET"]}}],"collection":[{"href":"https:\/\/www.filmityot.fi\/en\/wp-json\/wp\/v2\/pages"}],"about":[{"href":"https:\/\/www.filmityot.fi\/en\/wp-json\/wp\/v2\/types\/page"}],"author":[{"embeddable":true,"href":"https:\/\/www.filmityot.fi\/en\/wp-json\/wp\/v2\/users\/1"}],"replies":[{"embeddable":true,"href":"https:\/\/www.filmityot.fi\/en\/wp-json\/wp\/v2\/comments?post=816"}],"version-history":[{"count":3,"href":"https:\/\/www.filmityot.fi\/en\/wp-json\/wp\/v2\/pages\/816\/revisions"}],"predecessor-version":[{"id":197968,"href":"https:\/\/www.filmityot.fi\/en\/wp-json\/wp\/v2\/pages\/816\/revisions\/197968"}],"up":[{"embeddable":true,"href":"https:\/\/www.filmityot.fi\/en\/wp-json\/wp\/v2\/pages\/230"}],"wp:attachment":[{"href":"https:\/\/www.filmityot.fi\/en\/wp-json\/wp\/v2\/media?parent=816"}],"curies":[{"name":"wp","href":"https:\/\/api.w.org\/{rel}","templated":true}]}}