{"id":457,"date":"2023-01-23T01:05:34","date_gmt":"2023-01-22T23:05:34","guid":{"rendered":"https:\/\/filmityot.fi\/?page_id=457"},"modified":"2026-02-17T13:00:26","modified_gmt":"2026-02-17T11:00:26","slug":"roolittajille","status":"publish","type":"page","link":"https:\/\/www.filmityot.fi\/en\/roolittajille\/","title":{"rendered":"Roolittajille"},"content":{"rendered":"<div data-elementor-type=\"wp-page\" data-elementor-id=\"457\" class=\"elementor elementor-457\" data-elementor-post-type=\"page\">\n\t\t\t\t<div class=\"elementor-element elementor-element-472e35c e-flex e-con-boxed e-con e-parent\" data-id=\"472e35c\" data-element_type=\"container\" data-e-type=\"container\" data-settings=\"{&quot;jet_parallax_layout_list&quot;:[]}\">\n\t\t\t\t\t<div class=\"e-con-inner\">\n\t\t\t\t<div class=\"elementor-element elementor-element-fd8fa88 elementor-widget elementor-widget-spacer\" data-id=\"fd8fa88\" data-element_type=\"widget\" data-e-type=\"widget\" data-widget_type=\"spacer.default\">\n\t\t\t\t\t\t\t<div class=\"elementor-spacer\">\n\t\t\t<div class=\"elementor-spacer-inner\"><\/div>\n\t\t<\/div>\n\t\t\t\t\t\t<\/div>\n\t\t\t\t\t<\/div>\n\t\t\t\t<\/div>\n\t\t<div class=\"elementor-element elementor-element-9229339 e-flex e-con-boxed e-con e-parent\" data-id=\"9229339\" data-element_type=\"container\" data-e-type=\"container\" data-settings=\"{&quot;jet_parallax_layout_list&quot;:[]}\">\n\t\t\t\t\t<div class=\"e-con-inner\">\n\t\t<div class=\"elementor-element elementor-element-59bb883 e-con-full e-flex e-con e-child\" data-id=\"59bb883\" data-element_type=\"container\" data-e-type=\"container\" data-settings=\"{&quot;background_background&quot;:&quot;classic&quot;,&quot;jet_parallax_layout_list&quot;:[]}\">\n\t\t\t\t<div class=\"elementor-element elementor-element-ca567c0 elementor-widget elementor-widget-spacer\" data-id=\"ca567c0\" data-element_type=\"widget\" data-e-type=\"widget\" data-widget_type=\"spacer.default\">\n\t\t\t\t\t\t\t<div class=\"elementor-spacer\">\n\t\t\t<div class=\"elementor-spacer-inner\"><\/div>\n\t\t<\/div>\n\t\t\t\t\t\t<\/div>\n\t\t\t\t<div class=\"elementor-element elementor-element-a88ddbc elementor-widget elementor-widget-heading\" data-id=\"a88ddbc\" data-element_type=\"widget\" data-e-type=\"widget\" data-widget_type=\"heading.default\">\n\t\t\t\t\t<h1 class=\"elementor-heading-title elementor-size-default\"><a href=\"https:\/\/www.filmityot.fi\/en\/esiintyjahaku\/\">Kaksi tapaa hoitaa casting \u2013 <span style=\"color:#E60023\">itse tai ammattilaisen avulla<\/span>\n<\/a><\/h1>\t\t\t\t<\/div>\n\t\t\t\t<\/div>\n\t\t\t\t\t<\/div>\n\t\t\t\t<\/div>\n\t\t<div class=\"elementor-element elementor-element-26a786e e-flex e-con-boxed e-con e-parent\" data-id=\"26a786e\" data-element_type=\"container\" data-e-type=\"container\" data-settings=\"{&quot;jet_parallax_layout_list&quot;:[]}\">\n\t\t\t\t\t<div class=\"e-con-inner\">\n\t\t<div class=\"elementor-element elementor-element-83bcd46 e-con-full e-flex e-con e-child\" data-id=\"83bcd46\" data-element_type=\"container\" data-e-type=\"container\" data-settings=\"{&quot;background_background&quot;:&quot;classic&quot;,&quot;jet_parallax_layout_list&quot;:[]}\">\n\t\t\t\t<div class=\"elementor-element elementor-element-d38612e elementor-widget elementor-widget-heading\" data-id=\"d38612e\" data-element_type=\"widget\" data-e-type=\"widget\" data-widget_type=\"heading.default\">\n\t\t\t\t\t<h2 class=\"elementor-heading-title elementor-size-default\">\ud83e\udde9   Itsepalveluna<\/h2>\t\t\t\t<\/div>\n\t\t\t\t<div class=\"elementor-element elementor-element-d7819d0 elementor-widget elementor-widget-text-editor\" data-id=\"d7819d0\" data-element_type=\"widget\" data-e-type=\"widget\" data-widget_type=\"text-editor.default\">\n\t\t\t\t\t\t\t\t\t<p>Kun haluat hoitaa castingin itse \u2013 nopeasti, selke\u00e4sti ja ilman sitoumuksia.\u00a0<\/p><p><b>N\u00e4in se toimii<\/b><\/p><ul><li>Luo yritystili<\/li><li><span style=\"font-family: var( --e-global-typography-text-font-family ), Sans-serif; text-align: var(--text-align);\">Julkaise keikkailmoituksia<\/span><\/li><li>Selaa hakemuksia<\/li><li>Etsi esiintyji\u00e4<\/li><li>Ole yhteydess\u00e4 esiintyjiin<\/li><\/ul>\t\t\t\t\t\t\t\t<\/div>\n\t\t\t\t<div class=\"elementor-element elementor-element-045eaa0 elementor-widget elementor-widget-button\" data-id=\"045eaa0\" data-element_type=\"widget\" data-e-type=\"widget\" data-widget_type=\"button.default\">\n\t\t\t\t\t\t\t\t\t\t<a class=\"elementor-button elementor-button-link elementor-size-sm\" href=\"https:\/\/www.filmityot.fi\/en\/roolittajille\/rekisteroidy-roolittajaksi\/\" target=\"_blank\">\n\t\t\t\t\t\t<span class=\"elementor-button-content-wrapper\">\n\t\t\t\t\t\t\t\t\t<span class=\"elementor-button-text\">Luo yritystili<\/span>\n\t\t\t\t\t<\/span>\n\t\t\t\t\t<\/a>\n\t\t\t\t\t\t\t\t<\/div>\n\t\t\t\t<\/div>\n\t\t<div class=\"elementor-element elementor-element-148fa78 e-con-full e-flex e-con e-child\" data-id=\"148fa78\" data-element_type=\"container\" data-e-type=\"container\" data-settings=\"{&quot;background_background&quot;:&quot;classic&quot;,&quot;jet_parallax_layout_list&quot;:[]}\">\n\t\t\t\t<div class=\"elementor-element elementor-element-b234174 elementor-widget elementor-widget-heading\" data-id=\"b234174\" data-element_type=\"widget\" data-e-type=\"widget\" data-widget_type=\"heading.default\">\n\t\t\t\t\t<h2 class=\"elementor-heading-title elementor-size-default\">\ud83c\udfaf   roolituspalvelu <\/h2>\t\t\t\t<\/div>\n\t\t\t\t<div class=\"elementor-element elementor-element-a9dfa41 elementor-widget elementor-widget-text-editor\" data-id=\"a9dfa41\" data-element_type=\"widget\" data-e-type=\"widget\" data-widget_type=\"text-editor.default\">\n\t\t\t\t\t\t\t\t\t<div>Anna kokeneen roolittajamme hoitaa koko casting puolestasi \u2013 alusta valintaan.<\/div><div>\u00a0<\/div><div><strong><span style=\"caret-color: #000000; color: #000000; font-size: medium;\">Miten roolitus etenee<\/span><\/strong><\/div><div><span style=\"caret-color: #000000; color: #000000; font-size: medium;\">\u00a0<\/span><\/div><ul><li>Brieffaat tarpeen<\/li><li>Me etsimme tekij\u00e4t<\/li><li>Seulonta ja esivalinta<\/li><li>Shortlist\u00a0<\/li><li>Valinta\u00a0<\/li><\/ul>\t\t\t\t\t\t\t\t<\/div>\n\t\t\t\t<div class=\"elementor-element elementor-element-0c41be2 elementor-widget elementor-widget-button\" data-id=\"0c41be2\" data-element_type=\"widget\" data-e-type=\"widget\" data-widget_type=\"button.default\">\n\t\t\t\t\t\t\t\t\t\t<a class=\"elementor-button elementor-button-link elementor-size-sm\" href=\"https:\/\/www.filmityot.fi\/en\/palvelut\/casting-palvelu\/\">\n\t\t\t\t\t\t<span class=\"elementor-button-content-wrapper\">\n\t\t\t\t\t\t\t\t\t<span class=\"elementor-button-text\">Pyyd\u00e4 tarjous<\/span>\n\t\t\t\t\t<\/span>\n\t\t\t\t\t<\/a>\n\t\t\t\t\t\t\t\t<\/div>\n\t\t\t\t<\/div>\n\t\t\t\t\t<\/div>\n\t\t\t\t<\/div>\n\t\t<div class=\"elementor-element elementor-element-fdbe02a e-flex e-con-boxed e-con e-parent\" data-id=\"fdbe02a\" data-element_type=\"container\" data-e-type=\"container\" data-settings=\"{&quot;background_background&quot;:&quot;classic&quot;,&quot;jet_parallax_layout_list&quot;:[]}\">\n\t\t\t\t\t<div class=\"e-con-inner\">\n\t\t\t\t<div class=\"elementor-element elementor-element-fe7882d elementor-widget elementor-widget-heading\" data-id=\"fe7882d\" data-element_type=\"widget\" data-e-type=\"widget\" data-widget_type=\"heading.default\">\n\t\t\t\t\t<h2 class=\"elementor-heading-title elementor-size-xxl\">Miksi k\u00e4ytt\u00e4\u00e4 Filmity\u00f6t-palvelua:<\/h2>\t\t\t\t<\/div>\n\t\t<div class=\"elementor-element elementor-element-1bb1ea1 e-con-full e-flex e-con e-child\" data-id=\"1bb1ea1\" data-element_type=\"container\" data-e-type=\"container\" data-settings=\"{&quot;jet_parallax_layout_list&quot;:[]}\">\n\t\t<div class=\"elementor-element elementor-element-c68d775 e-con-full e-flex e-con e-child\" data-id=\"c68d775\" data-element_type=\"container\" data-e-type=\"container\" data-settings=\"{&quot;jet_parallax_layout_list&quot;:[]}\">\n\t\t\t\t<div class=\"elementor-element elementor-element-b7df60d elementor-widget elementor-widget-heading\" data-id=\"b7df60d\" data-element_type=\"widget\" data-e-type=\"widget\" data-widget_type=\"heading.default\">\n\t\t\t\t\t<h2 class=\"elementor-heading-title elementor-size-large\">Yli 17 000 esiintyj\u00e4\u00e4<\/h2>\t\t\t\t<\/div>\n\t\t\t\t<div class=\"elementor-element elementor-element-cf3f8f7 elementor-widget elementor-widget-text-editor\" data-id=\"cf3f8f7\" data-element_type=\"widget\" data-e-type=\"widget\" data-widget_type=\"text-editor.default\">\n\t\t\t\t\t\t\t\t\t<p>Rekisteriss\u00e4mme on yli 17 000 esiintyj\u00e4\u00e4. Esiintyj\u00e4kaarti on monipuolinen: taviksia, malleja, n\u00e4yttelij\u00f6it\u00e4, ammattilaisia, harrastajia. Jos et meilt\u00e4 l\u00f6yd\u00e4 sopivaa esiintyj\u00e4\u00e4, tuskin l\u00f6yd\u00e4t muualtakaan.<\/p>\t\t\t\t\t\t\t\t<\/div>\n\t\t\t\t<\/div>\n\t\t<div class=\"elementor-element elementor-element-8fc4ebe e-con-full e-flex e-con e-child\" data-id=\"8fc4ebe\" data-element_type=\"container\" data-e-type=\"container\" data-settings=\"{&quot;jet_parallax_layout_list&quot;:[]}\">\n\t\t\t\t<div class=\"elementor-element elementor-element-3c9f32f elementor-widget elementor-widget-heading\" data-id=\"3c9f32f\" data-element_type=\"widget\" data-e-type=\"widget\" data-widget_type=\"heading.default\">\n\t\t\t\t\t<h2 class=\"elementor-heading-title elementor-size-large\">Helppo casting<\/h2>\t\t\t\t<\/div>\n\t\t\t\t<div class=\"elementor-element elementor-element-527885c elementor-widget elementor-widget-text-editor\" data-id=\"527885c\" data-element_type=\"widget\" data-e-type=\"widget\" data-widget_type=\"text-editor.default\">\n\t\t\t\t\t\t\t\t\t<p>Helpompaa castingia ei yksinkertaisesti ole: tee maksuton keikkailmoitus, vastaanota hakemuksia, valitse ja kontaktoi sopivat &#8211; ja kuvaa!<\/p>\t\t\t\t\t\t\t\t<\/div>\n\t\t\t\t<\/div>\n\t\t<div class=\"elementor-element elementor-element-072274d e-con-full e-flex e-con e-child\" data-id=\"072274d\" data-element_type=\"container\" data-e-type=\"container\" data-settings=\"{&quot;jet_parallax_layout_list&quot;:[]}\">\n\t\t\t\t<div class=\"elementor-element elementor-element-97ff0b8 elementor-widget elementor-widget-heading\" data-id=\"97ff0b8\" data-element_type=\"widget\" data-e-type=\"widget\" data-widget_type=\"heading.default\">\n\t\t\t\t\t<h2 class=\"elementor-heading-title elementor-size-large\">Valitse ja filmaa<\/h2>\t\t\t\t<\/div>\n\t\t\t\t<div class=\"elementor-element elementor-element-49e735b elementor-widget elementor-widget-text-editor\" data-id=\"49e735b\" data-element_type=\"widget\" data-e-type=\"widget\" data-widget_type=\"text-editor.default\">\n\t\t\t\t\t\t\t\t\t<p>Hakemusten k\u00e4sittely on helppoa. Hakemukset tulevat tuottajalle\/roolittajalle suoraan kunkin keikkailmoituksen yhteyteen. Hakemuksia on helppo selata ja hakijoille l\u00e4htee automaattisesti viestit riippuen siit\u00e4 onko hakija valittu jatkoon, koekuvaukseen, hyl\u00e4tty jne.<\/p>\t\t\t\t\t\t\t\t<\/div>\n\t\t\t\t<\/div>\n\t\t\t\t<\/div>\n\t\t\t\t\t<\/div>\n\t\t\t\t<\/div>\n\t\t<div class=\"elementor-element elementor-element-7bed050 e-flex e-con-boxed e-con e-parent\" data-id=\"7bed050\" data-element_type=\"container\" data-e-type=\"container\" data-settings=\"{&quot;background_background&quot;:&quot;classic&quot;,&quot;jet_parallax_layout_list&quot;:[]}\">\n\t\t\t\t\t<div class=\"e-con-inner\">\n\t\t\t\t<div class=\"elementor-element elementor-element-06439fb elementor-widget elementor-widget-heading\" data-id=\"06439fb\" data-element_type=\"widget\" data-e-type=\"widget\" data-widget_type=\"heading.default\">\n\t\t\t\t\t<h2 class=\"elementor-heading-title elementor-size-xxl\">Palvelu toimii tehokkaasti:<\/h2>\t\t\t\t<\/div>\n\t\t<div class=\"elementor-element elementor-element-2ff8a2a e-con-full e-flex e-con e-child\" data-id=\"2ff8a2a\" data-element_type=\"container\" data-e-type=\"container\" data-settings=\"{&quot;jet_parallax_layout_list&quot;:[]}\">\n\t\t<div class=\"elementor-element elementor-element-f16515b e-con-full e-flex e-con e-child\" data-id=\"f16515b\" data-element_type=\"container\" data-e-type=\"container\" data-settings=\"{&quot;jet_parallax_layout_list&quot;:[]}\">\n\t\t\t\t<div class=\"elementor-element elementor-element-1890998 elementor-widget elementor-widget-heading\" data-id=\"1890998\" data-element_type=\"widget\" data-e-type=\"widget\" data-widget_type=\"heading.default\">\n\t\t\t\t\t<div class=\"elementor-heading-title elementor-size-default\">17000<span>+<\/span><\/div>\t\t\t\t<\/div>\n\t\t\t\t<div class=\"elementor-element elementor-element-f49ae63 elementor-widget elementor-widget-heading\" data-id=\"f49ae63\" data-element_type=\"widget\" data-e-type=\"widget\" data-widget_type=\"heading.default\">\n\t\t\t\t\t<h2 class=\"elementor-heading-title elementor-size-large\">esiintyj\u00e4\u00e4<\/h2>\t\t\t\t<\/div>\n\t\t\t\t<\/div>\n\t\t<div class=\"elementor-element elementor-element-1c0329e e-con-full e-flex e-con e-child\" data-id=\"1c0329e\" data-element_type=\"container\" data-e-type=\"container\" data-settings=\"{&quot;jet_parallax_layout_list&quot;:[]}\">\n\t\t\t\t<div class=\"elementor-element elementor-element-d695c47 elementor-widget elementor-widget-heading\" data-id=\"d695c47\" data-element_type=\"widget\" data-e-type=\"widget\" data-widget_type=\"heading.default\">\n\t\t\t\t\t<div class=\"elementor-heading-title elementor-size-xxl\">300<span>+<\/span><\/div>\t\t\t\t<\/div>\n\t\t\t\t<div class=\"elementor-element elementor-element-60ab975 elementor-widget elementor-widget-heading\" data-id=\"60ab975\" data-element_type=\"widget\" data-e-type=\"widget\" data-widget_type=\"heading.default\">\n\t\t\t\t\t<h2 class=\"elementor-heading-title elementor-size-large\">castattua esiintyj\u00e4\u00e4 \/ vuosi<\/h2>\t\t\t\t<\/div>\n\t\t\t\t<\/div>\n\t\t<div class=\"elementor-element elementor-element-1095d14 e-con-full e-flex e-con e-child\" data-id=\"1095d14\" data-element_type=\"container\" data-e-type=\"container\" data-settings=\"{&quot;jet_parallax_layout_list&quot;:[]}\">\n\t\t\t\t<div class=\"elementor-element elementor-element-494ac27 elementor-widget elementor-widget-heading\" data-id=\"494ac27\" data-element_type=\"widget\" data-e-type=\"widget\" data-widget_type=\"heading.default\">\n\t\t\t\t\t<div class=\"elementor-heading-title elementor-size-xxl\"><font color=\"#141414\">280<\/font><span>+<\/span><\/div>\t\t\t\t<\/div>\n\t\t\t\t<div class=\"elementor-element elementor-element-58d9b20 elementor-widget elementor-widget-heading\" data-id=\"58d9b20\" data-element_type=\"widget\" data-e-type=\"widget\" data-widget_type=\"heading.default\">\n\t\t\t\t\t<h2 class=\"elementor-heading-title elementor-size-large\">keikkailmoitusta \/ vuosi<\/h2>\t\t\t\t<\/div>\n\t\t\t\t<\/div>\n\t\t\t\t<\/div>\n\t\t\t\t\t<\/div>\n\t\t\t\t<\/div>\n\t\t<div class=\"elementor-element elementor-element-721a119 e-flex e-con-boxed e-con e-parent\" data-id=\"721a119\" data-element_type=\"container\" data-e-type=\"container\" data-settings=\"{&quot;background_background&quot;:&quot;classic&quot;,&quot;jet_parallax_layout_list&quot;:[]}\">\n\t\t\t\t\t<div class=\"e-con-inner\">\n\t\t\t\t<div class=\"elementor-element elementor-element-46368d2 elementor-widget elementor-widget-heading\" data-id=\"46368d2\" data-element_type=\"widget\" data-e-type=\"widget\" data-widget_type=\"heading.default\">\n\t\t\t\t\t<h1 class=\"elementor-heading-title elementor-size-xxl\">Referenssej\u00e4<\/h1>\t\t\t\t<\/div>\n\t\t\t\t<div class=\"elementor-element elementor-element-81898bb elementor-testimonial--layout-image_left elementor-testimonial--align-left elementor-pagination-type-fraction elementor-testimonial--skin-default elementor-widget elementor-widget-testimonial-carousel\" data-id=\"81898bb\" data-element_type=\"widget\" data-e-type=\"widget\" data-settings=\"{&quot;slides_per_view&quot;:&quot;1&quot;,&quot;slides_to_scroll&quot;:&quot;1&quot;,&quot;pagination&quot;:&quot;fraction&quot;,&quot;lazyload&quot;:&quot;yes&quot;,&quot;speed&quot;:500,&quot;autoplay&quot;:&quot;yes&quot;,&quot;autoplay_speed&quot;:5000,&quot;loop&quot;:&quot;yes&quot;,&quot;pause_on_hover&quot;:&quot;yes&quot;,&quot;pause_on_interaction&quot;:&quot;yes&quot;,&quot;space_between&quot;:{&quot;unit&quot;:&quot;px&quot;,&quot;size&quot;:10,&quot;sizes&quot;:[]},&quot;space_between_tablet&quot;:{&quot;unit&quot;:&quot;px&quot;,&quot;size&quot;:10,&quot;sizes&quot;:[]},&quot;space_between_mobile&quot;:{&quot;unit&quot;:&quot;px&quot;,&quot;size&quot;:10,&quot;sizes&quot;:[]}}\" data-widget_type=\"testimonial-carousel.default\">\n\t\t\t\t\t\t\t\t\t\t<div class=\"elementor-main-swiper swiper\" role=\"region\" aria-roledescription=\"carousel\" aria-label=\"Slides\">\n\t\t\t\t<div class=\"swiper-wrapper\">\n\t\t\t\t\t\t\t\t\t\t\t<div class=\"swiper-slide\" role=\"group\" aria-roledescription=\"slide\">\n\t\t\t\t\t\t\t\t\t<div class=\"elementor-testimonial\">\n\t\t\t\t\t\t\t<div class=\"elementor-testimonial__content\">\n\t\t\t\t\t<div class=\"elementor-testimonial__text\">\n\t\t\t\t\t\tFilmity\u00f6t.fi on auttanut minua l\u00f6yt\u00e4m\u00e4\u00e4n juuri oikean esiintyj\u00e4n mainosrooliin, my\u00f6s replikoivan esiintyj\u00e4n. Filmit\u00f6iden kautta olen l\u00f6yt\u00e4nyt my\u00f6s draamatuotantojen pikkurooleihin hyvi\u00e4 ehdokkaita, osa on napannut roolinkin. Suosittelen, mukana my\u00f6s uusia kasvoja.\t\t\t\t\t<\/div>\n\t\t\t\t\t<cite class=\"elementor-testimonial__cite\"><span class=\"elementor-testimonial__name\">Tutsa Huuhka<\/span><span class=\"elementor-testimonial__title\">Tutsa Casting - Casting Director<\/span><\/cite>\t\t\t\t<\/div>\n\t\t\t\t\t\t<div class=\"elementor-testimonial__footer\">\n\t\t\t\t\t\t\t\t\t<div class=\"elementor-testimonial__image\">\n\t\t\t\t\t\t<img class=\"swiper-lazy\" data-src=\"https:\/\/filmityot.fi\/wp-content\/uploads\/2023\/03\/filmityo-tutsa.jpg\" alt=\"Tutsa Huuhka\">\n\t\t\t\t\t\t\t\t\t\t\t\t\t<div class=\"swiper-lazy-preloader\"><\/div>\n\t\t\t\t\t\t\t\t\t\t\t<\/div>\n\t\t\t\t\t\t\t\t\t\t\t<\/div>\n\t\t<\/div>\n\t\t\t\t\t\t\t\t<\/div>\n\t\t\t\t\t\t\t\t\t\t\t<div class=\"swiper-slide\" role=\"group\" aria-roledescription=\"slide\">\n\t\t\t\t\t\t\t\t\t<div class=\"elementor-testimonial\">\n\t\t\t\t\t\t\t<div class=\"elementor-testimonial__content\">\n\t\t\t\t\t<div class=\"elementor-testimonial__text\">\n\t\t\t\t\t\tMonipuolinen alusta, joka mukautuu k\u00e4ytt\u00e4j\u00e4n tarpeisiin aina avustaja castingist\u00e4 pienroolien ja body doubleiden roolistukseen.\t\t\t\t\t<\/div>\n\t\t\t\t\t<cite class=\"elementor-testimonial__cite\"><span class=\"elementor-testimonial__name\">Noora Suviola<\/span><span class=\"elementor-testimonial__title\">Casting freelancer<\/span><\/cite>\t\t\t\t<\/div>\n\t\t\t\t\t\t<div class=\"elementor-testimonial__footer\">\n\t\t\t\t\t\t\t\t\t<div class=\"elementor-testimonial__image\">\n\t\t\t\t\t\t<img class=\"swiper-lazy\" data-src=\"https:\/\/filmityot.fi\/wp-content\/uploads\/2023\/03\/filmityo-noora.jpg\" alt=\"Noora Suviola\">\n\t\t\t\t\t\t\t\t\t\t\t\t\t<div class=\"swiper-lazy-preloader\"><\/div>\n\t\t\t\t\t\t\t\t\t\t\t<\/div>\n\t\t\t\t\t\t\t\t\t\t\t<\/div>\n\t\t<\/div>\n\t\t\t\t\t\t\t\t<\/div>\n\t\t\t\t\t\t\t\t\t\t\t<div class=\"swiper-slide\" role=\"group\" aria-roledescription=\"slide\">\n\t\t\t\t\t\t\t\t\t<div class=\"elementor-testimonial\">\n\t\t\t\t\t\t\t<div class=\"elementor-testimonial__content\">\n\t\t\t\t\t<div class=\"elementor-testimonial__text\">\n\t\t\t\t\t\tOlemme k\u00e4ytt\u00e4neet palvelua avustaja- ja replikoivissa pienroolihankinnoissa.\nSaimme tuotantoihin huikean m\u00e4\u00e4r\u00e4n hakemuksia, jonka kautta l\u00f6ytyi sopivia henkil\u00f6it\u00e4 moneen eri rooliin.\nK\u00e4yt\u00e4mme jatkossakin filmity\u00f6t-palvelua koska se on helppo, tehokas ja mukava \u2013 tukeakin saa my\u00f6s pikaisesti tarvittaessa!\t\t\t\t\t<\/div>\n\t\t\t\t\t<cite class=\"elementor-testimonial__cite\"><span class=\"elementor-testimonial__name\">Camilla O\u00b4Connor<\/span><span class=\"elementor-testimonial__title\">Line Producer Endemol Shine Finland Oy<\/span><\/cite>\t\t\t\t<\/div>\n\t\t\t\t\t\t<div class=\"elementor-testimonial__footer\">\n\t\t\t\t\t\t\t\t\t<div class=\"elementor-testimonial__image\">\n\t\t\t\t\t\t<img class=\"swiper-lazy\" data-src=\"https:\/\/filmityot.fi\/wp-content\/uploads\/2023\/03\/filmityo-camilla.jpg\" alt=\"Camilla O\u00b4Connor\">\n\t\t\t\t\t\t\t\t\t\t\t\t\t<div class=\"swiper-lazy-preloader\"><\/div>\n\t\t\t\t\t\t\t\t\t\t\t<\/div>\n\t\t\t\t\t\t\t\t\t\t\t<\/div>\n\t\t<\/div>\n\t\t\t\t\t\t\t\t<\/div>\n\t\t\t\t\t\t\t\t\t<\/div>\n\t\t\t\t\t\t\t\t\t\t\t\t\t\t\t\t\t\t\t\t<div class=\"swiper-pagination\"><\/div>\n\t\t\t\t\t\t\t\t\t\t\t\t<\/div>\n\t\t\t\t\t\t\t\t<\/div>\n\t\t\t\t\t<\/div>\n\t\t\t\t<\/div>\n\t\t\t\t<\/div>","protected":false},"excerpt":{"rendered":"<p>Kaksi tapaa hoitaa casting \u2013 itse tai ammattilaisen avulla \ud83e\udde9 Itsepalveluna Kun haluat hoitaa castingin itse \u2013 nopeasti, selke\u00e4sti ja ilman sitoumuksia.\u00a0 N\u00e4in se toimii Luo yritystili Julkaise keikkailmoituksia Selaa hakemuksia Etsi esiintyji\u00e4 Ole yhteydess\u00e4 esiintyjiin Luo yritystili \ud83c\udfaf roolituspalvelu Anna kokeneen roolittajamme hoitaa koko casting puolestasi \u2013 alusta valintaan.\u00a0Miten roolitus etenee\u00a0 Brieffaat tarpeen Me [&hellip;]<\/p>","protected":false},"author":1,"featured_media":0,"parent":0,"menu_order":0,"comment_status":"closed","ping_status":"closed","template":"","meta":{"_acf_changed":false,"footnotes":""},"class_list":["post-457","page","type-page","status-publish","hentry"],"acf":[],"_links":{"self":[{"href":"https:\/\/www.filmityot.fi\/en\/wp-json\/wp\/v2\/pages\/457","targetHints":{"allow":["GET"]}}],"collection":[{"href":"https:\/\/www.filmityot.fi\/en\/wp-json\/wp\/v2\/pages"}],"about":[{"href":"https:\/\/www.filmityot.fi\/en\/wp-json\/wp\/v2\/types\/page"}],"author":[{"embeddable":true,"href":"https:\/\/www.filmityot.fi\/en\/wp-json\/wp\/v2\/users\/1"}],"replies":[{"embeddable":true,"href":"https:\/\/www.filmityot.fi\/en\/wp-json\/wp\/v2\/comments?post=457"}],"version-history":[{"count":20,"href":"https:\/\/www.filmityot.fi\/en\/wp-json\/wp\/v2\/pages\/457\/revisions"}],"predecessor-version":[{"id":211989,"href":"https:\/\/www.filmityot.fi\/en\/wp-json\/wp\/v2\/pages\/457\/revisions\/211989"}],"wp:attachment":[{"href":"https:\/\/www.filmityot.fi\/en\/wp-json\/wp\/v2\/media?parent=457"}],"curies":[{"name":"wp","href":"https:\/\/api.w.org\/{rel}","templated":true}]}}