{"id":40447,"date":"2023-05-06T12:00:00","date_gmt":"2023-05-06T09:00:00","guid":{"rendered":"https:\/\/www.filmityot.fi\/?page_id=40447"},"modified":"2026-02-04T11:10:14","modified_gmt":"2026-02-04T09:10:14","slug":"vinkit-hyvaan-profiiliin","status":"publish","type":"page","link":"https:\/\/www.filmityot.fi\/en\/esiintyjille\/vinkit-hyvaan-profiiliin\/","title":{"rendered":"Vinkit hyv\u00e4\u00e4n profiiliin"},"content":{"rendered":"<div data-elementor-type=\"wp-page\" data-elementor-id=\"40447\" class=\"elementor elementor-40447\" data-elementor-post-type=\"page\">\n\t\t\t\t<div class=\"elementor-element elementor-element-22cc888 e-flex e-con-boxed e-con e-parent\" data-id=\"22cc888\" data-element_type=\"container\" data-e-type=\"container\" data-settings=\"{&quot;background_background&quot;:&quot;classic&quot;,&quot;jet_parallax_layout_list&quot;:[]}\">\n\t\t\t\t\t<div class=\"e-con-inner\">\n\t\t<div class=\"elementor-element elementor-element-3f3d83c e-con-full e-flex e-con e-child\" data-id=\"3f3d83c\" data-element_type=\"container\" data-e-type=\"container\" data-settings=\"{&quot;jet_parallax_layout_list&quot;:[]}\">\n\t\t\t\t<div class=\"elementor-element elementor-element-6c005ac elementor-widget elementor-widget-heading\" data-id=\"6c005ac\" data-element_type=\"widget\" data-e-type=\"widget\" data-widget_type=\"heading.default\">\n\t\t\t\t\t<h2 class=\"elementor-heading-title elementor-size-xxl\"><span>Vinkit<\/span> hyv\u00e4n profiiliin ja selftapen tekoon<\/h2>\t\t\t\t<\/div>\n\t\t\t\t<\/div>\n\t\t\t\t\t<\/div>\n\t\t\t\t<\/div>\n\t\t<div class=\"elementor-element elementor-element-252e8e6 e-flex e-con-boxed e-con e-parent\" data-id=\"252e8e6\" data-element_type=\"container\" data-e-type=\"container\" data-settings=\"{&quot;jet_parallax_layout_list&quot;:[]}\">\n\t\t\t\t\t<div class=\"e-con-inner\">\n\t\t\t\t<div class=\"elementor-element elementor-element-3c42f9e elementor-widget-divider--view-line elementor-widget elementor-widget-divider\" data-id=\"3c42f9e\" data-element_type=\"widget\" data-e-type=\"widget\" data-widget_type=\"divider.default\">\n\t\t\t\t\t\t\t<div class=\"elementor-divider\">\n\t\t\t<span class=\"elementor-divider-separator\">\n\t\t\t\t\t\t<\/span>\n\t\t<\/div>\n\t\t\t\t\t\t<\/div>\n\t\t\t\t<div class=\"elementor-element elementor-element-7f68c75 elementor-widget elementor-widget-image\" data-id=\"7f68c75\" data-element_type=\"widget\" data-e-type=\"widget\" data-widget_type=\"image.default\">\n\t\t\t\t\t\t\t\t\t\t\t\t\t\t\t<img decoding=\"async\" width=\"800\" height=\"277\" src=\"https:\/\/www.filmityot.fi\/wp-content\/uploads\/2026\/02\/Nayttokuva-2025-01-29-kello-6.08.01-1024x354.png\" class=\"attachment-large size-large wp-image-209076\" alt=\"\" srcset=\"https:\/\/www.filmityot.fi\/wp-content\/uploads\/2026\/02\/Nayttokuva-2025-01-29-kello-6.08.01-1024x354.png 1024w, https:\/\/www.filmityot.fi\/wp-content\/uploads\/2026\/02\/Nayttokuva-2025-01-29-kello-6.08.01-300x104.png 300w, https:\/\/www.filmityot.fi\/wp-content\/uploads\/2026\/02\/Nayttokuva-2025-01-29-kello-6.08.01-768x266.png 768w, https:\/\/www.filmityot.fi\/wp-content\/uploads\/2026\/02\/Nayttokuva-2025-01-29-kello-6.08.01-1536x532.png 1536w, https:\/\/www.filmityot.fi\/wp-content\/uploads\/2026\/02\/Nayttokuva-2025-01-29-kello-6.08.01-2048x709.png 2048w, https:\/\/www.filmityot.fi\/wp-content\/uploads\/2026\/02\/Nayttokuva-2025-01-29-kello-6.08.01-18x6.png 18w, https:\/\/www.filmityot.fi\/wp-content\/uploads\/2026\/02\/Nayttokuva-2025-01-29-kello-6.08.01-600x208.png 600w\" sizes=\"(max-width: 800px) 100vw, 800px\" \/>\t\t\t\t\t\t\t\t\t\t\t\t\t\t\t<\/div>\n\t\t\t\t\t<\/div>\n\t\t\t\t<\/div>\n\t\t<div class=\"elementor-element elementor-element-57afcf5 e-flex e-con-boxed e-con e-parent\" data-id=\"57afcf5\" data-element_type=\"container\" data-e-type=\"container\" data-settings=\"{&quot;jet_parallax_layout_list&quot;:[]}\">\n\t\t\t\t\t<div class=\"e-con-inner\">\n\t\t<div class=\"elementor-element elementor-element-f90b96d e-con-full e-flex e-con e-child\" data-id=\"f90b96d\" data-element_type=\"container\" data-e-type=\"container\" data-settings=\"{&quot;jet_parallax_layout_list&quot;:[]}\">\n\t\t\t\t<div class=\"elementor-element elementor-element-5b332ac elementor-widget elementor-widget-heading\" data-id=\"5b332ac\" data-element_type=\"widget\" data-e-type=\"widget\" data-widget_type=\"heading.default\">\n\t\t\t\t\t<h2 class=\"elementor-heading-title elementor-size-large\">1<span style=\"color:#E30613\">.<\/span> Profiilikuva on kriittisen t\u00e4rke\u00e4\n<\/h2>\t\t\t\t<\/div>\n\t\t\t\t<div class=\"elementor-element elementor-element-7410385 elementor-widget elementor-widget-text-editor\" data-id=\"7410385\" data-element_type=\"widget\" data-e-type=\"widget\" data-widget_type=\"text-editor.default\">\n\t\t\t\t\t\t\t\t\t<p>Kuvattomat profiilit eiv\u00e4t n\u00e4y tuottajien esiintyj\u00e4haussa joten niill\u00e4 ei k\u00e4yt\u00e4nn\u00f6ss\u00e4 ole mahdollisuuksia tulla valituksi.<\/p>\t\t\t\t\t\t\t\t<\/div>\n\t\t\t\t<\/div>\n\t\t<div class=\"elementor-element elementor-element-1621db4 e-con-full e-flex e-con e-child\" data-id=\"1621db4\" data-element_type=\"container\" data-e-type=\"container\" data-settings=\"{&quot;jet_parallax_layout_list&quot;:[]}\">\n\t\t\t\t<div class=\"elementor-element elementor-element-1711b75 elementor-widget elementor-widget-heading\" data-id=\"1711b75\" data-element_type=\"widget\" data-e-type=\"widget\" data-widget_type=\"heading.default\">\n\t\t\t\t\t<h2 class=\"elementor-heading-title elementor-size-large\">2<span style=\"color:#E30613\">.<\/span> Muut kuvat \u2013 t\u00e4ydenn\u00e4 profiilia useammilla kuvilla\n<\/h2>\t\t\t\t<\/div>\n\t\t<div class=\"elementor-element elementor-element-cb2cff5 e-con-full e-flex e-con e-child\" data-id=\"cb2cff5\" data-element_type=\"container\" data-e-type=\"container\" data-settings=\"{&quot;jet_parallax_layout_list&quot;:[]}\">\n\t\t\t\t<div class=\"elementor-element elementor-element-1bc420d elementor-widget__width-inherit elementor-widget elementor-widget-text-editor\" data-id=\"1bc420d\" data-element_type=\"widget\" data-e-type=\"widget\" data-widget_type=\"text-editor.default\">\n\t\t\t\t\t\t\t\t\t<p><strong>Hyv\u00e4t kuvat:<\/strong><\/p><ul><li>Olet kuvassa rentona, mielell\u00e4\u00e4n pieni hymy <\/li><li>V\u00e4rikuvia, mieluiten yksiv\u00e4rist\u00e4, rauhallista ja vaaleaa taustaa vasten kuvattuja<\/li><li>Hyv\u00e4 valo: pehme\u00e4, esim. ulkona tai luonnonvalo ikkunasta, ter\u00e4vi\u00e4 kuvia <\/li><li>Muista ottaa l\u00e4hikuva (kasvot ja ns. rintakuva), puolikuva (rajaus reisist\u00e4 poikki) sek\u00e4 kokovartalokuva.<\/li><\/ul>\t\t\t\t\t\t\t\t<\/div>\n\t\t\t\t<div class=\"elementor-element elementor-element-94a2341 elementor-widget__width-inherit elementor-widget elementor-widget-text-editor\" data-id=\"94a2341\" data-element_type=\"widget\" data-e-type=\"widget\" data-widget_type=\"text-editor.default\">\n\t\t\t\t\t\t\t\t\t<p><strong>V\u00e4lt\u00e4 n\u00e4it\u00e4:<\/strong><\/p><ul><li>Aurinkolasit tai hattu p\u00e4\u00e4ss\u00e4<\/li><li>Huivit<\/li><li>Kauneusefektit tai muut vahvat filtterit<\/li><li>Kaukaa otetut kuvat<\/li><li>H\u00e4m\u00e4r\u00e4ss\u00e4 otetut kuvat<\/li><\/ul>\t\t\t\t\t\t\t\t<\/div>\n\t\t\t\t<\/div>\n\t\t\t\t<div class=\"elementor-element elementor-element-3bedba7 elementor-widget elementor-widget-text-editor\" data-id=\"3bedba7\" data-element_type=\"widget\" data-e-type=\"widget\" data-widget_type=\"text-editor.default\">\n\t\t\t\t\t\t\t\t\t<p>Kuvien tulisi olla mahdollisimman tuoreita (ei mielell\u00e4\u00e4n yli vuoden vanhoja) niin ett\u00e4 ne aidosti vastaavat henkil\u00f6n olemusta ja karakt\u00e4\u00e4ri\u00e4.<\/p><p>Kuvissa saa n\u00e4ky\u00e4 persoonallisuus ja karisma. Hyv\u00e4t kuvat saa helposti p\u00e4iv\u00e4nvalossa, rauhallista taustaa vasten kuten vaaleat sein\u00e4pinnat tai vastaavat. Kuvamalleja kannattaa my\u00f6s katsoa esim. YouTubesta hakusanoilla: good selfie, self portrait ym.<\/p>\t\t\t\t\t\t\t\t<\/div>\n\t\t\t\t<\/div>\n\t\t<div class=\"elementor-element elementor-element-93ac9d2 e-con-full e-flex e-con e-child\" data-id=\"93ac9d2\" data-element_type=\"container\" data-e-type=\"container\" data-settings=\"{&quot;jet_parallax_layout_list&quot;:[]}\">\n\t\t\t\t<div class=\"elementor-element elementor-element-2f72a45 elementor-widget elementor-widget-heading\" data-id=\"2f72a45\" data-element_type=\"widget\" data-e-type=\"widget\" data-widget_type=\"heading.default\">\n\t\t\t\t\t<h2 class=\"elementor-heading-title elementor-size-large\">3<span style=\"color:#E30613\">.<\/span> T\u00e4ydenn\u00e4 profiilin muut tiedot\n<\/h2>\t\t\t\t<\/div>\n\t\t\t\t<div class=\"elementor-element elementor-element-4658757 elementor-widget elementor-widget-text-editor\" data-id=\"4658757\" data-element_type=\"widget\" data-e-type=\"widget\" data-widget_type=\"text-editor.default\">\n\t\t\t\t\t\t\t\t\t<p>Paras profiili on sellainen jossa on annettu kaikki kysytyt tiedot. Mit\u00e4 enemm\u00e4n tietoja annat itsest\u00e4si, sit\u00e4 paremmat mahdollisuudet sinulla on tulla valituksi keikkoihin.<\/p><p>T\u00e4ydenn\u00e4 tiedot huolella, kerro esiintyj\u00e4kokemuksesi ja muu olennainen. Jos sinulla on audio- tai showreelit, lis\u00e4\u00e4 niidet YouTube-\/Vimeo-\/Soundcloud-linkit profiilisi. Kaikki n\u00e4m\u00e4 helpottavat tuottajien valintaty\u00f6t\u00e4.<\/p>\t\t\t\t\t\t\t\t<\/div>\n\t\t\t\t<\/div>\n\t\t<div class=\"elementor-element elementor-element-ad03e58 e-con-full e-flex e-con e-child\" data-id=\"ad03e58\" data-element_type=\"container\" data-e-type=\"container\" data-settings=\"{&quot;jet_parallax_layout_list&quot;:[]}\">\n\t\t\t\t<div class=\"elementor-element elementor-element-9f0c103 elementor-widget elementor-widget-heading\" data-id=\"9f0c103\" data-element_type=\"widget\" data-e-type=\"widget\" data-widget_type=\"heading.default\">\n\t\t\t\t\t<h2 class=\"elementor-heading-title elementor-size-large\">4<span style=\"color:#E30613\">.<\/span> Profiilisi yksityisyys\n<\/h2>\t\t\t\t<\/div>\n\t\t\t\t<div class=\"elementor-element elementor-element-4827daf elementor-widget elementor-widget-text-editor\" data-id=\"4827daf\" data-element_type=\"widget\" data-e-type=\"widget\" data-widget_type=\"text-editor.default\">\n\t\t\t\t\t\t\t\t\t<p>Profiilit ovat l\u00e4ht\u00f6kohtaisesti avoimia kuvien ja yleiskuvauksen osalta. Voit piilottaa profiilisi hakutuloksista ja kaikille avoimesta esiintyj\u00e4listauksesta oman profiilisi yksityisyysasetuksista. Yhteystiedot eiv\u00e4t n\u00e4y muille esiintyjille tai palvelun selaajille.<\/p><p>Profiilin kaikki tiedot n\u00e4kyv\u00e4t tuottajille eli keikkailmoituksien julkaisijoille, jotka esiintyji\u00e4 etsiv\u00e4t. Profiilin tiedot n\u00e4kyv\u00e4t my\u00f6s tuottajille vaikka olisit piilottanut profiilisi hakutuloksista ja esiintyj\u00e4listauksista.<\/p>\t\t\t\t\t\t\t\t<\/div>\n\t\t\t\t<\/div>\n\t\t\t\t\t<\/div>\n\t\t\t\t<\/div>\n\t\t<div class=\"elementor-element elementor-element-8d1e840 e-flex e-con-boxed e-con e-parent\" data-id=\"8d1e840\" data-element_type=\"container\" data-e-type=\"container\" data-settings=\"{&quot;jet_parallax_layout_list&quot;:[]}\">\n\t\t\t\t\t<div class=\"e-con-inner\">\n\t\t\t\t\t<\/div>\n\t\t\t\t<\/div>\n\t\t<div class=\"elementor-element elementor-element-8f62cd5 e-flex e-con-boxed e-con e-parent\" data-id=\"8f62cd5\" data-element_type=\"container\" data-e-type=\"container\" data-settings=\"{&quot;jet_parallax_layout_list&quot;:[]}\">\n\t\t\t\t\t<div class=\"e-con-inner\">\n\t\t<div class=\"elementor-element elementor-element-f3e9ed8 e-con-full e-flex e-con e-child\" data-id=\"f3e9ed8\" data-element_type=\"container\" data-e-type=\"container\" data-settings=\"{&quot;jet_parallax_layout_list&quot;:[]}\">\n\t\t\t\t<div class=\"elementor-element elementor-element-9898ea7 elementor-widget elementor-widget-text-editor\" data-id=\"9898ea7\" data-element_type=\"widget\" data-e-type=\"widget\" data-widget_type=\"text-editor.default\">\n\t\t\t\t\t\t\t\t\t<h3 data-start=\"668\" data-end=\"693\">1. Kuvaus &amp; tekniikka<\/h3><ul data-start=\"694\" data-end=\"1019\"><li data-start=\"694\" data-end=\"767\"><p data-start=\"696\" data-end=\"767\">Kuvaa puhelimella tai kameralla \u2013 kuvan ei tarvitse olla \u201celokuvatasoa\u201d<\/p><\/li><li data-start=\"768\" data-end=\"831\"><p data-start=\"770\" data-end=\"831\">Hyv\u00e4, tasainen valo kasvoille (ikkuna toimii usein parhaiten)<\/p><\/li><li data-start=\"832\" data-end=\"858\"><p data-start=\"834\" data-end=\"858\">Kuvaa <strong data-start=\"840\" data-end=\"858\">vaakasuunnassa<\/strong><\/p><\/li><li data-start=\"859\" data-end=\"910\"><p data-start=\"861\" data-end=\"910\">Kamera silmien tasolle tai hieman sen alapuolelle<\/p><\/li><li data-start=\"911\" data-end=\"951\"><p data-start=\"913\" data-end=\"951\">Rauhallinen tausta, ei h\u00e4iri\u00f6tekij\u00f6it\u00e4<\/p><\/li><li data-start=\"952\" data-end=\"1019\"><p data-start=\"954\" data-end=\"1019\">Pid\u00e4 kokonaisuus yksinkertaisena \u2013 sis\u00e4lt\u00f6 ratkaisee, ei kikkailu<\/p><\/li><\/ul><h3 data-start=\"1021\" data-end=\"1038\">2. Kuvarajaus<\/h3><ul data-start=\"1039\" data-end=\"1168\"><li data-start=\"1039\" data-end=\"1066\"><p data-start=\"1041\" data-end=\"1066\">Puolil\u00e4hikuva (rinta\u2013p\u00e4\u00e4)<\/p><\/li><li data-start=\"1067\" data-end=\"1105\"><p data-start=\"1069\" data-end=\"1105\">Kasvot koko ajan selke\u00e4sti n\u00e4kyviss\u00e4<\/p><\/li><li data-start=\"1106\" data-end=\"1168\"><p data-start=\"1108\" data-end=\"1168\">Katse kameraan tai hieman ohi (ik\u00e4\u00e4n kuin vastan\u00e4yttelij\u00e4\u00e4n)<\/p><\/li><\/ul><h3 data-start=\"1170\" data-end=\"1205\">3. Esittelyvideo (max. 30\u201345 s)<\/h3><p data-start=\"1206\" data-end=\"1221\">Kerro lyhyesti:<\/p><ul data-start=\"1222\" data-end=\"1320\"><li data-start=\"1222\" data-end=\"1230\"><p data-start=\"1224\" data-end=\"1230\">nimesi<\/p><\/li><li data-start=\"1231\" data-end=\"1243\"><p data-start=\"1233\" data-end=\"1243\">miss\u00e4 asut<\/p><\/li><li data-start=\"1244\" data-end=\"1286\"><p data-start=\"1246\" data-end=\"1286\">mit\u00e4 teet \/ mink\u00e4 tyyppisi\u00e4 rooleja haet<\/p><\/li><li data-start=\"1287\" data-end=\"1320\"><p data-start=\"1289\" data-end=\"1320\">olennaisin kokemus tai koulutus<\/p><\/li><\/ul><p data-start=\"1322\" data-end=\"1426\">\ud83d\udc49 Ik\u00e4\u00e4 ei tarvitse mainita, ellei sit\u00e4 erikseen pyydet\u00e4.<br data-start=\"1379\" data-end=\"1382\" \/>Lopuksi voit n\u00e4ytt\u00e4\u00e4 sivuprofiilit nopeasti.<\/p><h3 data-start=\"1428\" data-end=\"1464\">4. N\u00e4yttelij\u00e4-\/esiintymisteht\u00e4v\u00e4<\/h3><ul data-start=\"1465\" data-end=\"1693\"><li data-start=\"1465\" data-end=\"1525\"><p data-start=\"1467\" data-end=\"1525\">Keskity <strong data-start=\"1475\" data-end=\"1503\">tunteisiin ja l\u00e4sn\u00e4oloon<\/strong>, ei ylin\u00e4yttelemiseen<\/p><\/li><li data-start=\"1526\" data-end=\"1575\"><p data-start=\"1528\" data-end=\"1575\">K\u00e4yt\u00e4 omia kokemuksia tai kuviteltua tilannetta<\/p><\/li><li data-start=\"1576\" data-end=\"1649\"><p data-start=\"1578\" data-end=\"1649\">Anna tunnetilan muuttua videon aikana (esim. j\u00e4nnitys \u2192 helpotus \u2192 ilo)<\/p><\/li><li data-start=\"1650\" data-end=\"1693\"><p data-start=\"1652\" data-end=\"1693\">Pid\u00e4 ilmaisu luonnollisena ja uskottavana<\/p><\/li><\/ul><p data-start=\"1695\" data-end=\"1748\">Kesto yleens\u00e4 1\u20132 minuuttia, ellei toisin ohjeisteta.<\/p><h3 data-start=\"1750\" data-end=\"1769\">5. \u00c4\u00e4ni &amp; kieli<\/h3><ul data-start=\"1770\" data-end=\"1897\"><li data-start=\"1770\" data-end=\"1801\"><p data-start=\"1772\" data-end=\"1801\">Puhdas \u00e4\u00e4ni ilman taustah\u00e4ly\u00e4<\/p><\/li><li data-start=\"1802\" data-end=\"1851\"><p data-start=\"1804\" data-end=\"1851\">K\u00e4yt\u00e4 sit\u00e4 kielt\u00e4, jolla ilmaisu on luontevinta<\/p><\/li><li data-start=\"1852\" data-end=\"1897\"><p data-start=\"1854\" data-end=\"1897\">Jos repliikkej\u00e4 ei pyydet\u00e4, \u00e4l\u00e4 lis\u00e4\u00e4 niit\u00e4<\/p><\/li><\/ul><h3 data-start=\"1899\" data-end=\"1931\">6. Valokuvat (jos pyydet\u00e4\u00e4n)<\/h3><p data-start=\"1932\" data-end=\"1948\">Yleens\u00e4 riitt\u00e4\u00e4:<\/p><ul data-start=\"1949\" data-end=\"2032\"><li data-start=\"1949\" data-end=\"1977\"><p data-start=\"1951\" data-end=\"1977\">kasvokuva (neutraali ilme)<\/p><\/li><li data-start=\"1978\" data-end=\"1999\"><p data-start=\"1980\" data-end=\"1999\">kasvokuva hymyillen<\/p><\/li><li data-start=\"2000\" data-end=\"2017\"><p data-start=\"2002\" data-end=\"2017\">kokovartalokuva<\/p><\/li><li data-start=\"2018\" data-end=\"2032\"><p data-start=\"2020\" data-end=\"2032\">sivuprofiili<\/p><\/li><\/ul><p data-start=\"2034\" data-end=\"2100\">Kuvien ei tarvitse olla studiokuvia \u2013 ajantasaisuus on t\u00e4rke\u00e4mp\u00e4\u00e4.<\/p><h3 data-start=\"2102\" data-end=\"2129\">7. Tiedostot &amp; palautus<\/h3><ul data-start=\"2130\" data-end=\"2302\"><li data-start=\"2130\" data-end=\"2193\"><p data-start=\"2132\" data-end=\"2193\">Nime\u00e4 tiedostot selke\u00e4sti (esim. <em data-start=\"2165\" data-end=\"2192\">Etunimi_Sukunimi_Esittely<\/em>)<\/p><\/li><li data-start=\"2194\" data-end=\"2247\"><p data-start=\"2196\" data-end=\"2247\">L\u00e4het\u00e4 videot ja kuvat ohjeen mukaisesti ja ajoissa<\/p><\/li><li data-start=\"2248\" data-end=\"2302\"><p data-start=\"2250\" data-end=\"2302\">Yksi hyv\u00e4 otto riitt\u00e4\u00e4 \u2013 t\u00e4ydellisyys ei ole tavoite<\/p><\/li><\/ul><hr data-start=\"2304\" data-end=\"2307\" \/>\t\t\t\t\t\t\t\t<\/div>\n\t\t<div class=\"elementor-element elementor-element-62cc404 e-con-full e-flex e-con e-child\" data-id=\"62cc404\" data-element_type=\"container\" data-e-type=\"container\" data-settings=\"{&quot;jet_parallax_layout_list&quot;:[]}\">\n\t\t\t\t<\/div>\n\t\t\t\t<\/div>\n\t\t<div class=\"elementor-element elementor-element-6d469c4 e-con-full e-flex e-con e-child\" data-id=\"6d469c4\" data-element_type=\"container\" data-e-type=\"container\" data-settings=\"{&quot;jet_parallax_layout_list&quot;:[]}\">\n\t\t\t\t<div class=\"elementor-element elementor-element-0b423c8 elementor-widget elementor-widget-image\" data-id=\"0b423c8\" data-element_type=\"widget\" data-e-type=\"widget\" data-widget_type=\"image.default\">\n\t\t\t\t\t\t\t\t\t\t\t\t\t\t\t<img decoding=\"async\" src=\"https:\/\/www.filmityot.fi\/wp-content\/uploads\/2026\/02\/ChatGPT-Image-1.2.2026-klo-20.31.11.png\" title=\"\" alt=\"\" loading=\"lazy\" \/>\t\t\t\t\t\t\t\t\t\t\t\t\t\t\t<\/div>\n\t\t\t\t<div class=\"elementor-element elementor-element-a609bdd elementor-widget elementor-widget-image\" data-id=\"a609bdd\" data-element_type=\"widget\" data-e-type=\"widget\" data-widget_type=\"image.default\">\n\t\t\t\t\t\t\t\t\t\t\t\t\t\t\t<img decoding=\"async\" width=\"683\" height=\"1024\" src=\"https:\/\/www.filmityot.fi\/wp-content\/uploads\/2026\/02\/anita-austvika-oJT1Ke61-jc-unsplash-683x1024.jpg\" class=\"attachment-large size-large wp-image-209110\" alt=\"\" srcset=\"https:\/\/www.filmityot.fi\/wp-content\/uploads\/2026\/02\/anita-austvika-oJT1Ke61-jc-unsplash-683x1024.jpg 683w, https:\/\/www.filmityot.fi\/wp-content\/uploads\/2026\/02\/anita-austvika-oJT1Ke61-jc-unsplash-200x300.jpg 200w, https:\/\/www.filmityot.fi\/wp-content\/uploads\/2026\/02\/anita-austvika-oJT1Ke61-jc-unsplash-768x1152.jpg 768w, https:\/\/www.filmityot.fi\/wp-content\/uploads\/2026\/02\/anita-austvika-oJT1Ke61-jc-unsplash-1024x1536.jpg 1024w, https:\/\/www.filmityot.fi\/wp-content\/uploads\/2026\/02\/anita-austvika-oJT1Ke61-jc-unsplash-1365x2048.jpg 1365w, https:\/\/www.filmityot.fi\/wp-content\/uploads\/2026\/02\/anita-austvika-oJT1Ke61-jc-unsplash-8x12.jpg 8w, https:\/\/www.filmityot.fi\/wp-content\/uploads\/2026\/02\/anita-austvika-oJT1Ke61-jc-unsplash-600x900.jpg 600w, https:\/\/www.filmityot.fi\/wp-content\/uploads\/2026\/02\/anita-austvika-oJT1Ke61-jc-unsplash-scaled.jpg 1707w\" sizes=\"(max-width: 683px) 100vw, 683px\" \/>\t\t\t\t\t\t\t\t\t\t\t\t\t\t\t<\/div>\n\t\t\t\t<\/div>\n\t\t\t\t\t<\/div>\n\t\t\t\t<\/div>\n\t\t\t\t<\/div>","protected":false},"excerpt":{"rendered":"<p>Vinkit hyv\u00e4n profiiliin ja selftapen tekoon 1. Profiilikuva on kriittisen t\u00e4rke\u00e4 Kuvattomat profiilit eiv\u00e4t n\u00e4y tuottajien esiintyj\u00e4haussa joten niill\u00e4 ei k\u00e4yt\u00e4nn\u00f6ss\u00e4 ole mahdollisuuksia tulla valituksi. 2. Muut kuvat \u2013 t\u00e4ydenn\u00e4 profiilia useammilla kuvilla Hyv\u00e4t kuvat: Olet kuvassa rentona, mielell\u00e4\u00e4n pieni hymy V\u00e4rikuvia, mieluiten yksiv\u00e4rist\u00e4, rauhallista ja vaaleaa taustaa vasten kuvattuja Hyv\u00e4 valo: pehme\u00e4, esim. ulkona [&hellip;]<\/p>","protected":false},"author":1,"featured_media":0,"parent":197,"menu_order":0,"comment_status":"closed","ping_status":"closed","template":"","meta":{"_acf_changed":false,"footnotes":""},"class_list":["post-40447","page","type-page","status-publish","hentry"],"acf":[],"_links":{"self":[{"href":"https:\/\/www.filmityot.fi\/en\/wp-json\/wp\/v2\/pages\/40447","targetHints":{"allow":["GET"]}}],"collection":[{"href":"https:\/\/www.filmityot.fi\/en\/wp-json\/wp\/v2\/pages"}],"about":[{"href":"https:\/\/www.filmityot.fi\/en\/wp-json\/wp\/v2\/types\/page"}],"author":[{"embeddable":true,"href":"https:\/\/www.filmityot.fi\/en\/wp-json\/wp\/v2\/users\/1"}],"replies":[{"embeddable":true,"href":"https:\/\/www.filmityot.fi\/en\/wp-json\/wp\/v2\/comments?post=40447"}],"version-history":[{"count":20,"href":"https:\/\/www.filmityot.fi\/en\/wp-json\/wp\/v2\/pages\/40447\/revisions"}],"predecessor-version":[{"id":209689,"href":"https:\/\/www.filmityot.fi\/en\/wp-json\/wp\/v2\/pages\/40447\/revisions\/209689"}],"up":[{"embeddable":true,"href":"https:\/\/www.filmityot.fi\/en\/wp-json\/wp\/v2\/pages\/197"}],"wp:attachment":[{"href":"https:\/\/www.filmityot.fi\/en\/wp-json\/wp\/v2\/media?parent=40447"}],"curies":[{"name":"wp","href":"https:\/\/api.w.org\/{rel}","templated":true}]}}