{"id":312,"date":"2023-01-22T18:16:54","date_gmt":"2023-01-22T16:16:54","guid":{"rendered":"https:\/\/filmityot.fi\/?page_id=312"},"modified":"2025-01-22T20:37:08","modified_gmt":"2025-01-22T18:37:08","slug":"rekisteroidy-esiintyjaksi","status":"publish","type":"page","link":"https:\/\/www.filmityot.fi\/en\/esiintyjille\/rekisteroidy-esiintyjaksi\/","title":{"rendered":"Rekister\u00f6idy esiintyj\u00e4ksi"},"content":{"rendered":"<div data-elementor-type=\"wp-page\" data-elementor-id=\"312\" class=\"elementor elementor-312\" data-elementor-post-type=\"page\">\n\t\t\t\t<div class=\"elementor-element elementor-element-f197739 e-flex e-con-boxed e-con e-parent\" data-id=\"f197739\" data-element_type=\"container\" data-e-type=\"container\" data-settings=\"{&quot;jet_parallax_layout_list&quot;:[]}\">\n\t\t\t\t\t<div class=\"e-con-inner\">\n\t\t\t\t<div class=\"elementor-element elementor-element-2857fcd elementor-widget elementor-widget-heading\" data-id=\"2857fcd\" data-element_type=\"widget\" data-e-type=\"widget\" data-widget_type=\"heading.default\">\n\t\t\t\t\t<h1 class=\"elementor-heading-title elementor-size-xxl\">REKISTER\u00d6IDY esiintyj\u00e4ksi, T\u00c4ST\u00c4 ALKAA MATKASI <span>T\u00c4HTEYTEEN<\/span>!<\/h1>\t\t\t\t<\/div>\n\t\t\t\t<div class=\"elementor-element elementor-element-c6c39ed elementor-widget elementor-widget-text-editor\" data-id=\"c6c39ed\" data-element_type=\"widget\" data-e-type=\"widget\" data-widget_type=\"text-editor.default\">\n\t\t\t\t\t\t\t\t\t<p>Rekister\u00f6idy, tee profiilistasi houkutteleva: se on reittisi mielenkiintoisiin esiintymiskekkoihin!<\/p><p>K\u00e4ytt\u00e4j\u00e4tilisi on k\u00e4yt\u00f6ss\u00e4\u00a0 heti ja voit hakea keikkoja samantien. Muistathan t\u00e4ytt\u00e4\u00e4 profiilisi huolella, lis\u00e4t\u00e4 v\u00e4hint\u00e4\u00e4n yhden kuvan ja laittaa my\u00f6s henkil\u00f6kohtaiset tietosi, kokemuksesi jne.<\/p>\t\t\t\t\t\t\t\t<\/div>\n\t\t\t\t<div class=\"elementor-element elementor-element-64f9c6f elementor-widget elementor-widget-heading\" data-id=\"64f9c6f\" data-element_type=\"widget\" data-e-type=\"widget\" data-widget_type=\"heading.default\">\n\t\t\t\t\t<h2 class=\"elementor-heading-title elementor-size-default\"><a href=\"https:\/\/www.filmityot.fi\/en\/roolittajille\/rekisteroidy-roolittajaksi\/\" target=\"_blank\" rel=\"noopener\">Oletko tuottaja tai roolittaja? <span><u>Rekister\u00f6i yrityksesi<\/u><\/span><\/a><\/h2>\t\t\t\t<\/div>\n\t\t\t\t<div class=\"elementor-element elementor-element-c9eae66 elementor-widget-divider--view-line elementor-widget elementor-widget-divider\" data-id=\"c9eae66\" data-element_type=\"widget\" data-e-type=\"widget\" data-widget_type=\"divider.default\">\n\t\t\t\t\t\t\t<div class=\"elementor-divider\">\n\t\t\t<span class=\"elementor-divider-separator\">\n\t\t\t\t\t\t<\/span>\n\t\t<\/div>\n\t\t\t\t\t\t<\/div>\n\t\t\t\t<div class=\"elementor-element elementor-element-6a1c469 jedv-enabled--yes elementor-widget elementor-widget-wpforms\" data-id=\"6a1c469\" data-element_type=\"widget\" data-e-type=\"widget\" data-widget_type=\"wpforms.default\">\n\t\t\t\t<div class=\"elementor-widget-container\">\n\t\t\t\t\t<div class=\"wpforms-container wpforms-container-full\" id=\"wpforms-342\"><form id=\"wpforms-form-342\" class=\"wpforms-validate wpforms-form\" data-formid=\"342\" method=\"post\" enctype=\"multipart\/form-data\" action=\"\/en\/wp-json\/wp\/v2\/pages\/312\" data-token=\"bff71ff807e47ab4b65e5e2d230c9482\" data-token-time=\"1777378739\" data-etm-original-action=\"\/en\/wp-json\/wp\/v2\/pages\/312\"><noscript class=\"wpforms-error-noscript\">Please enable JavaScript in your browser to complete this form.<\/noscript><div class=\"wpforms-field-container\"><div id=\"wpforms-342-field_2-container\" class=\"wpforms-field wpforms-field-text\" data-field-id=\"2\"><label class=\"wpforms-field-label\" for=\"wpforms-342-field_2\">K\u00e4ytt\u00e4j\u00e4tunnus <span class=\"wpforms-required-label\">*<\/span><\/label><input type=\"text\" id=\"wpforms-342-field_2\" class=\"wpforms-field-large wpforms-field-required wpforms-masked-input\" data-rule-inputmask-incomplete=\"1\" data-inputmask-mask=\"[*{0,35}][-][_][*{0,35}]\" name=\"wpforms[fields][2]\" required><div class=\"wpforms-field-description\">k\u00e4ytet\u00e4\u00e4n kirjautumisessa ja profiilin osoitteena, \u00e4l\u00e4 k\u00e4yt\u00e4 \u00e4\u00e4kk\u00f6si\u00e4 tai v\u00e4lily\u00f6ntej\u00e4<\/div><\/div><div id=\"wpforms-342-field_3-container\" class=\"wpforms-field wpforms-field-email\" data-field-id=\"3\"><label class=\"wpforms-field-label\" for=\"wpforms-342-field_3\">S\u00e4hk\u00f6posti <span class=\"wpforms-required-label\">*<\/span><\/label><input type=\"email\" id=\"wpforms-342-field_3\" class=\"wpforms-field-large wpforms-field-required\" name=\"wpforms[fields][3]\" spellcheck=\"false\" required><\/div><div id=\"wpforms-342-field_4-container\" class=\"wpforms-field wpforms-field-password\" data-field-id=\"4\"><label class=\"wpforms-field-label\" for=\"wpforms-342-field_4\">Salasana <span class=\"wpforms-required-label\">*<\/span><\/label><div class=\"wpforms-field-row wpforms-field-large\"><div class=\"wpforms-field-row-block wpforms-one-half wpforms-first\"><input type=\"password\" id=\"wpforms-342-field_4\" class=\"wpforms-field-required wpforms-field-password-primary\" name=\"wpforms[fields][4][primary]\" placeholder=\"Salasana\" spellcheck=\"false\" required><label for=\"wpforms-342-field_4\" class=\"wpforms-field-sublabel after wpforms-sublabel-hide\">Password<\/label><\/div><div class=\"wpforms-field-row-block wpforms-one-half\"><input type=\"password\" id=\"wpforms-342-field_4-secondary\" class=\"wpforms-field-password-secondary wpforms-field-required\" data-rule-confirm=\"#wpforms-342-field_4\" name=\"wpforms[fields][4][secondary]\" placeholder=\"Salasana uudelleen\" spellcheck=\"false\" required><label for=\"wpforms-342-field_4-secondary\" class=\"wpforms-field-sublabel after wpforms-sublabel-hide\">Confirm Password<\/label><\/div><\/div><\/div><div id=\"wpforms-342-field_6-container\" class=\"wpforms-field wpforms-field-checkbox\" data-field-id=\"6\"><label class=\"wpforms-field-label\">Tietojenk\u00e4sittely <span class=\"wpforms-required-label\">*<\/span><\/label><ul id=\"wpforms-342-field_6\" class=\"wpforms-field-required\"><li class=\"choice-1 depth-1\"><input type=\"checkbox\" id=\"wpforms-342-field_6_1\" name=\"wpforms[fields][6][]\" value=\"Suostun tietojeni k\u00e4sittelyyn palvelun &lt;a href=&quot;https:\/\/filmityot.fi\/tietosuojaseloste\/&quot; target=&quot;_blank&quot;&gt;tietosuojaselosteen&lt;\/a&gt; mukaisesti\" required><label class=\"wpforms-field-label-inline\" for=\"wpforms-342-field_6_1\">Suostun tietojeni k\u00e4sittelyyn palvelun <a href=\"https:\/\/www.filmityot.fi\/en\/tietosuojaseloste\/\" target=\"_blank\" rel=\"noopener\">tietosuojaselosteen<\/a> mukaisesti<\/label><\/li><\/ul><\/div><div id=\"wpforms-342-field_7-container\" class=\"wpforms-field wpforms-field-checkbox\" data-field-id=\"7\"><label class=\"wpforms-field-label\">K\u00e4ytt\u00f6ehdot <span class=\"wpforms-required-label\">*<\/span><\/label><ul id=\"wpforms-342-field_7\" class=\"wpforms-field-required\"><li class=\"choice-1 depth-1\"><input type=\"checkbox\" id=\"wpforms-342-field_7_1\" name=\"wpforms[fields][7][]\" value=\"Hyv\u00e4ksyn palvelun &lt;a href=&quot;https:\/\/filmityot.fi\/kayttoehdot\/&quot; target=&quot;_blank&quot;&gt;k\u00e4ytt\u00f6ehdot&lt;\/a&gt;\" required><label class=\"wpforms-field-label-inline\" for=\"wpforms-342-field_7_1\">Hyv\u00e4ksyn palvelun <a href=\"https:\/\/www.filmityot.fi\/en\/kayttoehdot\/\" target=\"_blank\" rel=\"noopener\">k\u00e4ytt\u00f6ehdot<\/a><\/label><\/li><\/ul><\/div><div id=\"wpforms-342-field_9-container\" class=\"wpforms-field wpforms-field-checkbox\" data-field-id=\"9\"><label class=\"wpforms-field-label\">Kuvieni k\u00e4ytt\u00f6 markkinoinnnissa<\/label><ul id=\"wpforms-342-field_9\"><li class=\"choice-1 depth-1\"><input type=\"checkbox\" id=\"wpforms-342-field_9_1\" name=\"wpforms[fields][9][]\" value=\"Hyv\u00e4ksyn filmity\u00f6t.fi palveluun lataamieni kuvien k\u00e4yt\u00f6n filmity\u00f6t.fi -palvelun omassa markkinoinnissa internetiss\u00e4, sosiaalisessa mediassa ja s\u00e4hk\u00f6postimarkkinoinnissa.\"  ><label class=\"wpforms-field-label-inline\" for=\"wpforms-342-field_9_1\">Hyv\u00e4ksyn filmity\u00f6t.fi palveluun lataamieni kuvien k\u00e4yt\u00f6n filmity\u00f6t.fi -palvelun omassa markkinoinnissa internetiss\u00e4, sosiaalisessa mediassa ja s\u00e4hk\u00f6postimarkkinoinnissa.<\/label><\/li><\/ul><\/div><div id=\"wpforms-342-field_8-container\" class=\"wpforms-field wpforms-field-hidden\" data-field-id=\"8\"><input type=\"hidden\" id=\"wpforms-342-field_8\" name=\"wpforms[fields][8]\" value=\"no\"><\/div><\/div><!-- .wpforms-field-container --><div class=\"wpforms-submit-container\" ><input type=\"hidden\" name=\"wpforms[id]\" value=\"342\"><input type=\"hidden\" name=\"page_title\" value=\"\"><input type=\"hidden\" name=\"page_url\" value=\"https:\/\/www.filmityot.fi\/en\/wp-json\/wp\/v2\/pages\/312\"><input type=\"hidden\" name=\"url_referer\" value=\"\"><button type=\"submit\" name=\"wpforms[submit]\" id=\"wpforms-submit-342\" class=\"wpforms-submit\" data-alt-text=\"Rekister\u00f6idyt\u00e4\u00e4n ...\" data-submit-text=\"Rekister\u00f6idy esiintyj\u00e4ksi\" aria-live=\"assertive\" value=\"wpforms-submit\">Rekister\u00f6idy esiintyj\u00e4ksi<\/button><\/div><input type=\"hidden\" name=\"etm-form-language\" value=\"en\"\/><\/form><\/div>  <!-- .wpforms-container -->\t\t\t\t<\/div>\n\t\t\t\t<\/div>\n\t\t\t\t<div class=\"elementor-element elementor-element-23cea28 elementor-widget elementor-widget-html\" data-id=\"23cea28\" data-element_type=\"widget\" data-e-type=\"widget\" data-widget_type=\"html.default\">\n\t\t\t\t\t<script type=\"text\/javascript\">\n\tdocument.addEventListener('DOMContentLoaded', function() {\n    var form = document.querySelector('#wpforms-form-342'); \/\/ Replace 123 with your form ID\n    if (form) {\n        form.addEventListener('submit', function() {\n            \/\/ Define the event parameters\n            var eventParams = {\n                event_category: 'register_esiintyja',\n                event_label: 'register_esiintyja'\n            };\n\n            \/\/ Send the event to GA4\n            gtag('event', 'user_registration', eventParams);\n        });\n    }\n});\n\n<\/script>\t\t\t\t<\/div>\n\t\t\t\t\t<\/div>\n\t\t\t\t<\/div>\n\t\t\t\t<\/div>","protected":false},"excerpt":{"rendered":"<p>REKISTER\u00d6IDY esiintyj\u00e4ksi, T\u00c4ST\u00c4 ALKAA MATKASI T\u00c4HTEYTEEN! Rekister\u00f6idy, tee profiilistasi houkutteleva: se on reittisi mielenkiintoisiin esiintymiskekkoihin! K\u00e4ytt\u00e4j\u00e4tilisi on k\u00e4yt\u00f6ss\u00e4\u00a0 heti ja voit hakea keikkoja samantien. Muistathan t\u00e4ytt\u00e4\u00e4 profiilisi huolella, lis\u00e4t\u00e4 v\u00e4hint\u00e4\u00e4n yhden kuvan ja laittaa my\u00f6s henkil\u00f6kohtaiset tietosi, kokemuksesi jne. Oletko tuottaja tai roolittaja? Rekister\u00f6i yrityksesi Please enable JavaScript in your browser to complete this form.K\u00e4ytt\u00e4j\u00e4tunnus [&hellip;]<\/p>","protected":false},"author":1,"featured_media":0,"parent":197,"menu_order":0,"comment_status":"closed","ping_status":"closed","template":"","meta":{"_acf_changed":false,"footnotes":""},"class_list":["post-312","page","type-page","status-publish","hentry"],"acf":[],"_links":{"self":[{"href":"https:\/\/www.filmityot.fi\/en\/wp-json\/wp\/v2\/pages\/312","targetHints":{"allow":["GET"]}}],"collection":[{"href":"https:\/\/www.filmityot.fi\/en\/wp-json\/wp\/v2\/pages"}],"about":[{"href":"https:\/\/www.filmityot.fi\/en\/wp-json\/wp\/v2\/types\/page"}],"author":[{"embeddable":true,"href":"https:\/\/www.filmityot.fi\/en\/wp-json\/wp\/v2\/users\/1"}],"replies":[{"embeddable":true,"href":"https:\/\/www.filmityot.fi\/en\/wp-json\/wp\/v2\/comments?post=312"}],"version-history":[{"count":0,"href":"https:\/\/www.filmityot.fi\/en\/wp-json\/wp\/v2\/pages\/312\/revisions"}],"up":[{"embeddable":true,"href":"https:\/\/www.filmityot.fi\/en\/wp-json\/wp\/v2\/pages\/197"}],"wp:attachment":[{"href":"https:\/\/www.filmityot.fi\/en\/wp-json\/wp\/v2\/media?parent=312"}],"curies":[{"name":"wp","href":"https:\/\/api.w.org\/{rel}","templated":true}]}}