{"id":3013,"date":"2023-03-10T15:44:57","date_gmt":"2023-03-10T13:44:57","guid":{"rendered":"https:\/\/filmityot.fi\/?page_id=3013"},"modified":"2026-02-10T13:03:03","modified_gmt":"2026-02-10T11:03:03","slug":"studioyleiso","status":"publish","type":"page","link":"https:\/\/www.filmityot.fi\/en\/palvelut\/studioyleiso\/","title":{"rendered":"Studioyleis\u00f6"},"content":{"rendered":"<div data-elementor-type=\"wp-page\" data-elementor-id=\"3013\" class=\"elementor elementor-3013\" data-elementor-post-type=\"page\">\n\t\t\t\t<div class=\"elementor-element elementor-element-8a23a07 e-flex e-con-boxed e-con e-parent\" data-id=\"8a23a07\" data-element_type=\"container\" data-e-type=\"container\" data-settings=\"{&quot;background_background&quot;:&quot;classic&quot;,&quot;jet_parallax_layout_list&quot;:[]}\">\n\t\t\t\t\t<div class=\"e-con-inner\">\n\t\t<div class=\"elementor-element elementor-element-6e04b0a e-con-full e-flex e-con e-child\" data-id=\"6e04b0a\" data-element_type=\"container\" data-e-type=\"container\" data-settings=\"{&quot;jet_parallax_layout_list&quot;:[]}\">\n\t\t\t\t<div class=\"elementor-element elementor-element-928c537 elementor-align-center elementor-widget elementor-widget-button\" data-id=\"928c537\" data-element_type=\"widget\" data-e-type=\"widget\" data-widget_type=\"button.default\">\n\t\t\t\t\t\t\t\t\t\t<a class=\"elementor-button elementor-button-link elementor-size-sm\" href=\"https:\/\/www.filmityot.fi\/en\/palvelut\/\" target=\"_blank\" rel=\"noopener\">\n\t\t\t\t\t\t<span class=\"elementor-button-content-wrapper\">\n\t\t\t\t\t\t<span class=\"elementor-button-icon\">\n\t\t\t\t<i aria-hidden=\"true\" class=\"hicon hicon-arrow-left\"><\/i>\t\t\t<\/span>\n\t\t\t\t\t\t\t\t\t<span class=\"elementor-button-text\">Takaisin palveluihin<\/span>\n\t\t\t\t\t<\/span>\n\t\t\t\t\t<\/a>\n\t\t\t\t\t\t\t\t<\/div>\n\t\t\t\t<div class=\"elementor-element elementor-element-6d15438 elementor-widget elementor-widget-heading\" data-id=\"6d15438\" data-element_type=\"widget\" data-e-type=\"widget\" data-widget_type=\"heading.default\">\n\t\t\t\t\t<h2 class=\"elementor-heading-title elementor-size-xxl\"><span>studioyleis\u00f6<\/span> - yhdell\u00e4 kertaa helposti koko yleis\u00f6 tv-tuotantoosi!<\/h2>\t\t\t\t<\/div>\n\t\t\t\t<\/div>\n\t\t\t\t<div class=\"elementor-element elementor-element-d838887 elementor-widget elementor-widget-heading\" data-id=\"d838887\" data-element_type=\"widget\" data-e-type=\"widget\" data-widget_type=\"heading.default\">\n\t\t\t\t\t<h3 class=\"elementor-heading-title elementor-size-default\">Studioyleis\u00f6-palvelumme on tuotantoyhti\u00f6iden ykk\u00f6sty\u00f6kalu silloin, kun tarvitaan t\u00e4sm\u00e4yleis\u00f6 tv-ohjelman kuvauksiin. Palvelulla saat rekrytoitua helposti yhdell\u00e4 toimenpiteell\u00e4 yleis\u00f6n - juuri sen kokoisen, juuri sen tyyppisen ja juuri siihen ajankohtaan, kun tarvitset. Tutustu palveluun ja pyyd\u00e4 tarjous, lukuisat tv-tuotannot ovat jo palvelumme vakioasiakkaita!<\/h3>\t\t\t\t<\/div>\n\t\t\t\t\t<\/div>\n\t\t\t\t<\/div>\n\t\t<div class=\"elementor-element elementor-element-fb2fb69 e-flex e-con-boxed e-con e-parent\" data-id=\"fb2fb69\" data-element_type=\"container\" data-e-type=\"container\" data-settings=\"{&quot;jet_parallax_layout_list&quot;:[]}\">\n\t\t\t\t\t<div class=\"e-con-inner\">\n\t\t\t\t<div class=\"elementor-element elementor-element-193ec0a elementor-widget elementor-widget-image\" data-id=\"193ec0a\" data-element_type=\"widget\" data-e-type=\"widget\" data-widget_type=\"image.default\">\n\t\t\t\t\t\t\t\t\t\t\t\t\t\t\t<img decoding=\"async\" src=\"https:\/\/filmityot.fi\/wp-content\/uploads\/2023\/03\/Nayttokuva-2023-3-10-kello-15.09.01.png\" title=\"\" alt=\"\" loading=\"lazy\" \/>\t\t\t\t\t\t\t\t\t\t\t\t\t\t\t<\/div>\n\t\t\t\t\t<\/div>\n\t\t\t\t<\/div>\n\t\t<div class=\"elementor-element elementor-element-0180c9d e-flex e-con-boxed e-con e-parent\" data-id=\"0180c9d\" data-element_type=\"container\" data-e-type=\"container\" data-settings=\"{&quot;jet_parallax_layout_list&quot;:[]}\">\n\t\t\t\t\t<div class=\"e-con-inner\">\n\t\t<div class=\"elementor-element elementor-element-cd9c7fb e-con-full e-flex e-con e-child\" data-id=\"cd9c7fb\" data-element_type=\"container\" data-e-type=\"container\" data-settings=\"{&quot;jet_parallax_layout_list&quot;:[]}\">\n\t\t<div class=\"elementor-element elementor-element-a241f0f e-con-full e-flex e-con e-child\" data-id=\"a241f0f\" data-element_type=\"container\" data-e-type=\"container\" data-settings=\"{&quot;jet_parallax_layout_list&quot;:[],&quot;background_background&quot;:&quot;classic&quot;}\">\n\t\t\t\t<div class=\"elementor-element elementor-element-625cbca elementor-widget elementor-widget-heading\" data-id=\"625cbca\" data-element_type=\"widget\" data-e-type=\"widget\" data-widget_type=\"heading.default\">\n\t\t\t\t\t<h2 class=\"elementor-heading-title elementor-size-large\">Suuri verkosto valmiina odottamassa<\/h2>\t\t\t\t<\/div>\n\t\t\t\t<div class=\"elementor-element elementor-element-50b7f54 elementor-widget elementor-widget-text-editor\" data-id=\"50b7f54\" data-element_type=\"widget\" data-e-type=\"widget\" data-widget_type=\"text-editor.default\">\n\t\t\t\t\t\t\t\t\t<p>Meill\u00e4 on s\u00e4hk\u00f6postilistallamme valmiina odottamassa laaja ryhm\u00e4 innokasta yleis\u00f6\u00e4, joka koostuu mm. Filmity\u00f6t-k\u00e4ytt\u00e4jist\u00e4, erilaisista seuroista, oppilaitoksista ja yrityksist\u00e4.<\/p>\t\t\t\t\t\t\t\t<\/div>\n\t\t\t\t<\/div>\n\t\t<div class=\"elementor-element elementor-element-6edeaab e-con-full e-flex e-con e-child\" data-id=\"6edeaab\" data-element_type=\"container\" data-e-type=\"container\" data-settings=\"{&quot;jet_parallax_layout_list&quot;:[],&quot;background_background&quot;:&quot;classic&quot;}\">\n\t\t\t\t<div class=\"elementor-element elementor-element-21a0123 elementor-widget elementor-widget-heading\" data-id=\"21a0123\" data-element_type=\"widget\" data-e-type=\"widget\" data-widget_type=\"heading.default\">\n\t\t\t\t\t<h2 class=\"elementor-heading-title elementor-size-large\">R\u00e4\u00e4t\u00e4l\u00f6ity yleis\u00f6 - helppo hankkia<\/h2>\t\t\t\t<\/div>\n\t\t\t\t<div class=\"elementor-element elementor-element-e385b08 elementor-widget elementor-widget-text-editor\" data-id=\"e385b08\" data-element_type=\"widget\" data-e-type=\"widget\" data-widget_type=\"text-editor.default\">\n\t\t\t\t\t\t\t\t\t<p>Olemme erikoistuneet tarjoamaan r\u00e4\u00e4t\u00e4l\u00f6ityj\u00e4 yleis\u00f6j\u00e4. Riippumatta siit\u00e4, tarvitsetko yleis\u00f6\u00e4 t\u00e4yteen vuorokauteen tai kertaluontoiseen tapahtumaan. Studioyleis\u00f6 tekee prosessista helppoa alusta loppuun.<\/p>\t\t\t\t\t\t\t\t<\/div>\n\t\t\t\t<\/div>\n\t\t<div class=\"elementor-element elementor-element-ef46871 e-con-full e-flex e-con e-child\" data-id=\"ef46871\" data-element_type=\"container\" data-e-type=\"container\" data-settings=\"{&quot;jet_parallax_layout_list&quot;:[],&quot;background_background&quot;:&quot;classic&quot;}\">\n\t\t\t\t<div class=\"elementor-element elementor-element-7ce3e4e elementor-widget elementor-widget-heading\" data-id=\"7ce3e4e\" data-element_type=\"widget\" data-e-type=\"widget\" data-widget_type=\"heading.default\">\n\t\t\t\t\t<h2 class=\"elementor-heading-title elementor-size-large\">Ohjelmien mainostus eri kanavissamme<\/h2>\t\t\t\t<\/div>\n\t\t\t\t<div class=\"elementor-element elementor-element-1d9d3a8 elementor-widget elementor-widget-text-editor\" data-id=\"1d9d3a8\" data-element_type=\"widget\" data-e-type=\"widget\" data-widget_type=\"text-editor.default\">\n\t\t\t\t\t\t\t\t\t<p>Mainostamme yleis\u00f6hakuja sivustollamme, somessa ja s\u00e4hk\u00f6postilistallamme. Kohderyhm\u00e4mme k\u00e4sitt\u00e4\u00e4 yli 20 000 k\u00e4ytt\u00e4j\u00e4\u00e4.<\/p>\t\t\t\t\t\t\t\t<\/div>\n\t\t\t\t<\/div>\n\t\t\t\t<\/div>\n\t\t\t\t\t<\/div>\n\t\t\t\t<\/div>\n\t\t<div class=\"elementor-element elementor-element-1d2330d e-flex e-con-boxed e-con e-parent\" data-id=\"1d2330d\" data-element_type=\"container\" data-e-type=\"container\" data-settings=\"{&quot;jet_parallax_layout_list&quot;:[]}\">\n\t\t\t\t\t<div class=\"e-con-inner\">\n\t\t<div class=\"elementor-element elementor-element-305c795 e-con-full e-flex e-con e-child\" data-id=\"305c795\" data-element_type=\"container\" data-e-type=\"container\" data-settings=\"{&quot;jet_parallax_layout_list&quot;:[]}\">\n\t\t<div class=\"elementor-element elementor-element-7a8f8b9 e-con-full e-flex e-con e-child\" data-id=\"7a8f8b9\" data-element_type=\"container\" data-e-type=\"container\" data-settings=\"{&quot;jet_parallax_layout_list&quot;:[]}\">\n\t\t\t\t<div class=\"elementor-element elementor-element-c544e51 elementor-widget elementor-widget-heading\" data-id=\"c544e51\" data-element_type=\"widget\" data-e-type=\"widget\" data-widget_type=\"heading.default\">\n\t\t\t\t\t<div class=\"elementor-heading-title elementor-size-default\">10 000<span>+<\/span><\/div>\t\t\t\t<\/div>\n\t\t\t\t<div class=\"elementor-element elementor-element-8503e67 elementor-widget elementor-widget-heading\" data-id=\"8503e67\" data-element_type=\"widget\" data-e-type=\"widget\" data-widget_type=\"heading.default\">\n\t\t\t\t\t<h2 class=\"elementor-heading-title elementor-size-large\">Henkil\u00f6n Rekisteri<\/h2>\t\t\t\t<\/div>\n\t\t\t\t<\/div>\n\t\t<div class=\"elementor-element elementor-element-58ace03 e-con-full e-flex e-con e-child\" data-id=\"58ace03\" data-element_type=\"container\" data-e-type=\"container\" data-settings=\"{&quot;jet_parallax_layout_list&quot;:[]}\">\n\t\t\t\t<div class=\"elementor-element elementor-element-1e62818 elementor-widget elementor-widget-heading\" data-id=\"1e62818\" data-element_type=\"widget\" data-e-type=\"widget\" data-widget_type=\"heading.default\">\n\t\t\t\t\t<div class=\"elementor-heading-title elementor-size-default\">200<span>+<\/span><\/div>\t\t\t\t<\/div>\n\t\t\t\t<div class=\"elementor-element elementor-element-c6830d0 elementor-widget elementor-widget-heading\" data-id=\"c6830d0\" data-element_type=\"widget\" data-e-type=\"widget\" data-widget_type=\"heading.default\">\n\t\t\t\t\t<h2 class=\"elementor-heading-title elementor-size-large\">Jaksoa\/vuosi<\/h2>\t\t\t\t<\/div>\n\t\t\t\t<\/div>\n\t\t<div class=\"elementor-element elementor-element-cbebd62 e-con-full e-flex e-con e-child\" data-id=\"cbebd62\" data-element_type=\"container\" data-e-type=\"container\" data-settings=\"{&quot;jet_parallax_layout_list&quot;:[]}\">\n\t\t\t\t<div class=\"elementor-element elementor-element-274b765 elementor-widget elementor-widget-heading\" data-id=\"274b765\" data-element_type=\"widget\" data-e-type=\"widget\" data-widget_type=\"heading.default\">\n\t\t\t\t\t<div class=\"elementor-heading-title elementor-size-default\">30 000<span>+<\/span><\/div>\t\t\t\t<\/div>\n\t\t\t\t<div class=\"elementor-element elementor-element-6b43af0 elementor-widget elementor-widget-heading\" data-id=\"6b43af0\" data-element_type=\"widget\" data-e-type=\"widget\" data-widget_type=\"heading.default\">\n\t\t\t\t\t<h2 class=\"elementor-heading-title elementor-size-large\">Yleis\u00f6\u00e4 j\u00e4rjestetty vuodesta 2019<\/h2>\t\t\t\t<\/div>\n\t\t\t\t<\/div>\n\t\t\t\t<\/div>\n\t\t\t\t\t<\/div>\n\t\t\t\t<\/div>\n\t\t<div class=\"elementor-element elementor-element-d386893 e-flex e-con-boxed e-con e-parent\" data-id=\"d386893\" data-element_type=\"container\" data-e-type=\"container\" data-settings=\"{&quot;jet_parallax_layout_list&quot;:[]}\">\n\t\t\t\t\t<div class=\"e-con-inner\">\n\t\t\t\t<div class=\"elementor-element elementor-element-45f2124 elementor-align-center elementor-widget elementor-widget-button\" data-id=\"45f2124\" data-element_type=\"widget\" data-e-type=\"widget\" data-widget_type=\"button.default\">\n\t\t\t\t\t\t\t\t\t\t<a class=\"elementor-button elementor-button-link elementor-size-sm\" href=\"#tarjous\">\n\t\t\t\t\t\t<span class=\"elementor-button-content-wrapper\">\n\t\t\t\t\t\t\t\t\t<span class=\"elementor-button-text\">Pyyd\u00e4 tarjous<\/span>\n\t\t\t\t\t<\/span>\n\t\t\t\t\t<\/a>\n\t\t\t\t\t\t\t\t<\/div>\n\t\t\t\t\t<\/div>\n\t\t\t\t<\/div>\n\t\t<div class=\"elementor-element elementor-element-fbb7394 e-flex e-con-boxed e-con e-parent\" data-id=\"fbb7394\" data-element_type=\"container\" data-e-type=\"container\" data-settings=\"{&quot;jet_parallax_layout_list&quot;:[]}\">\n\t\t\t\t\t<div class=\"e-con-inner\">\n\t\t<div class=\"elementor-element elementor-element-4195054 e-con-full e-flex e-con e-child\" data-id=\"4195054\" data-element_type=\"container\" data-e-type=\"container\" data-settings=\"{&quot;background_background&quot;:&quot;classic&quot;,&quot;jet_parallax_layout_list&quot;:[]}\">\n\t\t<div class=\"elementor-element elementor-element-55c00bd e-con-full e-flex e-con e-child\" data-id=\"55c00bd\" data-element_type=\"container\" data-e-type=\"container\" data-settings=\"{&quot;jet_parallax_layout_list&quot;:[]}\">\n\t\t\t\t<div class=\"elementor-element elementor-element-f2fefa2 elementor-widget__width-initial elementor-widget elementor-widget-heading\" data-id=\"f2fefa2\" data-element_type=\"widget\" data-e-type=\"widget\" data-widget_type=\"heading.default\">\n\t\t\t\t\t<h2 class=\"elementor-heading-title elementor-size-xl\">Hinnoittelu<\/h2>\t\t\t\t<\/div>\n\t\t\t\t<\/div>\n\t\t<div class=\"elementor-element elementor-element-95c38a1 e-con-full e-flex e-con e-child\" data-id=\"95c38a1\" data-element_type=\"container\" data-e-type=\"container\" data-settings=\"{&quot;jet_parallax_layout_list&quot;:[]}\">\n\t\t\t\t<div class=\"elementor-element elementor-element-091a27e elementor-widget elementor-widget-text-editor\" data-id=\"091a27e\" data-element_type=\"widget\" data-e-type=\"widget\" data-widget_type=\"text-editor.default\">\n\t\t\t\t\t\t\t\t\t<p><strong>Yleis\u00f6m\u00e4\u00e4r\u00e4<\/strong><\/p><p>60-150<\/p><p>30-59<\/p><p>10-29<\/p>\t\t\t\t\t\t\t\t<\/div>\n\t\t\t\t<div class=\"elementor-element elementor-element-33ba0e3 elementor-widget elementor-widget-text-editor\" data-id=\"33ba0e3\" data-element_type=\"widget\" data-e-type=\"widget\" data-widget_type=\"text-editor.default\">\n\t\t\t\t\t\t\t\t\t<p>Hintoihin lis\u00e4t\u00e4\u00e4n ALV 25,5%<\/p>\t\t\t\t\t\t\t\t<\/div>\n\t\t\t\t<\/div>\n\t\t\t\t<div class=\"elementor-element elementor-element-a570503 elementor-widget elementor-widget-text-editor\" data-id=\"a570503\" data-element_type=\"widget\" data-e-type=\"widget\" data-widget_type=\"text-editor.default\">\n\t\t\t\t\t\t\t\t\t<p><strong>Hinta\/jakso<\/strong><\/p><p>450\u20ac<\/p><p>280\u20ac<\/p><p>180\u20ac<\/p>\t\t\t\t\t\t\t\t<\/div>\n\t\t\t\t<\/div>\n\t\t\t\t\t<\/div>\n\t\t\t\t<\/div>\n\t\t<div class=\"elementor-element elementor-element-e9cfe0b e-flex e-con-boxed e-con e-parent\" data-id=\"e9cfe0b\" data-element_type=\"container\" data-e-type=\"container\" data-settings=\"{&quot;jet_parallax_layout_list&quot;:[]}\">\n\t\t\t\t\t<div class=\"e-con-inner\">\n\t\t\t\t<div class=\"elementor-element elementor-element-76e39d9 elementor-widget elementor-widget-heading\" data-id=\"76e39d9\" data-element_type=\"widget\" data-e-type=\"widget\" data-widget_type=\"heading.default\">\n\t\t\t\t\t<h2 class=\"elementor-heading-title elementor-size-default\">N\u00e4in toimimme:<\/h2>\t\t\t\t<\/div>\n\t\t\t\t<div class=\"elementor-element elementor-element-1903deb elementor-widget elementor-widget-text-editor\" data-id=\"1903deb\" data-element_type=\"widget\" data-e-type=\"widget\" data-widget_type=\"text-editor.default\">\n\t\t\t\t\t\t\t\t\t<ol><li>Yleis\u00f6n varausj\u00e4rjestelm\u00e4 osoitteessa: <a href=\"http:\/\/www.studioyleiso.fi\" target=\"_blank\" rel=\"noopener\">www.studioyleiso.fi<\/a><\/li><li>Ohjelman promokuva ja markkinointimateriaali toimitaan Studioyleis\u00f6-palvelun k\u00e4ytt\u00f6\u00f6n ja tuottaja t\u00e4ytt\u00e4\u00e4 check-listan<\/li><li>Kohderyhm\u00e4 saa tiedon yleis\u00f6hausta s\u00e4hk\u00f6postitse, Filmity\u00f6t.fi-sivustolta ja pysymme jatkuvasti ajantasalla tilanteesta ja yleis\u00f6m\u00e4\u00e4rist\u00e4 eri vetoihin (ryhmien osalta Studioyleis\u00f6-palvelun edustaja toimii kontaktina).<\/li><li>Studioyleis\u00f6-palvelu vastaa kaikkiin yleis\u00f6n kysymyksiin ja hoitaa yhteydet asiakkaan puolesta.<\/li><li>Studioyleis\u00f6-palvelu informoi tuotantoyhti\u00f6n yleis\u00f6vastaavalle tilanteesta s\u00e4\u00e4nn\u00f6llisesti. Varatessa paikan yleis\u00f6\u00f6n, henkil\u00f6 saa &#8221;Tervetuloa&#8221;-vahvistuksen meilitse, jossa on mm. kuvausten aika ja paikka.<\/li><\/ol><ul><li>Ennen tapahtumaa Studioyleis\u00f6-palvelusta l\u00e4htee yleis\u00f6ksi tulijoille s\u00e4hk\u00f6posti, jossa on viimehetken tiedot ja esim. kartta ja kulkuohjeet kuvauspaikalle.<\/li><li>Tuotantoyhti\u00f6 saa ajan tasalla olevan nimilistan aina tulevalle p\u00e4iv\u00e4lle ja vetoihin ennen kuvausten alkamista.<\/li><li>Yhteisty\u00f6 ja kommunikointi tuottajien kanssa mm. mainonnasta, viestinn\u00e4st\u00e4 ja markkinoinnista on keskeinen osa yleis\u00f6n hankintaa. Toimimme avaimet k\u00e4teen -periaatteella &#8211; tuotantoryhm\u00e4n ei tarvitse huolehtia yleis\u00f6st\u00e4 kuin ainoastaan paikan p\u00e4\u00e4ll\u00e4 kuvauksissa.<\/li><\/ul>\t\t\t\t\t\t\t\t<\/div>\n\t\t\t\t\t<\/div>\n\t\t\t\t<\/div>\n\t\t<div class=\"elementor-element elementor-element-90f2961 e-flex e-con-boxed e-con e-parent\" data-id=\"90f2961\" data-element_type=\"container\" data-e-type=\"container\" id=\"tarjous\" data-settings=\"{&quot;jet_parallax_layout_list&quot;:[],&quot;background_background&quot;:&quot;classic&quot;}\">\n\t\t\t\t\t<div class=\"e-con-inner\">\n\t\t\t\t<div class=\"elementor-element elementor-element-951672e elementor-widget elementor-widget-heading\" data-id=\"951672e\" data-element_type=\"widget\" data-e-type=\"widget\" data-widget_type=\"heading.default\">\n\t\t\t\t\t<h2 class=\"elementor-heading-title elementor-size-xl\">Pyyd\u00e4 tarjous<\/h2>\t\t\t\t<\/div>\n\t\t\t\t<div class=\"elementor-element elementor-element-4fddb4f elementor-widget elementor-widget-wpforms\" data-id=\"4fddb4f\" data-element_type=\"widget\" data-e-type=\"widget\" data-widget_type=\"wpforms.default\">\n\t\t\t\t<div class=\"elementor-widget-container\">\n\t\t\t\t\t<div class=\"wpforms-container wpforms-container-full\" id=\"wpforms-31322\"><form id=\"wpforms-form-31322\" class=\"wpforms-validate wpforms-form wpforms-ajax-form\" data-formid=\"31322\" method=\"post\" enctype=\"multipart\/form-data\" action=\"\/en\/wp-json\/wp\/v2\/pages\/3013\" data-token=\"0dc4e02a01b83c56f956d6a132130b26\" data-token-time=\"1778444419\" data-etm-original-action=\"\/en\/wp-json\/wp\/v2\/pages\/3013\"><noscript class=\"wpforms-error-noscript\">Please enable JavaScript in your browser to complete this form.<\/noscript><div class=\"wpforms-field-container\"><div id=\"wpforms-31322-field_1-container\" class=\"wpforms-field wpforms-field-text\" data-field-id=\"1\"><label class=\"wpforms-field-label\" for=\"wpforms-31322-field_1\">Yrityksen nimi <span class=\"wpforms-required-label\">*<\/span><\/label><input type=\"text\" id=\"wpforms-31322-field_1\" class=\"wpforms-field-large wpforms-field-required\" name=\"wpforms[fields][1]\" required><\/div><div id=\"wpforms-31322-field_2-container\" class=\"wpforms-field wpforms-field-text\" data-field-id=\"2\"><label class=\"wpforms-field-label\" for=\"wpforms-31322-field_2\">Yhteyshenkil\u00f6n nimi <span class=\"wpforms-required-label\">*<\/span><\/label><input type=\"text\" id=\"wpforms-31322-field_2\" class=\"wpforms-field-large wpforms-field-required\" name=\"wpforms[fields][2]\" required><\/div><div id=\"wpforms-31322-field_3-container\" class=\"wpforms-field wpforms-field-text\" data-field-id=\"3\"><label class=\"wpforms-field-label\" for=\"wpforms-31322-field_3\">Puhelinnumero <span class=\"wpforms-required-label\">*<\/span><\/label><input type=\"text\" id=\"wpforms-31322-field_3\" class=\"wpforms-field-large wpforms-field-required\" name=\"wpforms[fields][3]\" required><\/div><div id=\"wpforms-31322-field_4-container\" class=\"wpforms-field wpforms-field-email\" data-field-id=\"4\"><label class=\"wpforms-field-label\" for=\"wpforms-31322-field_4\">S\u00e4hk\u00f6postiosoite <span class=\"wpforms-required-label\">*<\/span><\/label><input type=\"email\" id=\"wpforms-31322-field_4\" class=\"wpforms-field-large wpforms-field-required\" name=\"wpforms[fields][4]\" spellcheck=\"false\" required><\/div><div id=\"wpforms-31322-field_5-container\" class=\"wpforms-field wpforms-field-textarea\" data-field-id=\"5\"><label class=\"wpforms-field-label\" for=\"wpforms-31322-field_5\">Kerro tarpeista<\/label><textarea id=\"wpforms-31322-field_5\" class=\"wpforms-field-medium\" name=\"wpforms[fields][5]\" ><\/textarea><\/div><\/div><!-- .wpforms-field-container --><div class=\"wpforms-submit-container\" ><input type=\"hidden\" name=\"wpforms[id]\" value=\"31322\"><input type=\"hidden\" name=\"page_title\" value=\"\"><input type=\"hidden\" name=\"page_url\" value=\"https:\/\/www.filmityot.fi\/en\/wp-json\/wp\/v2\/pages\/3013\"><input type=\"hidden\" name=\"url_referer\" value=\"\"><button type=\"submit\" name=\"wpforms[submit]\" id=\"wpforms-submit-31322\" class=\"wpforms-submit\" data-alt-text=\"L\u00e4hetet\u00e4\u00e4n ...\" data-submit-text=\"L\u00e4het\u00e4 tarjouspyynt\u00f6\" aria-live=\"assertive\" value=\"wpforms-submit\">L\u00e4het\u00e4 tarjouspyynt\u00f6<\/button><img decoding=\"async\" src=\"https:\/\/www.filmityot.fi\/wp-content\/plugins\/wpforms\/assets\/images\/submit-spin.svg\" class=\"wpforms-submit-spinner\" style=\"display: none;\" width=\"26\" height=\"26\" alt=\"Loading\"><\/div><input type=\"hidden\" name=\"etm-form-language\" value=\"en\"\/><\/form><\/div>  <!-- .wpforms-container -->\t\t\t\t<\/div>\n\t\t\t\t<\/div>\n\t\t\t\t\t<\/div>\n\t\t\t\t<\/div>\n\t\t\t\t<\/div>","protected":false},"excerpt":{"rendered":"<p>Takaisin palveluihin studioyleis\u00f6 &#8211; yhdell\u00e4 kertaa helposti koko yleis\u00f6 tv-tuotantoosi! Studioyleis\u00f6-palvelumme on tuotantoyhti\u00f6iden ykk\u00f6sty\u00f6kalu silloin, kun tarvitaan t\u00e4sm\u00e4yleis\u00f6 tv-ohjelman kuvauksiin. Palvelulla saat rekrytoitua helposti yhdell\u00e4 toimenpiteell\u00e4 yleis\u00f6n &#8211; juuri sen kokoisen, juuri sen tyyppisen ja juuri siihen ajankohtaan, kun tarvitset. Tutustu palveluun ja pyyd\u00e4 tarjous, lukuisat tv-tuotannot ovat jo palvelumme vakioasiakkaita! Suuri verkosto valmiina odottamassa [&hellip;]<\/p>","protected":false},"author":110,"featured_media":0,"parent":1358,"menu_order":0,"comment_status":"closed","ping_status":"closed","template":"","meta":{"_acf_changed":false,"footnotes":""},"class_list":["post-3013","page","type-page","status-publish","hentry"],"acf":[],"_links":{"self":[{"href":"https:\/\/www.filmityot.fi\/en\/wp-json\/wp\/v2\/pages\/3013","targetHints":{"allow":["GET"]}}],"collection":[{"href":"https:\/\/www.filmityot.fi\/en\/wp-json\/wp\/v2\/pages"}],"about":[{"href":"https:\/\/www.filmityot.fi\/en\/wp-json\/wp\/v2\/types\/page"}],"author":[{"embeddable":true,"href":"https:\/\/www.filmityot.fi\/en\/wp-json\/wp\/v2\/users\/110"}],"replies":[{"embeddable":true,"href":"https:\/\/www.filmityot.fi\/en\/wp-json\/wp\/v2\/comments?post=3013"}],"version-history":[{"count":4,"href":"https:\/\/www.filmityot.fi\/en\/wp-json\/wp\/v2\/pages\/3013\/revisions"}],"predecessor-version":[{"id":211217,"href":"https:\/\/www.filmityot.fi\/en\/wp-json\/wp\/v2\/pages\/3013\/revisions\/211217"}],"up":[{"embeddable":true,"href":"https:\/\/www.filmityot.fi\/en\/wp-json\/wp\/v2\/pages\/1358"}],"wp:attachment":[{"href":"https:\/\/www.filmityot.fi\/en\/wp-json\/wp\/v2\/media?parent=3013"}],"curies":[{"name":"wp","href":"https:\/\/api.w.org\/{rel}","templated":true}]}}