{"id":2598,"date":"2023-03-15T09:43:34","date_gmt":"2023-03-15T07:43:34","guid":{"rendered":"https:\/\/filmityot.fi\/?page_id=2598"},"modified":"2025-01-26T09:00:56","modified_gmt":"2025-01-26T07:00:56","slug":"palkkionmaksatuksen-ehdot-2","status":"publish","type":"page","link":"https:\/\/www.filmityot.fi\/en\/palkkionmaksatuksen-ehdot-2\/","title":{"rendered":"Maksu- ja k\u00e4ytt\u00f6ehdot"},"content":{"rendered":"<div data-elementor-type=\"wp-page\" data-elementor-id=\"2598\" class=\"elementor elementor-2598\" data-elementor-post-type=\"page\">\n\t\t\t\t<div class=\"elementor-element elementor-element-ffb7533 e-flex e-con-boxed e-con e-parent\" data-id=\"ffb7533\" data-element_type=\"container\" data-e-type=\"container\" data-settings=\"{&quot;jet_parallax_layout_list&quot;:[]}\">\n\t\t\t\t\t<div class=\"e-con-inner\">\n\t\t\t\t<div class=\"elementor-element elementor-element-02a133d elementor-widget elementor-widget-heading\" data-id=\"02a133d\" data-element_type=\"widget\" data-e-type=\"widget\" data-widget_type=\"heading.default\">\n\t\t\t\t\t<h1 class=\"elementor-heading-title elementor-size-default\">Maksu- ja k\u00e4ytt\u00f6ehdot<\/h1>\t\t\t\t<\/div>\n\t\t\t\t<div class=\"elementor-element elementor-element-82605d9 elementor-widget elementor-widget-text-editor\" data-id=\"82605d9\" data-element_type=\"widget\" data-e-type=\"widget\" data-widget_type=\"text-editor.default\">\n\t\t\t\t\t\t\t\t\t<p>Perusj\u00e4senyys on maksuton. S\u00e4ilyt\u00e4t perusj\u00e4senyytesi, kunnes itse valitset lopettaa j\u00e4senyytesi. Jos et kirjaudu sis\u00e4\u00e4n 48 kuukauteen, j\u00e4senyytesi voidaan poistaa.<\/p><p>Premium-tilit ovat maksullisia ja voimassa olevat hinnat on julkaistu etusivulla. Premium-j\u00e4senyys muuttuu automaattisesti perusj\u00e4senyydeksi kun itse p\u00e4\u00e4t\u00e4t lopettaa tilauksen. Ei sitoutumisaikaa.<\/p><p>Kaikki hinnat on ilmoitettu sis\u00e4lt\u00e4en arvonlis\u00e4veron.<\/p><p>Premium -tilauksen maksu suoritetaan etuk\u00e4teen jollakin alempana kuvatuista maksutavoista.<\/p><p>Tilaaja valitsee maksutavan Premium-tilauksen allekirjoittamisen yhteydess\u00e4. Maksutapaa voi vaihtaa kuluvan maksukauden aikana omilla tunnuksilla kirjautuneena verkkopalvelun kautta.\u00a0Tilauksia voi peruuttaa &#8220;Oma tili&#8221; -valikosta verkkosivustollamme.<\/p><p>Maksun on oltava perill\u00e4 viimeist\u00e4\u00e4n kunkin alkavan maksukauden ensimm\u00e4isen\u00e4 p\u00e4iv\u00e4n\u00e4. Maksun viiv\u00e4styess\u00e4 BTL Castingill\u00e4 on oikeus peri\u00e4 viiv\u00e4styskorkoa ja lain mukainen muistutus- ja perint\u00e4maksu. BTL Castingill\u00e4 on oikeus siirt\u00e4\u00e4 saatava kolmannelle osapuolelle esimerkiksi saatavan perinn\u00e4n mahdollistamiseksi.<br \/>Maksukausien pituudet vaihtelevat sen mukaan, mink\u00e4 maksutavan tilaaja on valinnut. Eri maksuvaihtoehtojen maksukausi on kuvattu tarkemmin alla. Tilaaja voi kirjautua sis\u00e4\u00e4n tililleen verkkosivustolla ja n\u00e4hd\u00e4 kuinka kauan maksukautta on j\u00e4ljell\u00e4 sek\u00e4 saada tiedon siit\u00e4, milloin tilaus on viimeksi peruutettava, jotta h\u00e4nelt\u00e4 ei veloiteta uutta jaksoa.<\/p><p>Kuukausimaksullisilla Premium-tilauksilla sovelletaan seuraavia maksukausia ja peruutusaikoja:<\/p><p>Mik\u00e4li tilaaja valitsee kuukausimaksun, se alkaa heti ja vuosimaksu kahdentoista (12) kuukauden kiinte\u00e4ll\u00e4 jaksolla ja voidaan maksaa Mobilepayn kautta tai pankki- tai luottokortilla.<\/p><p>Mik\u00e4li tilaaja haluaa tilauksen p\u00e4\u00e4ttyv\u00e4n alkuper\u00e4isen maksukauden jakson lopussa ilman jatkoa, tilaajan on peruutettava liittym\u00e4 viimeist\u00e4\u00e4n 2 p\u00e4iv\u00e4\u00e4 ennen maksukauden p\u00e4\u00e4ttymist\u00e4. Jos t\u00e4llaista perumista ei tapahdu, maksukautta jatketaan toistaiseksi, kuukausi kerrallaan. Tilaajan irtisanominen kiinte\u00e4n maksukauden p\u00e4\u00e4tytty\u00e4 on teht\u00e4v\u00e4 viimeist\u00e4\u00e4n 2 p\u00e4iv\u00e4\u00e4 ennen seuraavan jatkokuukauden alkua, jotta tilaus p\u00e4\u00e4ttyy kyseisen maksukauden lopussa. Jos irtisanominen vastaanotetaan alle 2 p\u00e4iv\u00e4\u00e4 ennen seuraavan jatkokuukauden alkua, liittym\u00e4 irtisanotaan irtisanomista seuraavan maksukauden lopussa.<\/p><p><strong>EHTOJEN MUUTOKSET<\/strong><\/p><p>BTL Casting varaa oikeuden muuttaa t\u00e4t\u00e4 n\u00e4it\u00e4 ehtoja. Ehtojen muutoksista ilmoitetaan tilaajalle ennen muutoksen voimaantuloa. Ehtojen muutokset tulevat voimaan yksitt\u00e4isen tilaajan osalta aikaisintaan kuluvan maksukauden lopussa (eli kuluvan maksukauden lopussa valitusta maksutavasta riippuen).<\/p><p>Edell\u00e4 mainittua lukuun ottamatta BTL Casting voi muuttaa ehtoja edell\u00e4 mainittua lyhyemm\u00e4ll\u00e4 varoitusajalla sovellettavan lain tai viranomaisen p\u00e4\u00e4t\u00f6sten muutosten seurauksena. Tilaajalla on t\u00e4ll\u00f6in aina oikeus irtisanoa tilaus viimeist\u00e4\u00e4n siit\u00e4 p\u00e4iv\u00e4st\u00e4, jona sopimusmuutos tulee voimaan.<\/p><p>Ehtojen kulloinkin voimassa oleva versio julkaistaan verkkosivustolla Premiumin k\u00e4ytt\u00e4j\u00e4sopimus -otsikon alla.<\/p>\t\t\t\t\t\t\t\t<\/div>\n\t\t\t\t\t<\/div>\n\t\t\t\t<\/div>\n\t\t\t\t<\/div>","protected":false},"excerpt":{"rendered":"<p>Perusj\u00e4senyys on maksuton. S\u00e4ilyt\u00e4t perusj\u00e4senyytesi, kunnes itse valitset lopettaa j\u00e4senyytesi. Jos et kirjaudu sis\u00e4\u00e4n 48 kuukauteen, j\u00e4senyytesi voidaan poistaa. Premium-tilit ovat maksullisia ja voimassa olevat hinnat on julkaistu etusivulla. Premium-j\u00e4senyys muuttuu automaattisesti perusj\u00e4senyydeksi kun itse p\u00e4\u00e4t\u00e4t lopettaa tilauksen. Ei sitoutumisaikaa. Kaikki hinnat on ilmoitettu sis\u00e4lt\u00e4en arvonlis\u00e4veron. Premium -tilauksen maksu suoritetaan etuk\u00e4teen jollakin alempana kuvatuista maksutavoista. [&hellip;]<\/p>","protected":false},"author":1,"featured_media":0,"parent":0,"menu_order":0,"comment_status":"closed","ping_status":"closed","template":"","meta":{"_acf_changed":false,"footnotes":""},"class_list":["post-2598","page","type-page","status-publish","hentry"],"acf":[],"_links":{"self":[{"href":"https:\/\/www.filmityot.fi\/en\/wp-json\/wp\/v2\/pages\/2598","targetHints":{"allow":["GET"]}}],"collection":[{"href":"https:\/\/www.filmityot.fi\/en\/wp-json\/wp\/v2\/pages"}],"about":[{"href":"https:\/\/www.filmityot.fi\/en\/wp-json\/wp\/v2\/types\/page"}],"author":[{"embeddable":true,"href":"https:\/\/www.filmityot.fi\/en\/wp-json\/wp\/v2\/users\/1"}],"replies":[{"embeddable":true,"href":"https:\/\/www.filmityot.fi\/en\/wp-json\/wp\/v2\/comments?post=2598"}],"version-history":[{"count":0,"href":"https:\/\/www.filmityot.fi\/en\/wp-json\/wp\/v2\/pages\/2598\/revisions"}],"wp:attachment":[{"href":"https:\/\/www.filmityot.fi\/en\/wp-json\/wp\/v2\/media?parent=2598"}],"curies":[{"name":"wp","href":"https:\/\/api.w.org\/{rel}","templated":true}]}}