{"id":2554,"date":"2023-03-06T12:58:28","date_gmt":"2023-03-06T10:58:28","guid":{"rendered":"https:\/\/filmityot.fi\/?page_id=2554"},"modified":"2026-02-17T13:59:57","modified_gmt":"2026-02-17T11:59:57","slug":"premium-tili","status":"publish","type":"page","link":"https:\/\/www.filmityot.fi\/en\/premium-tili\/","title":{"rendered":"Premium-tili"},"content":{"rendered":"<div data-elementor-type=\"wp-page\" data-elementor-id=\"2554\" class=\"elementor elementor-2554\" data-elementor-post-type=\"page\">\n\t\t\t\t<div class=\"elementor-element elementor-element-319a4f2 e-flex e-con-boxed e-con e-parent\" data-id=\"319a4f2\" data-element_type=\"container\" data-e-type=\"container\" data-settings=\"{&quot;background_background&quot;:&quot;classic&quot;,&quot;jet_parallax_layout_list&quot;:[]}\">\n\t\t\t\t\t<div class=\"e-con-inner\">\n\t\t\t\t<div class=\"elementor-element elementor-element-cd3a599 elementor-widget elementor-widget-heading\" data-id=\"cd3a599\" data-element_type=\"widget\" data-e-type=\"widget\" data-widget_type=\"heading.default\">\n\t\t\t\t\t<h1 class=\"elementor-heading-title elementor-size-xxl\"><span>Premium-tili:<\/span> <br> Hae rooleja keikkoihin<\/h1>\t\t\t\t<\/div>\n\t\t\t\t<div class=\"elementor-element elementor-element-b369553 elementor-widget elementor-widget-text-editor\" data-id=\"b369553\" data-element_type=\"widget\" data-e-type=\"widget\" data-widget_type=\"text-editor.default\">\n\t\t\t\t\t\t\t\t\t<p>Premium-tilill\u00e4 on entist\u00e4 paremmat ominaisuudet tehd\u00e4 k\u00e4ytt\u00e4j\u00e4profiilista tuottajia ja roolittajia kiinnostava. Vaikka Premium-tili on maksullinen, hinta on silti muodollinen: <strong>vain 2,90\u20ac\/kk tai vuodeksi 14,50\u20ac\/v <\/strong>(hinnat sis.alvin 25,5%) Keikkoihin hakeminen edellytt\u00e4\u00e4 Premium-tili\u00e4. Ilmaisella Free-tilill\u00e4 voi tehd\u00e4 profiilin, selata keikkailmoituksia ja kaikkia muita sis\u00e4lt\u00f6j\u00e4, mutta ei voi hakea keikkoja. Huom. Premiumilla voit my\u00f6s jakaa ajantasalla olevan profiilisi Filmit\u00f6iden ulkopuolisiin keikkahakuihin!<\/p>\t\t\t\t\t\t\t\t<\/div>\n\t\t\t\t\t<\/div>\n\t\t\t\t<\/div>\n\t\t<div class=\"elementor-element elementor-element-e79ef11 e-flex e-con-boxed e-con e-parent\" data-id=\"e79ef11\" data-element_type=\"container\" data-e-type=\"container\" data-settings=\"{&quot;background_background&quot;:&quot;classic&quot;,&quot;jet_parallax_layout_list&quot;:[]}\">\n\t\t\t\t\t<div class=\"e-con-inner\">\n\t\t\t\t<div class=\"elementor-element elementor-element-addf3ec elementor-headline--style-rotate elementor-widget__width-initial elementor-widget elementor-widget-animated-headline\" data-id=\"addf3ec\" data-element_type=\"widget\" data-e-type=\"widget\" data-settings=\"{&quot;headline_style&quot;:&quot;rotate&quot;,&quot;rotate_iteration_delay&quot;:0,&quot;animation_type&quot;:&quot;typing&quot;}\" data-widget_type=\"animated-headline.default\">\n\t\t\t\t\t\t\t<span class=\"elementor-headline elementor-headline-animation-type-typing elementor-headline-letters\">\n\t\t\t\t<span class=\"elementor-headline-dynamic-wrapper elementor-headline-text-wrapper\">\n\t\t\t\t<\/span>\n\t\t\t\t<\/span>\n\t\t\t\t\t\t<\/div>\n\t\t<div class=\"elementor-element elementor-element-a3b973c e-con-full e-flex e-con e-child\" data-id=\"a3b973c\" data-element_type=\"container\" data-e-type=\"container\" data-settings=\"{&quot;jet_parallax_layout_list&quot;:[]}\">\n\t\t\t\t<div class=\"elementor-element elementor-element-677c372 elementor-headline--style-rotate elementor-widget elementor-widget-animated-headline\" data-id=\"677c372\" data-element_type=\"widget\" data-e-type=\"widget\" data-settings=\"{&quot;rotating_text&quot;:&quot;Better\\nBigger\\nFaster&quot;,&quot;headline_style&quot;:&quot;rotate&quot;,&quot;animation_type&quot;:&quot;typing&quot;,&quot;rotate_iteration_delay&quot;:2500}\" data-widget_type=\"animated-headline.default\">\n\t\t\t\t\t\t\t<h1 class=\"elementor-headline elementor-headline-animation-type-typing elementor-headline-letters\">\n\t\t\t\t<span class=\"elementor-headline-dynamic-wrapper elementor-headline-text-wrapper\">\n\t\t\t\t\t<span class=\"elementor-headline-dynamic-text elementor-headline-text-active\">\n\t\t\t\tBetter\t\t\t<\/span>\n\t\t\t\t\t<span class=\"elementor-headline-dynamic-text\">\n\t\t\t\tBigger\t\t\t<\/span>\n\t\t\t\t\t<span class=\"elementor-headline-dynamic-text\">\n\t\t\t\tFaster\t\t\t<\/span>\n\t\t\t\t\t\t<\/span>\n\t\t\t\t<\/h1>\n\t\t\t\t\t\t<\/div>\n\t\t\t\t<\/div>\n\t\t\t\t<div class=\"elementor-element elementor-element-423d0a9 elementor-add-to-cart--align-center elementor-widget elementor-widget-wc-add-to-cart\" data-id=\"423d0a9\" data-element_type=\"widget\" data-e-type=\"widget\" data-widget_type=\"wc-add-to-cart.default\">\n\t\t\t\t\t\t\t\t\t\t<a rel=\"nofollow\" href=\"\/en\/wp-json\/wp\/v2\/pages\/2554?add-to-cart=2670\" data-quantity=\"1\" data-product_id=\"2670\" class=\"product_type_subscription add_to_cart_button ajax_add_to_cart elementor-button elementor-size-sm\" role=\"button\">\n\t\t\t\t\t\t<span class=\"elementor-button-content-wrapper\">\n\t\t\t\t\t\t\t\t\t<span class=\"elementor-button-text\">Tilaa Premium - saat sen heti!<\/span>\n\t\t\t\t\t<\/span>\n\t\t\t\t\t<\/a>\n\t\t\t\t\t\t\t\t<\/div>\n\t\t\t\t<div class=\"elementor-element elementor-element-cad2ff7 elementor-widget elementor-widget-button\" data-id=\"cad2ff7\" data-element_type=\"widget\" data-e-type=\"widget\" data-widget_type=\"button.default\">\n\t\t\t\t\t\t\t\t\t\t<a class=\"elementor-button elementor-button-link elementor-size-sm\" href=\"https:\/\/www.filmityot.fi\/en\/product\/premium-jasenyys-vuositilaus\/\" target=\"_blank\" rel=\"noopener\">\n\t\t\t\t\t\t<span class=\"elementor-button-content-wrapper\">\n\t\t\t\t\t\t\t\t\t<span class=\"elementor-button-text\">tai osta vuositilaus 14,50\u20ac<\/span>\n\t\t\t\t\t<\/span>\n\t\t\t\t\t<\/a>\n\t\t\t\t\t\t\t\t<\/div>\n\t\t<!-- dce invisible element b3bae74 -->\t\t\t<\/div>\n\t\t\t\t<\/div>\n\t\t<div class=\"elementor-element elementor-element-d030af0 e-flex e-con-boxed e-con e-parent\" data-id=\"d030af0\" data-element_type=\"container\" data-e-type=\"container\" data-settings=\"{&quot;background_background&quot;:&quot;classic&quot;,&quot;jet_parallax_layout_list&quot;:[]}\">\n\t\t\t\t\t<div class=\"e-con-inner\">\n\t\t\t\t<div class=\"elementor-element elementor-element-4ffbe4a elementor-widget elementor-widget-heading\" data-id=\"4ffbe4a\" data-element_type=\"widget\" data-e-type=\"widget\" data-widget_type=\"heading.default\">\n\t\t\t\t\t<h4 class=\"elementor-heading-title elementor-size-default\">Maksutavat: pankkikortti, luottokortti, Google Pay<\/h4>\t\t\t\t<\/div>\n\t\t<div class=\"elementor-element elementor-element-219c4b7 e-con-full e-flex e-con e-child\" data-id=\"219c4b7\" data-element_type=\"container\" data-e-type=\"container\" data-settings=\"{&quot;jet_parallax_layout_list&quot;:[]}\">\n\t\t\t\t<div class=\"elementor-element elementor-element-638d9a1 elementor-widget__width-inherit elementor-widget elementor-widget-image\" data-id=\"638d9a1\" data-element_type=\"widget\" data-e-type=\"widget\" data-widget_type=\"image.default\">\n\t\t\t\t\t\t\t\t\t\t\t\t\t\t\t<img decoding=\"async\" src=\"https:\/\/filmityot.fi\/wp-content\/uploads\/2023\/02\/Visa_2021.svg-1.png\" title=\"\" alt=\"\" loading=\"lazy\" \/>\t\t\t\t\t\t\t\t\t\t\t\t\t\t\t<\/div>\n\t\t\t\t<div class=\"elementor-element elementor-element-dae7d33 elementor-widget__width-inherit elementor-widget elementor-widget-image\" data-id=\"dae7d33\" data-element_type=\"widget\" data-e-type=\"widget\" data-widget_type=\"image.default\">\n\t\t\t\t\t\t\t\t\t\t\t\t\t\t\t<img decoding=\"async\" src=\"https:\/\/filmityot.fi\/wp-content\/uploads\/2023\/02\/Mastercard-logo.svg-1.png\" title=\"\" alt=\"\" loading=\"lazy\" \/>\t\t\t\t\t\t\t\t\t\t\t\t\t\t\t<\/div>\n\t\t\t\t<div class=\"elementor-element elementor-element-b75ba41 elementor-widget__width-inherit elementor-widget elementor-widget-image\" data-id=\"b75ba41\" data-element_type=\"widget\" data-e-type=\"widget\" data-widget_type=\"image.default\">\n\t\t\t\t\t\t\t\t\t\t\t\t\t\t\t<img decoding=\"async\" width=\"800\" height=\"380\" src=\"https:\/\/www.filmityot.fi\/wp-content\/uploads\/2023\/03\/Google_Pay_Logo.svg-1024x486.png\" class=\"attachment-large size-large wp-image-3348\" alt=\"\" srcset=\"https:\/\/www.filmityot.fi\/wp-content\/uploads\/2023\/03\/Google_Pay_Logo.svg-1024x486.png 1024w, https:\/\/www.filmityot.fi\/wp-content\/uploads\/2023\/03\/Google_Pay_Logo.svg-300x143.png 300w, https:\/\/www.filmityot.fi\/wp-content\/uploads\/2023\/03\/Google_Pay_Logo.svg-768x365.png 768w, https:\/\/www.filmityot.fi\/wp-content\/uploads\/2023\/03\/Google_Pay_Logo.svg-1536x730.png 1536w, https:\/\/www.filmityot.fi\/wp-content\/uploads\/2023\/03\/Google_Pay_Logo.svg-2048x973.png 2048w, https:\/\/www.filmityot.fi\/wp-content\/uploads\/2023\/03\/Google_Pay_Logo.svg-600x285.png 600w\" sizes=\"(max-width: 800px) 100vw, 800px\" \/>\t\t\t\t\t\t\t\t\t\t\t\t\t\t\t<\/div>\n\t\t\t\t<\/div>\n\t\t\t\t\t<\/div>\n\t\t\t\t<\/div>\n\t\t<div class=\"elementor-element elementor-element-6d16539 elementor-hidden-desktop elementor-hidden-tablet elementor-hidden-mobile e-flex e-con-boxed e-con e-parent\" data-id=\"6d16539\" data-element_type=\"container\" data-e-type=\"container\" data-settings=\"{&quot;jet_parallax_layout_list&quot;:[]}\">\n\t\t\t\t\t<div class=\"e-con-inner\">\n\t\t\t\t<div class=\"elementor-element elementor-element-4a5c31c elementor-widget elementor-widget-image\" data-id=\"4a5c31c\" data-element_type=\"widget\" data-e-type=\"widget\" data-widget_type=\"image.default\">\n\t\t\t\t\t\t\t\t\t\t\t\t\t\t\t<img decoding=\"async\" width=\"1040\" height=\"135\" src=\"https:\/\/www.filmityot.fi\/wp-content\/uploads\/2023\/01\/c.png\" class=\"attachment-full size-full wp-image-1749\" alt=\"\" srcset=\"https:\/\/www.filmityot.fi\/wp-content\/uploads\/2023\/01\/c.png 1040w, https:\/\/www.filmityot.fi\/wp-content\/uploads\/2023\/01\/c-600x78.png 600w, https:\/\/www.filmityot.fi\/wp-content\/uploads\/2023\/01\/c-300x39.png 300w, https:\/\/www.filmityot.fi\/wp-content\/uploads\/2023\/01\/c-1024x133.png 1024w, https:\/\/www.filmityot.fi\/wp-content\/uploads\/2023\/01\/c-768x100.png 768w\" sizes=\"(max-width: 1040px) 100vw, 1040px\" \/>\t\t\t\t\t\t\t\t\t\t\t\t\t\t\t<\/div>\n\t\t\t\t<div class=\"elementor-element elementor-element-53cf7bd elementor-widget elementor-widget-heading\" data-id=\"53cf7bd\" data-element_type=\"widget\" data-e-type=\"widget\" data-widget_type=\"heading.default\">\n\t\t\t\t\t<h4 class=\"elementor-heading-title elementor-size-xl\">Premium-tilill\u00e4 sain rooleja!<\/h4>\t\t\t\t<\/div>\n\t\t<div class=\"elementor-element elementor-element-45e1b2f e-flex e-con-boxed e-con e-child\" data-id=\"45e1b2f\" data-element_type=\"container\" data-e-type=\"container\" data-settings=\"{&quot;jet_parallax_layout_list&quot;:[]}\">\n\t\t\t\t\t<div class=\"e-con-inner\">\n\t\t<div class=\"elementor-element elementor-element-6a70a30 e-flex e-con-boxed e-con e-child\" data-id=\"6a70a30\" data-element_type=\"container\" data-e-type=\"container\" data-settings=\"{&quot;jet_parallax_layout_list&quot;:[]}\">\n\t\t\t\t\t<div class=\"e-con-inner\">\n\t\t\t\t<div class=\"elementor-element elementor-element-09516e3 elementor-widget elementor-widget-image\" data-id=\"09516e3\" data-element_type=\"widget\" data-e-type=\"widget\" data-widget_type=\"image.default\">\n\t\t\t\t\t\t\t\t\t\t\t\t\t\t\t<img decoding=\"async\" width=\"612\" height=\"612\" src=\"https:\/\/www.filmityot.fi\/wp-content\/uploads\/2023\/02\/profile-pic-2.png\" class=\"attachment-large size-large wp-image-1021\" alt=\"\" srcset=\"https:\/\/www.filmityot.fi\/wp-content\/uploads\/2023\/02\/profile-pic-2.png 612w, https:\/\/www.filmityot.fi\/wp-content\/uploads\/2023\/02\/profile-pic-2-300x300.png 300w, https:\/\/www.filmityot.fi\/wp-content\/uploads\/2023\/02\/profile-pic-2-100x100.png 100w, https:\/\/www.filmityot.fi\/wp-content\/uploads\/2023\/02\/profile-pic-2-600x600.png 600w, https:\/\/www.filmityot.fi\/wp-content\/uploads\/2023\/02\/profile-pic-2-150x150.png 150w\" sizes=\"(max-width: 612px) 100vw, 612px\" \/>\t\t\t\t\t\t\t\t\t\t\t\t\t\t\t<\/div>\n\t\t\t\t<div class=\"elementor-element elementor-element-34c6f7e elementor-widget elementor-widget-text-editor\" data-id=\"34c6f7e\" data-element_type=\"widget\" data-e-type=\"widget\" data-widget_type=\"text-editor.default\">\n\t\t\t\t\t\t\t\t\t<p>Jukka L<\/p>\t\t\t\t\t\t\t\t<\/div>\n\t\t\t\t\t<\/div>\n\t\t\t\t<\/div>\n\t\t<div class=\"elementor-element elementor-element-4e8d9e6 e-flex e-con-boxed e-con e-child\" data-id=\"4e8d9e6\" data-element_type=\"container\" data-e-type=\"container\" data-settings=\"{&quot;jet_parallax_layout_list&quot;:[]}\">\n\t\t\t\t\t<div class=\"e-con-inner\">\n\t\t\t\t<div class=\"elementor-element elementor-element-5cf85a2 elementor-widget elementor-widget-image\" data-id=\"5cf85a2\" data-element_type=\"widget\" data-e-type=\"widget\" data-widget_type=\"image.default\">\n\t\t\t\t\t\t\t\t\t\t\t\t\t\t\t<img decoding=\"async\" width=\"612\" height=\"612\" src=\"https:\/\/www.filmityot.fi\/wp-content\/uploads\/2023\/02\/profile-pic-2.png\" class=\"attachment-large size-large wp-image-1021\" alt=\"\" srcset=\"https:\/\/www.filmityot.fi\/wp-content\/uploads\/2023\/02\/profile-pic-2.png 612w, https:\/\/www.filmityot.fi\/wp-content\/uploads\/2023\/02\/profile-pic-2-300x300.png 300w, https:\/\/www.filmityot.fi\/wp-content\/uploads\/2023\/02\/profile-pic-2-100x100.png 100w, https:\/\/www.filmityot.fi\/wp-content\/uploads\/2023\/02\/profile-pic-2-600x600.png 600w, https:\/\/www.filmityot.fi\/wp-content\/uploads\/2023\/02\/profile-pic-2-150x150.png 150w\" sizes=\"(max-width: 612px) 100vw, 612px\" \/>\t\t\t\t\t\t\t\t\t\t\t\t\t\t\t<\/div>\n\t\t\t\t<div class=\"elementor-element elementor-element-763df28 elementor-widget elementor-widget-text-editor\" data-id=\"763df28\" data-element_type=\"widget\" data-e-type=\"widget\" data-widget_type=\"text-editor.default\">\n\t\t\t\t\t\t\t\t\t<p>Marja P<\/p>\t\t\t\t\t\t\t\t<\/div>\n\t\t\t\t\t<\/div>\n\t\t\t\t<\/div>\n\t\t<div class=\"elementor-element elementor-element-808850c e-flex e-con-boxed e-con e-child\" data-id=\"808850c\" data-element_type=\"container\" data-e-type=\"container\" data-settings=\"{&quot;jet_parallax_layout_list&quot;:[]}\">\n\t\t\t\t\t<div class=\"e-con-inner\">\n\t\t\t\t<div class=\"elementor-element elementor-element-74b7ee4 elementor-widget elementor-widget-image\" data-id=\"74b7ee4\" data-element_type=\"widget\" data-e-type=\"widget\" data-widget_type=\"image.default\">\n\t\t\t\t\t\t\t\t\t\t\t\t\t\t\t<img decoding=\"async\" width=\"612\" height=\"612\" src=\"https:\/\/www.filmityot.fi\/wp-content\/uploads\/2023\/02\/profile-pic-2.png\" class=\"attachment-large size-large wp-image-1021\" alt=\"\" srcset=\"https:\/\/www.filmityot.fi\/wp-content\/uploads\/2023\/02\/profile-pic-2.png 612w, https:\/\/www.filmityot.fi\/wp-content\/uploads\/2023\/02\/profile-pic-2-300x300.png 300w, https:\/\/www.filmityot.fi\/wp-content\/uploads\/2023\/02\/profile-pic-2-100x100.png 100w, https:\/\/www.filmityot.fi\/wp-content\/uploads\/2023\/02\/profile-pic-2-600x600.png 600w, https:\/\/www.filmityot.fi\/wp-content\/uploads\/2023\/02\/profile-pic-2-150x150.png 150w\" sizes=\"(max-width: 612px) 100vw, 612px\" \/>\t\t\t\t\t\t\t\t\t\t\t\t\t\t\t<\/div>\n\t\t\t\t<div class=\"elementor-element elementor-element-67a35e3 elementor-widget elementor-widget-text-editor\" data-id=\"67a35e3\" data-element_type=\"widget\" data-e-type=\"widget\" data-widget_type=\"text-editor.default\">\n\t\t\t\t\t\t\t\t\t<p>Jimi H<\/p>\t\t\t\t\t\t\t\t<\/div>\n\t\t\t\t\t<\/div>\n\t\t\t\t<\/div>\n\t\t<div class=\"elementor-element elementor-element-5a93d04 e-flex e-con-boxed e-con e-child\" data-id=\"5a93d04\" data-element_type=\"container\" data-e-type=\"container\" data-settings=\"{&quot;jet_parallax_layout_list&quot;:[]}\">\n\t\t\t\t\t<div class=\"e-con-inner\">\n\t\t\t\t<div class=\"elementor-element elementor-element-fc805ba elementor-widget elementor-widget-image\" data-id=\"fc805ba\" data-element_type=\"widget\" data-e-type=\"widget\" data-widget_type=\"image.default\">\n\t\t\t\t\t\t\t\t\t\t\t\t\t\t\t<img decoding=\"async\" width=\"612\" height=\"612\" src=\"https:\/\/www.filmityot.fi\/wp-content\/uploads\/2023\/02\/profile-pic-2.png\" class=\"attachment-large size-large wp-image-1021\" alt=\"\" srcset=\"https:\/\/www.filmityot.fi\/wp-content\/uploads\/2023\/02\/profile-pic-2.png 612w, https:\/\/www.filmityot.fi\/wp-content\/uploads\/2023\/02\/profile-pic-2-300x300.png 300w, https:\/\/www.filmityot.fi\/wp-content\/uploads\/2023\/02\/profile-pic-2-100x100.png 100w, https:\/\/www.filmityot.fi\/wp-content\/uploads\/2023\/02\/profile-pic-2-600x600.png 600w, https:\/\/www.filmityot.fi\/wp-content\/uploads\/2023\/02\/profile-pic-2-150x150.png 150w\" sizes=\"(max-width: 612px) 100vw, 612px\" \/>\t\t\t\t\t\t\t\t\t\t\t\t\t\t\t<\/div>\n\t\t\t\t<div class=\"elementor-element elementor-element-f4d0f74 elementor-widget elementor-widget-text-editor\" data-id=\"f4d0f74\" data-element_type=\"widget\" data-e-type=\"widget\" data-widget_type=\"text-editor.default\">\n\t\t\t\t\t\t\t\t\t<p>Pirjo X<\/p>\t\t\t\t\t\t\t\t<\/div>\n\t\t\t\t\t<\/div>\n\t\t\t\t<\/div>\n\t\t<div class=\"elementor-element elementor-element-e158782 e-flex e-con-boxed e-con e-child\" data-id=\"e158782\" data-element_type=\"container\" data-e-type=\"container\" data-settings=\"{&quot;jet_parallax_layout_list&quot;:[]}\">\n\t\t\t\t\t<div class=\"e-con-inner\">\n\t\t\t\t<div class=\"elementor-element elementor-element-d4cb31a elementor-widget elementor-widget-image\" data-id=\"d4cb31a\" data-element_type=\"widget\" data-e-type=\"widget\" data-widget_type=\"image.default\">\n\t\t\t\t\t\t\t\t\t\t\t\t\t\t\t<img decoding=\"async\" width=\"612\" height=\"612\" src=\"https:\/\/www.filmityot.fi\/wp-content\/uploads\/2023\/02\/profile-pic-2.png\" class=\"attachment-large size-large wp-image-1021\" alt=\"\" srcset=\"https:\/\/www.filmityot.fi\/wp-content\/uploads\/2023\/02\/profile-pic-2.png 612w, https:\/\/www.filmityot.fi\/wp-content\/uploads\/2023\/02\/profile-pic-2-300x300.png 300w, https:\/\/www.filmityot.fi\/wp-content\/uploads\/2023\/02\/profile-pic-2-100x100.png 100w, https:\/\/www.filmityot.fi\/wp-content\/uploads\/2023\/02\/profile-pic-2-600x600.png 600w, https:\/\/www.filmityot.fi\/wp-content\/uploads\/2023\/02\/profile-pic-2-150x150.png 150w\" sizes=\"(max-width: 612px) 100vw, 612px\" \/>\t\t\t\t\t\t\t\t\t\t\t\t\t\t\t<\/div>\n\t\t\t\t<div class=\"elementor-element elementor-element-b0f1e30 elementor-widget elementor-widget-text-editor\" data-id=\"b0f1e30\" data-element_type=\"widget\" data-e-type=\"widget\" data-widget_type=\"text-editor.default\">\n\t\t\t\t\t\t\t\t\t<p>Kanerva Y<\/p>\t\t\t\t\t\t\t\t<\/div>\n\t\t\t\t\t<\/div>\n\t\t\t\t<\/div>\n\t\t\t\t\t<\/div>\n\t\t\t\t<\/div>\n\t\t\t\t\t<\/div>\n\t\t\t\t<\/div>\n\t\t\t\t<\/div>","protected":false},"excerpt":{"rendered":"<p>Premium-tili: Hae rooleja keikkoihin Premium-tilill\u00e4 on entist\u00e4 paremmat ominaisuudet tehd\u00e4 k\u00e4ytt\u00e4j\u00e4profiilista tuottajia ja roolittajia kiinnostava. Vaikka Premium-tili on maksullinen, hinta on silti muodollinen: vain 2,90\u20ac\/kk tai vuodeksi 14,50\u20ac\/v (hinnat sis.alvin 25,5%) Keikkoihin hakeminen edellytt\u00e4\u00e4 Premium-tili\u00e4. Ilmaisella Free-tilill\u00e4 voi tehd\u00e4 profiilin, selata keikkailmoituksia ja kaikkia muita sis\u00e4lt\u00f6j\u00e4, mutta ei voi hakea keikkoja. Huom. Premiumilla voit my\u00f6s [&hellip;]<\/p>","protected":false},"author":110,"featured_media":0,"parent":0,"menu_order":0,"comment_status":"closed","ping_status":"closed","template":"","meta":{"_acf_changed":false,"footnotes":""},"class_list":["post-2554","page","type-page","status-publish","hentry"],"acf":[],"_links":{"self":[{"href":"https:\/\/www.filmityot.fi\/en\/wp-json\/wp\/v2\/pages\/2554","targetHints":{"allow":["GET"]}}],"collection":[{"href":"https:\/\/www.filmityot.fi\/en\/wp-json\/wp\/v2\/pages"}],"about":[{"href":"https:\/\/www.filmityot.fi\/en\/wp-json\/wp\/v2\/types\/page"}],"author":[{"embeddable":true,"href":"https:\/\/www.filmityot.fi\/en\/wp-json\/wp\/v2\/users\/110"}],"replies":[{"embeddable":true,"href":"https:\/\/www.filmityot.fi\/en\/wp-json\/wp\/v2\/comments?post=2554"}],"version-history":[{"count":1,"href":"https:\/\/www.filmityot.fi\/en\/wp-json\/wp\/v2\/pages\/2554\/revisions"}],"predecessor-version":[{"id":210318,"href":"https:\/\/www.filmityot.fi\/en\/wp-json\/wp\/v2\/pages\/2554\/revisions\/210318"}],"wp:attachment":[{"href":"https:\/\/www.filmityot.fi\/en\/wp-json\/wp\/v2\/media?parent=2554"}],"curies":[{"name":"wp","href":"https:\/\/api.w.org\/{rel}","templated":true}]}}