{"id":2466,"date":"2023-03-03T15:01:05","date_gmt":"2023-03-03T13:01:05","guid":{"rendered":"https:\/\/filmityot.fi\/?page_id=2466"},"modified":"2025-03-17T18:17:07","modified_gmt":"2025-03-17T16:17:07","slug":"unohtunut-salasana","status":"publish","type":"page","link":"https:\/\/www.filmityot.fi\/en\/unohtunut-salasana\/","title":{"rendered":"Unohtunut salasana"},"content":{"rendered":"<div data-elementor-type=\"wp-page\" data-elementor-id=\"2466\" class=\"elementor elementor-2466\" data-elementor-post-type=\"page\">\n\t\t\t\t<div class=\"elementor-element elementor-element-f627dfd e-flex e-con-boxed e-con e-parent\" data-id=\"f627dfd\" data-element_type=\"container\" data-e-type=\"container\" data-settings=\"{&quot;jet_parallax_layout_list&quot;:[]}\">\n\t\t\t\t\t<div class=\"e-con-inner\">\n\t\t\t\t<div class=\"elementor-element elementor-element-6363a2e elementor-widget elementor-widget-heading\" data-id=\"6363a2e\" data-element_type=\"widget\" data-e-type=\"widget\" data-widget_type=\"heading.default\">\n\t\t\t\t\t<h1 class=\"elementor-heading-title elementor-size-xxl\">Palauta <span>salasana<\/span>!<\/h1>\t\t\t\t<\/div>\n\t\t\t\t<div class=\"elementor-element elementor-element-35ada5f elementor-widget-divider--view-line elementor-widget elementor-widget-divider\" data-id=\"35ada5f\" data-element_type=\"widget\" data-e-type=\"widget\" data-widget_type=\"divider.default\">\n\t\t\t\t\t\t\t<div class=\"elementor-divider\">\n\t\t\t<span class=\"elementor-divider-separator\">\n\t\t\t\t\t\t<\/span>\n\t\t<\/div>\n\t\t\t\t\t\t<\/div>\n\t\t\t\t<div class=\"elementor-element elementor-element-764655b elementor-widget elementor-widget-jet-reset\" data-id=\"764655b\" data-element_type=\"widget\" data-e-type=\"widget\" data-widget_type=\"jet-reset.default\">\n\t\t\t\t<div class=\"elementor-widget-container\">\n\t\t\t\t\t\n<div class=\"jet-reset\">\n\n\t\n\t\n\t<form id=\"lostpasswordform\" class=\"jet-reset__form\" name=\"lostpasswordform\" method=\"post\" action=\"\">\n\n\t\t\n\t\t\n\t\t<p class=\"jet_reset__user-info\">\n\n\t\t\t<label for=\"jet_reset_user_info\">Sy\u00f6t\u00e4 s\u00e4hk\u00f6postiosoite:<\/label>\n\t\t\t<input class=\"input\" type=\"text\" name=\"jet_reset_user_info\" id=\"jet_reset_user_info\">\n\n\t\t<\/p>\n\n\t\t<div class=\"jet-reset__submit\">\n\n\t\t\t<input type=\"hidden\" id=\"jet_reset_nonce\" name=\"jet_reset_nonce\" value=\"da4d90edf6\" \/><input type=\"hidden\" name=\"_wp_http_referer\" value=\"\/en\/wp-json\/wp\/v2\/pages\/2466\" \/>\t\t\t<input type=\"hidden\" name=\"submitted\" id=\"submitted\" value=\"true\">\n\t\t\t<input type=\"hidden\" name=\"jet_reset_action\" id=\"jet_reset_post_action\" value=\"jet_reset_lost_pass\">\n\t\t\t<button type=\"submit\" id=\"jet-reset-pass-submit\" name=\"jet-reset-pass-submit\" class=\"button button-primary jet-reset__button\">Nollaa salasana<\/button>\n\n\t\t<\/div>\n\n\t<input type=\"hidden\" name=\"etm-form-language\" value=\"en\"\/><\/form>\n\n\t\n<\/div>\t\t\t\t<\/div>\n\t\t\t\t<\/div>\n\t\t\t\t<div class=\"elementor-element elementor-element-1a58ff0 elementor-hidden-desktop elementor-hidden-tablet elementor-hidden-mobile elementor-widget elementor-widget-wpforms\" data-id=\"1a58ff0\" data-element_type=\"widget\" data-e-type=\"widget\" data-widget_type=\"wpforms.default\">\n\t\t\t\t<div class=\"elementor-widget-container\">\n\t\t\t\t\t<div class=\"wpforms-container wpforms-container-full\" id=\"wpforms-168340\"><form id=\"wpforms-form-168340\" class=\"wpforms-validate wpforms-form wpforms-ajax-form\" data-formid=\"168340\" method=\"post\" enctype=\"multipart\/form-data\" action=\"\/en\/wp-json\/wp\/v2\/pages\/2466\" data-token=\"b642fa134f8d11c1825f36160def5ae9\" data-token-time=\"1777196011\" data-etm-original-action=\"\/en\/wp-json\/wp\/v2\/pages\/2466\"><noscript class=\"wpforms-error-noscript\">Please enable JavaScript in your browser to complete this form.<\/noscript><div class=\"wpforms-field-container\">\t\t<div id=\"wpforms-168340-field_2-container\"\n\t\t\tclass=\"wpforms-field wpforms-field-text\"\n\t\t\tdata-field-type=\"text\"\n\t\t\tdata-field-id=\"2\"\n\t\t\t>\n\t\t\t<label class=\"wpforms-field-label\" for=\"wpforms-168340-field_2\" >Username Email or<\/label>\n\t\t\t<input type=\"text\" id=\"wpforms-168340-field_2\" class=\"wpforms-field-medium\" name=\"wpforms[fields][2]\" >\n\t\t<\/div>\n\t\t<div id=\"wpforms-168340-field_1-container\" class=\"wpforms-field wpforms-field-text\" data-field-id=\"1\"><label class=\"wpforms-field-label\" for=\"wpforms-168340-field_1\">Username or Email <span class=\"wpforms-required-label\">*<\/span><\/label><input type=\"text\" id=\"wpforms-168340-field_1\" class=\"wpforms-field-medium wpforms-field-required\" name=\"wpforms[fields][1]\" required><\/div><script>\n\t\t\t\t( function() {\n\t\t\t\t\tconst style = document.createElement( 'style' );\n\t\t\t\t\tstyle.appendChild( document.createTextNode( '#wpforms-168340-field_2-container { position: absolute !important; overflow: hidden !important; display: inline !important; height: 1px !important; width: 1px !important; z-index: -1000 !important; padding: 0 !important; } #wpforms-168340-field_2-container input { visibility: hidden; } #wpforms-conversational-form-page #wpforms-168340-field_2-container label { counter-increment: none; }' ) );\n\t\t\t\t\tdocument.head.appendChild( style );\n\t\t\t\t\tdocument.currentScript?.remove();\n\t\t\t\t} )();\n\t\t\t<\/script><\/div><!-- .wpforms-field-container --><div class=\"wpforms-submit-container\" ><input type=\"hidden\" name=\"wpforms[id]\" value=\"168340\"><input type=\"hidden\" name=\"page_title\" value=\"\"><input type=\"hidden\" name=\"page_url\" value=\"https:\/\/www.filmityot.fi\/en\/wp-json\/wp\/v2\/pages\/2466\"><input type=\"hidden\" name=\"url_referer\" value=\"\"><button type=\"submit\" name=\"wpforms[submit]\" id=\"wpforms-submit-168340\" class=\"wpforms-submit\" aria-live=\"assertive\" value=\"wpforms-submit\">Submit<\/button><img decoding=\"async\" src=\"https:\/\/www.filmityot.fi\/wp-content\/plugins\/wpforms\/assets\/images\/submit-spin.svg\" class=\"wpforms-submit-spinner\" style=\"display: none;\" width=\"26\" height=\"26\" alt=\"Loading\"><\/div><input type=\"hidden\" name=\"etm-form-language\" value=\"en\"\/><\/form><\/div>  <!-- .wpforms-container -->\t\t\t\t<\/div>\n\t\t\t\t<\/div>\n\t\t\t\t\t<\/div>\n\t\t\t\t<\/div>\n\t\t<div class=\"elementor-element elementor-element-073fba8 e-flex e-con-boxed e-con e-parent\" data-id=\"073fba8\" data-element_type=\"container\" data-e-type=\"container\" data-settings=\"{&quot;jet_parallax_layout_list&quot;:[]}\">\n\t\t\t\t\t<div class=\"e-con-inner\">\n\t\t\t\t\t<\/div>\n\t\t\t\t<\/div>\n\t\t\t\t<\/div>","protected":false},"excerpt":{"rendered":"<p>Palauta salasana! Sy\u00f6t\u00e4 s\u00e4hk\u00f6postiosoite: Nollaa salasana Please enable JavaScript in your browser to complete this form.Username or Email *Password *PasswordConfirm Password Submit<\/p>","protected":false},"author":1,"featured_media":0,"parent":0,"menu_order":0,"comment_status":"closed","ping_status":"closed","template":"","meta":{"_acf_changed":false,"footnotes":""},"class_list":["post-2466","page","type-page","status-publish","hentry"],"acf":[],"_links":{"self":[{"href":"https:\/\/www.filmityot.fi\/en\/wp-json\/wp\/v2\/pages\/2466","targetHints":{"allow":["GET"]}}],"collection":[{"href":"https:\/\/www.filmityot.fi\/en\/wp-json\/wp\/v2\/pages"}],"about":[{"href":"https:\/\/www.filmityot.fi\/en\/wp-json\/wp\/v2\/types\/page"}],"author":[{"embeddable":true,"href":"https:\/\/www.filmityot.fi\/en\/wp-json\/wp\/v2\/users\/1"}],"replies":[{"embeddable":true,"href":"https:\/\/www.filmityot.fi\/en\/wp-json\/wp\/v2\/comments?post=2466"}],"version-history":[{"count":0,"href":"https:\/\/www.filmityot.fi\/en\/wp-json\/wp\/v2\/pages\/2466\/revisions"}],"wp:attachment":[{"href":"https:\/\/www.filmityot.fi\/en\/wp-json\/wp\/v2\/media?parent=2466"}],"curies":[{"name":"wp","href":"https:\/\/api.w.org\/{rel}","templated":true}]}}