{"id":232,"date":"2023-01-22T16:40:35","date_gmt":"2023-01-22T14:40:35","guid":{"rendered":"https:\/\/filmityot.fi\/keikat\/"},"modified":"2023-03-15T13:56:59","modified_gmt":"2023-03-15T11:56:59","slug":"keikat","status":"publish","type":"page","link":"https:\/\/www.filmityot.fi\/en\/keikat\/","title":{"rendered":"Keikat"},"content":{"rendered":"<div data-elementor-type=\"wp-page\" data-elementor-id=\"232\" class=\"elementor elementor-232\" data-elementor-post-type=\"page\">\n\t\t\t\t<div class=\"elementor-element elementor-element-962beeb e-flex e-con-boxed e-con e-parent\" data-id=\"962beeb\" data-element_type=\"container\" data-e-type=\"container\" data-settings=\"{&quot;jet_parallax_layout_list&quot;:[],&quot;background_background&quot;:&quot;classic&quot;}\">\n\t\t\t\t\t<div class=\"e-con-inner\">\n\t\t\t\t<div class=\"elementor-element elementor-element-ff1ada8 elementor-widget elementor-widget-heading\" data-id=\"ff1ada8\" data-element_type=\"widget\" data-e-type=\"widget\" data-widget_type=\"heading.default\">\n\t\t\t\t\t<h1 class=\"elementor-heading-title elementor-size-xxl\">Keikka&shy;haku<\/h1>\t\t\t\t<\/div>\n\t\t\t\t<div class=\"elementor-element elementor-element-6a7595e elementor-widget elementor-widget-shortcode\" data-id=\"6a7595e\" data-element_type=\"widget\" data-e-type=\"widget\" data-widget_type=\"shortcode.default\">\n\t\t\t\t\t\t\t<div class=\"elementor-shortcode\"><div class=\"job_listings\" data-location=\"\" data-keywords=\"\" data-show_filters=\"true\" data-show_pagination=\"false\" data-per_page=\"10\" data-orderby=\"featured\" data-order=\"DESC\" data-categories=\"\" data-disable-form-state-storage=\"\" data-featured_first=\"false\" data-post_id=\"232\" >\n<form class=\"job_filters\" action=\"\">\n\t\n\t<div class=\"search_jobs\">\n\t\t\n\t\t<div class=\"search_keywords\">\n\t\t\t<label for=\"search_keywords\">Vapaa sanahaku<\/label>\n\t\t\t<input type=\"text\" name=\"search_keywords\" id=\"search_keywords\" placeholder=\"Keywords\" value=\"\" \/>\n\t\t<\/div>\n\n\t\t\n\t\t\t\t\t<div class=\"search_submit\">\n\t\t\t\t<input type=\"submit\" value=\"Search Jobs\">\n\t\t\t<\/div>\n\t\t\n\t\t\t<\/div>\n\n\t\t<ul class=\"job_types\">\n\t\t\t\t\t<li><label for=\"job_type_aaninayttelija\" class=\"aaninayttelija\"><input type=\"checkbox\" name=\"filter_job_type[]\" value=\"aaninayttelija\"  checked='checked' id=\"job_type_aaninayttelija\" \/> <span>\u00c4\u00e4nin\u00e4yttelij\u00e4<\/span><\/label><\/li>\n\t\t\t\t\t<li><label for=\"job_type_avustajat\" class=\"avustajat\"><input type=\"checkbox\" name=\"filter_job_type[]\" value=\"avustajat\"  checked='checked' id=\"job_type_avustajat\" \/> <span>Avustajat<\/span><\/label><\/li>\n\t\t\t\t\t<li><label for=\"job_type_bodydouble\" class=\"bodydouble\"><input type=\"checkbox\" name=\"filter_job_type[]\" value=\"bodydouble\"  checked='checked' id=\"job_type_bodydouble\" \/> <span>BodyDouble<\/span><\/label><\/li>\n\t\t\t\t\t<li><label for=\"job_type_crew\" class=\"crew\"><input type=\"checkbox\" name=\"filter_job_type[]\" value=\"crew\"  checked='checked' id=\"job_type_crew\" \/> <span>Crew<\/span><\/label><\/li>\n\t\t\t\t\t<li><label for=\"job_type_esiintyja\" class=\"esiintyja\"><input type=\"checkbox\" name=\"filter_job_type[]\" value=\"esiintyja\"  checked='checked' id=\"job_type_esiintyja\" \/> <span>Esiintyj\u00e4<\/span><\/label><\/li>\n\t\t\t\t\t<li><label for=\"job_type_freelancer\" class=\"freelancer\"><input type=\"checkbox\" name=\"filter_job_type[]\" value=\"freelancer\"  checked='checked' id=\"job_type_freelancer\" \/> <span>Freelancer<\/span><\/label><\/li>\n\t\t\t\t\t<li><label for=\"job_type_laulaja\" class=\"laulaja\"><input type=\"checkbox\" name=\"filter_job_type[]\" value=\"laulaja\"  checked='checked' id=\"job_type_laulaja\" \/> <span>Laulaja<\/span><\/label><\/li>\n\t\t\t\t\t<li><label for=\"job_type_malli\" class=\"malli\"><input type=\"checkbox\" name=\"filter_job_type[]\" value=\"malli\"  checked='checked' id=\"job_type_malli\" \/> <span>Malli<\/span><\/label><\/li>\n\t\t\t\t\t<li><label for=\"job_type_nayttelija\" class=\"nayttelija\"><input type=\"checkbox\" name=\"filter_job_type[]\" value=\"nayttelija\"  checked='checked' id=\"job_type_nayttelija\" \/> <span>N\u00e4yttelij\u00e4<\/span><\/label><\/li>\n\t\t\t\t\t<li><label for=\"job_type_statisti\" class=\"statisti\"><input type=\"checkbox\" name=\"filter_job_type[]\" value=\"statisti\"  checked='checked' id=\"job_type_statisti\" \/> <span>Statisti<\/span><\/label><\/li>\n\t\t\t\t\t<li><label for=\"job_type_taiteilija\" class=\"taiteilija\"><input type=\"checkbox\" name=\"filter_job_type[]\" value=\"taiteilija\"  checked='checked' id=\"job_type_taiteilija\" \/> <span>Taiteilija<\/span><\/label><\/li>\n\t\t\t\t\t<li><label for=\"job_type_tanssija\" class=\"tanssija\"><input type=\"checkbox\" name=\"filter_job_type[]\" value=\"tanssija\"  checked='checked' id=\"job_type_tanssija\" \/> <span>Tanssija<\/span><\/label><\/li>\n\t\t\t\t\t<li><label for=\"job_type_tapahtumahenkilokunta\" class=\"tapahtumahenkilokunta\"><input type=\"checkbox\" name=\"filter_job_type[]\" value=\"tapahtumahenkilokunta\"  checked='checked' id=\"job_type_tapahtumahenkilokunta\" \/> <span>Tapahtumahenkil\u00f6kunta<\/span><\/label><\/li>\n\t\t\t\t\t<li><label for=\"job_type_tv-ohjelma\" class=\"tv-ohjelma\"><input type=\"checkbox\" name=\"filter_job_type[]\" value=\"tv-ohjelma\"  checked='checked' id=\"job_type_tv-ohjelma\" \/> <span>TV-ohjelma<\/span><\/label><\/li>\n\t\t\t\t\t<li><label for=\"job_type_yleiso\" class=\"yleiso\"><input type=\"checkbox\" name=\"filter_job_type[]\" value=\"yleiso\"  checked='checked' id=\"job_type_yleiso\" \/> <span>Yleis\u00f6<\/span><\/label><\/li>\n\t\t\t<\/ul>\n\t<input type=\"hidden\" name=\"filter_job_type[]\" value=\"\" \/>\n<div class=\"showing_jobs\"><\/div><input type=\"hidden\" name=\"etm-form-language\" value=\"en\"\/><\/form>\n\n\n<noscript>Your browser does not support JavaScript, or it is disabled. JavaScript must be enabled in order to view listings.<\/noscript>\n<ul class=\"job_listings\">\n<\/ul>\n<a class=\"load_more_jobs\" href=\"#\" style=\"display:none;\"><strong>Load more listings<\/strong><\/a><dialog class=\"jm-dialog\" id=\"jm_add_alert_modal\">\n\t<div class=\"jm-dialog-open\">\n\t\t<div class=\"jm-dialog-backdrop\" onclick=\"jm_add_alert_modal.close()\"><\/div>\n\t\t<div class=\"jm-dialog-modal\" style=\"width: 500px;\">\n\t\t\t<div class=\"jm-dialog-modal-container\">\n\t\t\t\t<div class=\"jm-dialog-modal-content\">\n<div class=\"jm-notice has-actions has-header\" role=\"status\">\n\t\t\t<div class=\"jm-notice__header\">\n\t\t\t\t\t\t<div class=\"jm-notice__title\">Add Alert<\/div>\n\t\t<\/div>\n\t\t\t\t<div\n\t\t\tclass=\"jm-notice__message-wrap\">\n\t\t\t\t\t\t\t\t\t<div\n\t\t\t\tclass=\"jm-notice__message\">Sign in or create an account to continue.<\/div>\n\t\t<\/div>\n\t\t\t\t\t<div class=\"jm-notice__footer\">\n\t\t\t<div class=\"jm-ui-actions-row\"><a class=\"jm-ui-button\" href=\"https:\/\/www.filmityot.fi\/wp-login.php?redirect_to=https%3A%2F%2Fwww.filmityot.fi%2Fen%2Fkeikat%2F\"><span>Sign in<\/span><\/a><a class=\"jm-ui-button--outline\" href=\"https:\/\/www.filmityot.fi\/wp-login.php?action=register\"><span>Create Account<\/span><\/a><\/div>\t\t<\/div>\n\t<\/div>\n<\/div>\n\t\t\t\t<a href=\"#\" role=\"button\" class=\"jm-ui-button--icon jm-dialog-close\" onclick=\"jm_add_alert_modal.close();  event.preventDefault();\" aria-label=\"Close\"><span class=\"jm-ui-button__icon\"><\/span><\/a>\n\t\t\t<\/div>\n\t\t<\/div>\n\t<\/div>\n<\/dialog><\/div><\/div>\n\t\t\t\t\t\t<\/div>\n\t\t\t\t\t<\/div>\n\t\t\t\t<\/div>\n\t\t\t\t<\/div>","protected":false},"excerpt":{"rendered":"<p>Keikka&shy;haku<\/p>","protected":false},"author":1,"featured_media":0,"parent":0,"menu_order":0,"comment_status":"closed","ping_status":"closed","template":"","meta":{"_acf_changed":false,"footnotes":""},"class_list":["post-232","page","type-page","status-publish","hentry"],"acf":[],"_links":{"self":[{"href":"https:\/\/www.filmityot.fi\/en\/wp-json\/wp\/v2\/pages\/232","targetHints":{"allow":["GET"]}}],"collection":[{"href":"https:\/\/www.filmityot.fi\/en\/wp-json\/wp\/v2\/pages"}],"about":[{"href":"https:\/\/www.filmityot.fi\/en\/wp-json\/wp\/v2\/types\/page"}],"author":[{"embeddable":true,"href":"https:\/\/www.filmityot.fi\/en\/wp-json\/wp\/v2\/users\/1"}],"replies":[{"embeddable":true,"href":"https:\/\/www.filmityot.fi\/en\/wp-json\/wp\/v2\/comments?post=232"}],"version-history":[{"count":0,"href":"https:\/\/www.filmityot.fi\/en\/wp-json\/wp\/v2\/pages\/232\/revisions"}],"wp:attachment":[{"href":"https:\/\/www.filmityot.fi\/en\/wp-json\/wp\/v2\/media?parent=232"}],"curies":[{"name":"wp","href":"https:\/\/api.w.org\/{rel}","templated":true}]}}