{"id":199041,"date":"2025-12-01T13:50:33","date_gmt":"2025-12-01T11:50:33","guid":{"rendered":"https:\/\/www.filmityot.fi\/?page_id=199041"},"modified":"2025-12-01T13:54:41","modified_gmt":"2025-12-01T11:54:41","slug":"tuki","status":"publish","type":"page","link":"https:\/\/www.filmityot.fi\/en\/tuki\/","title":{"rendered":"tuki"},"content":{"rendered":"<div data-elementor-type=\"wp-page\" data-elementor-id=\"199041\" class=\"elementor elementor-199041\" data-elementor-post-type=\"page\">\n\t\t\t\t<div class=\"elementor-element elementor-element-648f2c38 e-flex e-con-boxed e-con e-parent\" data-id=\"648f2c38\" data-element_type=\"container\" data-e-type=\"container\" data-settings=\"{&quot;jet_parallax_layout_list&quot;:[]}\">\n\t\t\t\t\t<div class=\"e-con-inner\">\n\t\t\t\t<div class=\"elementor-element elementor-element-71b14d58 elementor-widget elementor-widget-text-editor\" data-id=\"71b14d58\" data-element_type=\"widget\" data-e-type=\"widget\" data-widget_type=\"text-editor.default\">\n\t\t\t\t\t\t\t\t\t\t\t\t\t\t\t\t\t<\/div>\n\t\t\t\t<div class=\"elementor-element elementor-element-416e399 elementor-widget elementor-widget-spacer\" data-id=\"416e399\" data-element_type=\"widget\" data-e-type=\"widget\" data-widget_type=\"spacer.default\">\n\t\t\t\t\t\t\t<div class=\"elementor-spacer\">\n\t\t\t<div class=\"elementor-spacer-inner\"><\/div>\n\t\t<\/div>\n\t\t\t\t\t\t<\/div>\n\t\t\t\t\t<\/div>\n\t\t\t\t<\/div>\n\t\t<div class=\"elementor-element elementor-element-1ef2e3e e-flex e-con-boxed e-con e-parent\" data-id=\"1ef2e3e\" data-element_type=\"container\" data-e-type=\"container\" data-settings=\"{&quot;jet_parallax_layout_list&quot;:[]}\">\n\t\t\t\t\t<div class=\"e-con-inner\">\n\t\t\t\t<div class=\"elementor-element elementor-element-49df4f0 elementor-widget elementor-widget-heading\" data-id=\"49df4f0\" data-element_type=\"widget\" data-e-type=\"widget\" data-widget_type=\"heading.default\">\n\t\t\t\t\t<h2 class=\"elementor-heading-title elementor-size-default\">Ota yhteys tukeen<\/h2>\t\t\t\t<\/div>\n\t\t\t\t<div class=\"elementor-element elementor-element-58a4557 elementor-widget elementor-widget-text-editor\" data-id=\"58a4557\" data-element_type=\"widget\" data-e-type=\"widget\" data-widget_type=\"text-editor.default\">\n\t\t\t\t\t\t\t\t\t<p>Ota yhteytt\u00e4 t\u00e4ll\u00e4 lomakkeella filmityot tukeen. Yhteydenoton j\u00e4lkeen olemme mahdollisimman pian yhteydess\u00e4 sinuun s\u00e4hk\u00f6postitse. Kiireellisiss\u00e4 tapauksissa soita:<a href=\"tel:+358445352834\"><strong> +358 44 535 2834<\/strong><\/a>. Kiitos paljon etuk\u00e4teen!<\/p>\t\t\t\t\t\t\t\t<\/div>\n\t\t\t\t\t<\/div>\n\t\t\t\t<\/div>\n\t\t<div class=\"elementor-element elementor-element-b205715 e-flex e-con-boxed e-con e-parent\" data-id=\"b205715\" data-element_type=\"container\" data-e-type=\"container\" data-settings=\"{&quot;jet_parallax_layout_list&quot;:[]}\">\n\t\t\t\t\t<div class=\"e-con-inner\">\n\t\t\t\t<div class=\"elementor-element elementor-element-4778adc elementor-widget elementor-widget-wpforms\" data-id=\"4778adc\" data-element_type=\"widget\" data-e-type=\"widget\" data-widget_type=\"wpforms.default\">\n\t\t\t\t<div class=\"elementor-widget-container\">\n\t\t\t\t\t<div class=\"wpforms-container wpforms-container-full wpforms-block wpforms-block-c57d4a81-a008-4b26-b916-352699db4556\" id=\"wpforms-199038\"><form id=\"wpforms-form-199038\" class=\"wpforms-validate wpforms-form wpforms-ajax-form\" data-formid=\"199038\" method=\"post\" enctype=\"multipart\/form-data\" action=\"\/en\/wp-json\/wp\/v2\/pages\/199041?wpforms_form_id=199038\" data-token=\"38377e697d55bf1a52f78c5c7e694ebe\" data-token-time=\"1777736684\" data-etm-original-action=\"\/en\/wp-json\/wp\/v2\/pages\/199041?wpforms_form_id=199038\"><noscript class=\"wpforms-error-noscript\">Please enable JavaScript in your browser to complete this form.<\/noscript><div class=\"wpforms-field-container\"><div id=\"wpforms-199038-field_1-container\" class=\"wpforms-field wpforms-field-text\" data-field-id=\"1\"><label class=\"wpforms-field-label\" for=\"wpforms-199038-field_1\">Yrityksen nimi \/ Henkil\u00f6n nimi <span class=\"wpforms-required-label\">*<\/span><\/label><input type=\"text\" id=\"wpforms-199038-field_1\" class=\"wpforms-field-large wpforms-field-required\" name=\"wpforms[fields][1]\" required><\/div><div id=\"wpforms-199038-field_3-container\" class=\"wpforms-field wpforms-field-text\" data-field-id=\"3\"><label class=\"wpforms-field-label\" for=\"wpforms-199038-field_3\">Puhelinnumero <span class=\"wpforms-required-label\">*<\/span><\/label><input type=\"text\" id=\"wpforms-199038-field_3\" class=\"wpforms-field-large wpforms-field-required\" name=\"wpforms[fields][3]\" required><\/div><div id=\"wpforms-199038-field_4-container\" class=\"wpforms-field wpforms-field-email\" data-field-id=\"4\"><label class=\"wpforms-field-label\" for=\"wpforms-199038-field_4\">S\u00e4hk\u00f6postiosoite <span class=\"wpforms-required-label\">*<\/span><\/label><input type=\"email\" id=\"wpforms-199038-field_4\" class=\"wpforms-field-large wpforms-field-required\" name=\"wpforms[fields][4]\" spellcheck=\"false\" required><\/div><div id=\"wpforms-199038-field_5-container\" class=\"wpforms-field wpforms-field-textarea\" data-field-id=\"5\"><label class=\"wpforms-field-label\" for=\"wpforms-199038-field_5\">Kerro mit\u00e4 tapahtui ja mik\u00e4li sait jonkun virheviestin, kerrothan mink\u00e4lainen se oli! <span class=\"wpforms-required-label\">*<\/span><\/label><textarea id=\"wpforms-199038-field_5\" class=\"wpforms-field-medium wpforms-field-required\" name=\"wpforms[fields][5]\" required><\/textarea><\/div><div id=\"wpforms-199038-field_6-container\" class=\"wpforms-field wpforms-field-file-upload\" data-field-id=\"6\"><label class=\"wpforms-field-label\" for=\"wpforms-199038-field_6\">Liit\u00e4 t\u00e4h\u00e4n kuva tapahtuneesta virheest\u00e4<\/label><div\n\t\tclass=\"wpforms-uploader\"\n\t\tdata-field-id=\"6\"\n\t\tdata-form-id=\"199038\"\n\t\tdata-input-name=\"wpforms_199038_6\"\n\t\tdata-extensions=\"jpg,jpeg,jpe,gif,png,bmp,tiff,tif,webp,avif,ico,heic,heif,heics,heifs,asf,asx,wmv,wmx,wm,avi,divx,mov,qt,mpeg,mpg,mpe,mp4,m4v,ogv,webm,mkv,3gp,3gpp,3g2,3gp2,txt,asc,c,cc,h,srt,csv,tsv,ics,rtx,css,vtt,mp3,m4a,m4b,aac,ra,ram,wav,x-wav,ogg,oga,flac,mid,midi,wma,wax,mka,rtf,pdf,class,tar,zip,gz,gzip,rar,7z,psd,xcf,doc,pot,pps,ppt,wri,xla,xls,xlt,xlw,mpp,docx,docm,dotx,dotm,xlsx,xlsm,xlsb,xltx,xltm,xlam,pptx,pptm,ppsx,ppsm,potx,potm,ppam,sldx,sldm,onetoc,onetoc2,onepkg,oxps,xps,odt,odp,ods,odg,odc,odb,odf,wp,wpd,key,numbers,pages,json,svg\"\n\t\tdata-max-size=\"10485760\"\n\t\tdata-max-file-number=\"10\"\n\t\tdata-post-max-size=\"10485760\"\n\t\tdata-max-parallel-uploads=\"4\"\n\t\tdata-parallel-uploads=\"true\"\n\t\tdata-file-chunk-size=\"2097152\">\n\t<div class=\"dz-message\">\n\t\t<svg  viewbox=\"0 0 640 640\" focusable=\"false\" data-icon=\"inbox\" width=\"50px\" height=\"50px\" fill=\"currentColor\" aria-hidden=\"true\">\n\t\t\t<path d=\"M352 173.3L352 384C352 401.7 337.7 416 320 416C302.3 416 288 401.7 288 384L288 173.3L246.6 214.7C234.1 227.2 213.8 227.2 201.3 214.7C188.8 202.2 188.8 181.9 201.3 169.4L297.3 73.4C309.8 60.9 330.1 60.9 342.6 73.4L438.6 169.4C451.1 181.9 451.1 202.2 438.6 214.7C426.1 227.2 405.8 227.2 393.3 214.7L352 173.3zM320 464C364.2 464 400 428.2 400 384L480 384C515.3 384 544 412.7 544 448L544 480C544 515.3 515.3 544 480 544L160 544C124.7 544 96 515.3 96 480L96 448C96 412.7 124.7 384 160 384L240 384C240 428.2 275.8 464 320 464zM464 488C477.3 488 488 477.3 488 464C488 450.7 477.3 440 464 440C450.7 440 440 450.7 440 464C440 477.3 450.7 488 464 488z\"\/>\n\t\t<\/svg>\n\n\t\t<span class=\"modern-title\">\n\t\t\t\t\t\t\tDrag &amp; Drop Files, \t\t\t\t<span>Choose Files to Upload<\/span>\n\t\t\t\t\t<\/span>\n\n\t\t\t\t\t<span class=\"modern-hint\">You can upload up to 10 files.<\/span>\n\t\t\t<\/div>\n<\/div>\n\n<input\n\t\ttype=\"text\"\n\t\tautocomplete=\"off\"\n\t\treadonly\n\t\tclass=\"dropzone-input\"\n\t\tstyle=\"position:absolute!important;clip:rect(0,0,0,0)!important;height:1px!important;width:1px!important;border:0!important;overflow:hidden!important;padding:0!important;margin:0!important;\"\n\t\tid=\"wpforms-199038-field_6\"\n\t\tname=\"wpforms_199038_6\" \t\tvalue=\"\">\n<\/div><\/div><!-- .wpforms-field-container --><div class=\"wpforms-submit-container\" ><input type=\"hidden\" name=\"wpforms[id]\" value=\"199038\"><input type=\"hidden\" name=\"page_title\" value=\"\"><input type=\"hidden\" name=\"page_url\" value=\"https:\/\/www.filmityot.fi\/en\/wp-json\/wp\/v2\/pages\/199041\"><input type=\"hidden\" name=\"url_referer\" value=\"\"><button type=\"submit\" name=\"wpforms[submit]\" id=\"wpforms-submit-199038\" class=\"wpforms-submit\" data-alt-text=\"L\u00e4hetet\u00e4\u00e4n ...\" data-submit-text=\"L\u00e4het\u00e4 tukipyynt\u00f6\" aria-live=\"assertive\" value=\"wpforms-submit\">L\u00e4het\u00e4 tukipyynt\u00f6<\/button><img decoding=\"async\" src=\"https:\/\/www.filmityot.fi\/wp-content\/plugins\/wpforms\/assets\/images\/submit-spin.svg\" class=\"wpforms-submit-spinner\" style=\"display: none;\" width=\"26\" height=\"26\" alt=\"Loading\"><\/div><input type=\"hidden\" name=\"etm-form-language\" value=\"en\"\/><\/form><\/div>  <!-- .wpforms-container -->\t\t\t\t<\/div>\n\t\t\t\t<\/div>\n\t\t\t\t\t<\/div>\n\t\t\t\t<\/div>\n\t\t\t\t<\/div>","protected":false},"excerpt":{"rendered":"<p>Ota yhteys tukeen Ota yhteytt\u00e4 t\u00e4ll\u00e4 lomakkeella filmityot tukeen. Yhteydenoton j\u00e4lkeen olemme mahdollisimman pian yhteydess\u00e4 sinuun s\u00e4hk\u00f6postitse. Kiireellisiss\u00e4 tapauksissa soita: +358 44 535 2834. Kiitos paljon etuk\u00e4teen! Please enable JavaScript in your browser to complete this form.Yrityksen nimi \/ Henkil\u00f6n nimi *Puhelinnumero *S\u00e4hk\u00f6postiosoite *Kerro mit\u00e4 tapahtui ja mik\u00e4li sait jonkun virheviestin, kerrothan mink\u00e4lainen se oli! [&hellip;]<\/p>","protected":false},"author":18365,"featured_media":0,"parent":0,"menu_order":0,"comment_status":"closed","ping_status":"closed","template":"","meta":{"_acf_changed":false,"footnotes":""},"class_list":["post-199041","page","type-page","status-publish","hentry"],"acf":[],"_links":{"self":[{"href":"https:\/\/www.filmityot.fi\/en\/wp-json\/wp\/v2\/pages\/199041","targetHints":{"allow":["GET"]}}],"collection":[{"href":"https:\/\/www.filmityot.fi\/en\/wp-json\/wp\/v2\/pages"}],"about":[{"href":"https:\/\/www.filmityot.fi\/en\/wp-json\/wp\/v2\/types\/page"}],"author":[{"embeddable":true,"href":"https:\/\/www.filmityot.fi\/en\/wp-json\/wp\/v2\/users\/18365"}],"replies":[{"embeddable":true,"href":"https:\/\/www.filmityot.fi\/en\/wp-json\/wp\/v2\/comments?post=199041"}],"version-history":[{"count":4,"href":"https:\/\/www.filmityot.fi\/en\/wp-json\/wp\/v2\/pages\/199041\/revisions"}],"predecessor-version":[{"id":199045,"href":"https:\/\/www.filmityot.fi\/en\/wp-json\/wp\/v2\/pages\/199041\/revisions\/199045"}],"wp:attachment":[{"href":"https:\/\/www.filmityot.fi\/en\/wp-json\/wp\/v2\/media?parent=199041"}],"curies":[{"name":"wp","href":"https:\/\/api.w.org\/{rel}","templated":true}]}}