{"id":1370,"date":"2023-02-20T10:50:59","date_gmt":"2023-02-20T08:50:59","guid":{"rendered":"https:\/\/filmityot.fi\/?page_id=1370"},"modified":"2025-02-12T20:25:43","modified_gmt":"2025-02-12T18:25:43","slug":"rekisteroidy-roolittajaksi","status":"publish","type":"page","link":"https:\/\/www.filmityot.fi\/en\/roolittajille\/rekisteroidy-roolittajaksi\/","title":{"rendered":"Rekister\u00f6idy roolittajaksi"},"content":{"rendered":"<div data-elementor-type=\"wp-page\" data-elementor-id=\"1370\" class=\"elementor elementor-1370\" data-elementor-post-type=\"page\">\n\t\t\t\t<div class=\"elementor-element elementor-element-7497e5f e-flex e-con-boxed e-con e-parent\" data-id=\"7497e5f\" data-element_type=\"container\" data-e-type=\"container\" data-settings=\"{&quot;jet_parallax_layout_list&quot;:[]}\">\n\t\t\t\t\t<div class=\"e-con-inner\">\n\t\t\t\t<div class=\"elementor-element elementor-element-7651716 elementor-widget elementor-widget-heading\" data-id=\"7651716\" data-element_type=\"widget\" data-e-type=\"widget\" data-widget_type=\"heading.default\">\n\t\t\t\t\t<h1 class=\"elementor-heading-title elementor-size-xxl\">REKISTER\u00d6IDY <span>ILMAISEKSI<\/span><\/h1>\t\t\t\t<\/div>\n\t\t\t\t<div class=\"elementor-element elementor-element-19064e3 elementor-widget-divider--view-line elementor-widget elementor-widget-divider\" data-id=\"19064e3\" data-element_type=\"widget\" data-e-type=\"widget\" data-widget_type=\"divider.default\">\n\t\t\t\t\t\t\t<div class=\"elementor-divider\">\n\t\t\t<span class=\"elementor-divider-separator\">\n\t\t\t\t\t\t<\/span>\n\t\t<\/div>\n\t\t\t\t\t\t<\/div>\n\t\t\t\t<div class=\"elementor-element elementor-element-70effce elementor-widget elementor-widget-text-editor\" data-id=\"70effce\" data-element_type=\"widget\" data-e-type=\"widget\" data-widget_type=\"text-editor.default\">\n\t\t\t\t\t\t\t\t\t<p>Rekister\u00f6i yrityksesi ja l\u00f6yd\u00e4 helposti esiintyj\u00e4t tuotantoihisi. Yritystilill\u00e4 voit hakea, j\u00e4tt\u00e4\u00e4 ilmoituksia ja buukata esiintyji\u00e4.<br>Rekister\u00f6itymisen j\u00e4lkeen roolitusprofiilisi (henkil\u00f6n tiedot, yritystiedot ym.) tarkistetaan ennen niiden hyv\u00e4ksymist\u00e4 palveluun. Tarkistus tapahtuu useimmiten n. 1 arkip\u00e4iv\u00e4ss\u00e4. Saat s\u00e4hk\u00f6postiisi tiedon kun profiili on tarkistettu ja k\u00e4yt\u00f6ss\u00e4. (Kiireellisiss\u00e4 tapauksissa voit soittaa numeroon 044-5352834 tai meilata <a href=\"mailto:info@filmityot.fi\">info@filmityot.fi<\/a>, jolloin voimme nopeuttaa tilisi hyv\u00e4ksymist\u00e4)<\/p>\t\t\t\t\t\t\t\t<\/div>\n\t\t\t\t<div class=\"elementor-element elementor-element-ba0a3cd elementor-widget elementor-widget-text-editor\" data-id=\"ba0a3cd\" data-element_type=\"widget\" data-e-type=\"widget\" data-widget_type=\"text-editor.default\">\n\t\t\t\t\t\t\t\t\t<p>T\u00e4yt\u00e4 pakolliset tiedot t\u00e4ss\u00e4 ja t\u00e4ydenn\u00e4 tiedot my\u00f6hemmin varsinaisessa profiilissa.<\/p>\t\t\t\t\t\t\t\t<\/div>\n\t\t\t\t<div class=\"elementor-element elementor-element-5515ec7 elementor-widget elementor-widget-wpforms\" data-id=\"5515ec7\" data-element_type=\"widget\" data-e-type=\"widget\" data-widget_type=\"wpforms.default\">\n\t\t\t\t<div class=\"elementor-widget-container\">\n\t\t\t\t\t<div class=\"wpforms-container wpforms-container-full\" id=\"wpforms-1365\"><form id=\"wpforms-form-1365\" class=\"wpforms-validate wpforms-form\" data-formid=\"1365\" method=\"post\" enctype=\"multipart\/form-data\" action=\"\/en\/wp-json\/wp\/v2\/pages\/1370\" data-token=\"d73d6299423304f0e97a2594f9d7a89c\" data-token-time=\"1777717365\" data-etm-original-action=\"\/en\/wp-json\/wp\/v2\/pages\/1370\"><noscript class=\"wpforms-error-noscript\">Please enable JavaScript in your browser to complete this form.<\/noscript><div class=\"wpforms-field-container\"><div id=\"wpforms-1365-field_8-container\" class=\"wpforms-field wpforms-field-text\" data-field-id=\"8\"><label class=\"wpforms-field-label\" for=\"wpforms-1365-field_8\">Yrityksen nimi \/ toiminimi <span class=\"wpforms-required-label\">*<\/span><\/label><input type=\"text\" id=\"wpforms-1365-field_8\" class=\"wpforms-field-large wpforms-field-required\" name=\"wpforms[fields][8]\" required><\/div><div id=\"wpforms-1365-field_9-container\" class=\"wpforms-field wpforms-field-text\" data-field-id=\"9\"><label class=\"wpforms-field-label\" for=\"wpforms-1365-field_9\">Y-tunnus <span class=\"wpforms-required-label\">*<\/span><\/label><input type=\"text\" id=\"wpforms-1365-field_9\" class=\"wpforms-field-large wpforms-field-required\" name=\"wpforms[fields][9]\" required><\/div><div id=\"wpforms-1365-field_3-container\" class=\"wpforms-field wpforms-field-email\" data-field-id=\"3\"><label class=\"wpforms-field-label\" for=\"wpforms-1365-field_3\">S\u00e4hk\u00f6posti <span class=\"wpforms-required-label\">*<\/span><\/label><input type=\"email\" id=\"wpforms-1365-field_3\" class=\"wpforms-field-large wpforms-field-required\" name=\"wpforms[fields][3]\" spellcheck=\"false\" required><\/div><div id=\"wpforms-1365-field_11-container\" class=\"wpforms-field wpforms-field-text\" data-field-id=\"11\"><label class=\"wpforms-field-label\" for=\"wpforms-1365-field_11\">Matkapuhelin<\/label><input type=\"text\" id=\"wpforms-1365-field_11\" class=\"wpforms-field-large\" name=\"wpforms[fields][11]\" ><div class=\"wpforms-field-description\">(ei n\u00e4y muille k\u00e4ytt\u00e4jille)<\/div><\/div><div id=\"wpforms-1365-field_2-container\" class=\"wpforms-field wpforms-field-text\" data-field-id=\"2\"><label class=\"wpforms-field-label\" for=\"wpforms-1365-field_2\">K\u00e4ytt\u00e4j\u00e4nimi <span class=\"wpforms-required-label\">*<\/span><\/label><input type=\"text\" id=\"wpforms-1365-field_2\" class=\"wpforms-field-large wpforms-field-required\" name=\"wpforms[fields][2]\" required><div class=\"wpforms-field-description\">(k\u00e4ytet\u00e4\u00e4n kirjautumisessa)<\/div><\/div><div id=\"wpforms-1365-field_4-container\" class=\"wpforms-field wpforms-field-password\" data-field-id=\"4\"><label class=\"wpforms-field-label\" for=\"wpforms-1365-field_4\">Salasana <span class=\"wpforms-required-label\">*<\/span><\/label><div class=\"wpforms-field-row wpforms-field-large\"><div class=\"wpforms-field-row-block wpforms-one-half wpforms-first\"><input type=\"password\" id=\"wpforms-1365-field_4\" class=\"wpforms-field-required wpforms-field-password-primary\" name=\"wpforms[fields][4][primary]\" placeholder=\"Salasana\" spellcheck=\"false\" required><label for=\"wpforms-1365-field_4\" class=\"wpforms-field-sublabel after wpforms-sublabel-hide\">Password<\/label><\/div><div class=\"wpforms-field-row-block wpforms-one-half\"><input type=\"password\" id=\"wpforms-1365-field_4-secondary\" class=\"wpforms-field-password-secondary wpforms-field-required\" data-rule-confirm=\"#wpforms-1365-field_4\" name=\"wpforms[fields][4][secondary]\" placeholder=\"Salasana uudelleen\" spellcheck=\"false\" required><label for=\"wpforms-1365-field_4-secondary\" class=\"wpforms-field-sublabel after wpforms-sublabel-hide\">Confirm Password<\/label><\/div><\/div><\/div><div id=\"wpforms-1365-field_12-container\" class=\"wpforms-field wpforms-field-checkbox\" data-field-id=\"12\"><label class=\"wpforms-field-label\">Markkinointiluvat<\/label><ul id=\"wpforms-1365-field_12\"><li class=\"choice-1 depth-1\"><input type=\"checkbox\" id=\"wpforms-1365-field_12_1\" name=\"wpforms[fields][12][]\" value=\"Haluan vastaanottaa Filmity\u00f6t-uutiskirjeen sek\u00e4 mahdollisia SMS-viestej\u00e4. \u00c4l\u00e4 stressaa: emme sp\u00e4mm\u00e4\u00e4 vaan kerromme pelkk\u00e4\u00e4 asiaa.\"  ><label class=\"wpforms-field-label-inline\" for=\"wpforms-1365-field_12_1\">Haluan vastaanottaa Filmity\u00f6t-uutiskirjeen sek\u00e4 mahdollisia SMS-viestej\u00e4. \u00c4l\u00e4 stressaa: emme sp\u00e4mm\u00e4\u00e4 vaan kerromme pelkk\u00e4\u00e4 asiaa.<\/label><\/li><\/ul><\/div><div id=\"wpforms-1365-field_6-container\" class=\"wpforms-field wpforms-field-checkbox\" data-field-id=\"6\"><label class=\"wpforms-field-label\">Kuvieni k\u00e4ytt\u00f6 markkinoinnissa<\/label><ul id=\"wpforms-1365-field_6\"><li class=\"choice-1 depth-1\"><input type=\"checkbox\" id=\"wpforms-1365-field_6_1\" name=\"wpforms[fields][6][]\" value=\"Hyv\u00e4ksyn filmity\u00f6t.fi palveluun lataamieni kuvien k\u00e4yt\u00f6n filmity\u00f6t.fi -palvelun omassa markkinoinnissa internetiss\u00e4, sosiaalisessa mediassa ja s\u00e4hk\u00f6postimarkkinoinnissa.\"  ><label class=\"wpforms-field-label-inline\" for=\"wpforms-1365-field_6_1\">Hyv\u00e4ksyn filmity\u00f6t.fi palveluun lataamieni kuvien k\u00e4yt\u00f6n filmity\u00f6t.fi -palvelun omassa markkinoinnissa internetiss\u00e4, sosiaalisessa mediassa ja s\u00e4hk\u00f6postimarkkinoinnissa.<\/label><\/li><\/ul><\/div><div id=\"wpforms-1365-field_7-container\" class=\"wpforms-field wpforms-field-checkbox\" data-field-id=\"7\"><label class=\"wpforms-field-label\">K\u00e4ytt\u00f6ehdot <span class=\"wpforms-required-label\">*<\/span><\/label><ul id=\"wpforms-1365-field_7\" class=\"wpforms-field-required\"><li class=\"choice-1 depth-1\"><input type=\"checkbox\" id=\"wpforms-1365-field_7_1\" name=\"wpforms[fields][7][]\" value=\"Hyv\u00e4ksyn palvelun &lt;a href=&quot;https:\/\/filmityot.fi\/kayttoehdot\/&quot; target=&quot;_blank&quot;&gt;k\u00e4ytt\u00f6ehdot ja tietosuojaselosteen&lt;\/a&gt;\" required><label class=\"wpforms-field-label-inline\" for=\"wpforms-1365-field_7_1\">Hyv\u00e4ksyn palvelun <a href=\"https:\/\/www.filmityot.fi\/en\/kayttoehdot\/\" target=\"_blank\" rel=\"noopener\">k\u00e4ytt\u00f6ehdot ja tietosuojaselosteen<\/a><\/label><\/li><\/ul><\/div><\/div><!-- .wpforms-field-container --><div class=\"wpforms-submit-container\" ><input type=\"hidden\" name=\"wpforms[id]\" value=\"1365\"><input type=\"hidden\" name=\"page_title\" value=\"\"><input type=\"hidden\" name=\"page_url\" value=\"https:\/\/www.filmityot.fi\/en\/wp-json\/wp\/v2\/pages\/1370\"><input type=\"hidden\" name=\"url_referer\" value=\"\"><button type=\"submit\" name=\"wpforms[submit]\" id=\"wpforms-submit-1365\" class=\"wpforms-submit\" data-alt-text=\"Rekister\u00f6idyt\u00e4\u00e4n ...\" data-submit-text=\"Rekister\u00f6i yrityksesi\" aria-live=\"assertive\" value=\"wpforms-submit\">Rekister\u00f6i yrityksesi<\/button><\/div><input type=\"hidden\" name=\"etm-form-language\" value=\"en\"\/><\/form><\/div>  <!-- .wpforms-container -->\t\t\t\t<\/div>\n\t\t\t\t<\/div>\n\t\t\t\t<div class=\"elementor-element elementor-element-0f239c8 elementor-widget elementor-widget-html\" data-id=\"0f239c8\" data-element_type=\"widget\" data-e-type=\"widget\" data-widget_type=\"html.default\">\n\t\t\t\t\t<script type=\"text\/javascript\">\n\tdocument.addEventListener('DOMContentLoaded', function() {\n    var form = document.querySelector('#wpforms-form-1365'); \/\/ Replace 123 with your form ID\n    if (form) {\n        form.addEventListener('submit', function() {\n            \/\/ Define the event parameters\n            var eventParams = {\n                event_category: 'register_tuottaja',\n                event_label: 'register_tuottaja'\n            };\n\n            \/\/ Send the event to GA4\n            gtag('event', 'user_registration', eventParams);\n        });\n    }\n});\n\n<\/script>\t\t\t\t<\/div>\n\t\t\t\t\t<\/div>\n\t\t\t\t<\/div>\n\t\t\t\t<\/div>","protected":false},"excerpt":{"rendered":"<p>REKISTER\u00d6IDY ILMAISEKSI Rekister\u00f6i yrityksesi ja l\u00f6yd\u00e4 helposti esiintyj\u00e4t tuotantoihisi. Yritystilill\u00e4 voit hakea, j\u00e4tt\u00e4\u00e4 ilmoituksia ja buukata esiintyji\u00e4.Rekister\u00f6itymisen j\u00e4lkeen roolitusprofiilisi (henkil\u00f6n tiedot, yritystiedot ym.) tarkistetaan ennen niiden hyv\u00e4ksymist\u00e4 palveluun. Tarkistus tapahtuu useimmiten n. 1 arkip\u00e4iv\u00e4ss\u00e4. Saat s\u00e4hk\u00f6postiisi tiedon kun profiili on tarkistettu ja k\u00e4yt\u00f6ss\u00e4. (Kiireellisiss\u00e4 tapauksissa voit soittaa numeroon 044-5352834 tai meilata info@filmityot.fi, jolloin voimme nopeuttaa [&hellip;]<\/p>","protected":false},"author":1,"featured_media":0,"parent":457,"menu_order":0,"comment_status":"closed","ping_status":"closed","template":"","meta":{"_acf_changed":false,"footnotes":""},"class_list":["post-1370","page","type-page","status-publish","hentry"],"acf":[],"_links":{"self":[{"href":"https:\/\/www.filmityot.fi\/en\/wp-json\/wp\/v2\/pages\/1370","targetHints":{"allow":["GET"]}}],"collection":[{"href":"https:\/\/www.filmityot.fi\/en\/wp-json\/wp\/v2\/pages"}],"about":[{"href":"https:\/\/www.filmityot.fi\/en\/wp-json\/wp\/v2\/types\/page"}],"author":[{"embeddable":true,"href":"https:\/\/www.filmityot.fi\/en\/wp-json\/wp\/v2\/users\/1"}],"replies":[{"embeddable":true,"href":"https:\/\/www.filmityot.fi\/en\/wp-json\/wp\/v2\/comments?post=1370"}],"version-history":[{"count":0,"href":"https:\/\/www.filmityot.fi\/en\/wp-json\/wp\/v2\/pages\/1370\/revisions"}],"up":[{"embeddable":true,"href":"https:\/\/www.filmityot.fi\/en\/wp-json\/wp\/v2\/pages\/457"}],"wp:attachment":[{"href":"https:\/\/www.filmityot.fi\/en\/wp-json\/wp\/v2\/media?parent=1370"}],"curies":[{"name":"wp","href":"https:\/\/api.w.org\/{rel}","templated":true}]}}