{"id":1360,"date":"2023-02-20T10:42:14","date_gmt":"2023-02-20T08:42:14","guid":{"rendered":"https:\/\/filmityot.fi\/?page_id=1360"},"modified":"2025-01-26T08:35:37","modified_gmt":"2025-01-26T06:35:37","slug":"kayttoehdot","status":"publish","type":"page","link":"https:\/\/www.filmityot.fi\/en\/kayttoehdot\/","title":{"rendered":"K\u00e4ytt\u00f6ehdot"},"content":{"rendered":"<div data-elementor-type=\"wp-page\" data-elementor-id=\"1360\" class=\"elementor elementor-1360\" data-elementor-post-type=\"page\">\n\t\t\t\t<div class=\"elementor-element elementor-element-ab3d405 e-flex e-con-boxed e-con e-parent\" data-id=\"ab3d405\" data-element_type=\"container\" data-e-type=\"container\" data-settings=\"{&quot;jet_parallax_layout_list&quot;:[]}\">\n\t\t\t\t\t<div class=\"e-con-inner\">\n\t\t\t\t<div class=\"elementor-element elementor-element-2459a28 elementor-widget elementor-widget-heading\" data-id=\"2459a28\" data-element_type=\"widget\" data-e-type=\"widget\" data-widget_type=\"heading.default\">\n\t\t\t\t\t<h1 class=\"elementor-heading-title elementor-size-default\">K\u00e4ytt\u00f6ehdot<\/h1>\t\t\t\t<\/div>\n\t\t\t\t<div class=\"elementor-element elementor-element-33d5838 elementor-widget elementor-widget-text-editor\" data-id=\"33d5838\" data-element_type=\"widget\" data-e-type=\"widget\" data-widget_type=\"text-editor.default\">\n\t\t\t\t\t\t\t\t\t<h2 class=\"wp-block-heading\">1. M\u00c4\u00c4RITELM\u00c4T<\/h2>\n<p><!-- \/wp:heading --><!-- wp:list {\"ordered\":true} --><\/p>\n<ol class=\"wp-block-list\"><!-- wp:list-item --><p><\/p>\n<li>\u201dPalveluntarjoaja\u201d tarkoittaa BTL Casting Tmi:t\u00e4, jonka Y-tunnus on 2224243-0. BTL Casting:ll\u00e4 on oikeus rekister\u00f6innin nojalla tarjota maksupalveluita ilman toimilupaa Suomessa. Immu Kuusi Tmi on merkitty maksupalvelun tarjoajia koskevaan Finanssivalvonnan rekisteriin ja se on Finanssivalvonnan valvonnan alainen.<\/li>\n<p><!-- \/wp:list-item --><!-- wp:list-item --><\/p>\n<li>\u201dPalvelu\u201d tarkoittaa Palveluntarjoajan tuotekokonaisuutta, jonka avulla K\u00e4ytt\u00e4j\u00e4t voivat maksaa palkkaa ja palkkioita keikkaty\u00f6ntekij\u00f6illeen.<\/li>\n<p><!-- \/wp:list-item --><!-- wp:list-item --><\/p>\n<li>\u201dK\u00e4ytt\u00e4j\u00e4\u201d tarkoittaa ty\u00f6nantajaa tai ty\u00f6nantajan edustajaa<\/li>\n<p><!-- \/wp:list-item --><!-- wp:list-item --><\/p>\n<li>\u201cK\u00e4ytt\u00f6ehdot\u201d tarkoittaa n\u00e4it\u00e4 k\u00e4ytt\u00f6ehtoja.<\/li>\n<p><!-- \/wp:list-item --><!-- wp:list-item --><\/p>\n<li>\u201dTietosuojalait\u201d tarkoittavat EU:n yleist\u00e4 tietosuoja-asetusta (EU 2016\/679) sek\u00e4 kulloinkin voimassa olevia ja soveltuvia tietosuojalakeja kuten Tietosuojalaki (1050\/2018) ja laki yksityisyyden suojasta ty\u00f6el\u00e4m\u00e4ss\u00e4&nbsp; (759\/2004).<\/li>\n<p><!-- \/wp:list-item --><\/p><\/ol>\n<p><!-- \/wp:list --><!-- wp:heading --><\/p>\n<h2 class=\"wp-block-heading\">2. K\u00c4YTT\u00d6EHTOJEN SOVELTAMINEN<\/h2>\n<p><!-- \/wp:heading --><!-- wp:list {\"ordered\":true} --><\/p>\n<ol class=\"wp-block-list\"><!-- wp:list-item --><p><\/p>\n<li>Palvelun k\u00e4ytt\u00e4miseen sovelletaan n\u00e4it\u00e4 K\u00e4ytt\u00f6ehtoja.<\/li>\n<p><!-- \/wp:list-item --><!-- wp:list-item --><\/p>\n<li>Palvelun k\u00e4ytt\u00f6 edellytt\u00e4\u00e4 rekister\u00f6itymist\u00e4 K\u00e4ytt\u00e4j\u00e4ksi.<\/li>\n<p><!-- \/wp:list-item --><!-- wp:list-item --><\/p>\n<li>Hyv\u00e4ksyess\u00e4\u00e4n n\u00e4m\u00e4 K\u00e4ytt\u00f6ehdot K\u00e4ytt\u00e4j\u00e4 sitoutuu Palvelua k\u00e4ytt\u00e4ess\u00e4\u00e4n noudattamaan n\u00e4it\u00e4 K\u00e4ytt\u00f6ehtoja ja toimimaan Palvelussa annettujen k\u00e4ytt\u00f6\u00e4 koskevien ohjeiden sek\u00e4 lain ja hyv\u00e4n tavan mukaisesti.<\/li>\n<p><!-- \/wp:list-item --><!-- wp:list-item --><\/p>\n<li>K\u00e4ytt\u00e4j\u00e4 vakuuttaa lis\u00e4ksi tutustuneensa h\u00e4nt\u00e4 koskevaan tietosuojaselosteeseen tietosuojasivuillamme, jotka l\u00f6ytyv\u00e4t&nbsp;t\u00e4m\u00e4n linkin kautta.<\/li>\n<p><!-- \/wp:list-item --><!-- wp:list-item --><\/p>\n<li>Mik\u00e4li K\u00e4ytt\u00e4j\u00e4 ei hyv\u00e4ksy n\u00e4it\u00e4 K\u00e4ytt\u00f6ehtoja, K\u00e4ytt\u00e4j\u00e4ll\u00e4 ei ole oikeutta k\u00e4ytt\u00e4\u00e4 Palvelua.<\/li>\n<p><!-- \/wp:list-item --><!-- wp:list-item --><\/p>\n<li>Palveluntarjoajalla on oikeus yksipuolisesti muuttaa K\u00e4ytt\u00f6ehtoja ilmoittamalla muutoksesta sivustolla. Merkitt\u00e4v\u00e4t muutokset K\u00e4ytt\u00f6ehdoissa tullaan ilmoittamaan aktiivisille K\u00e4ytt\u00e4j\u00e4lle kirjallisessa tai s\u00e4hk\u00f6isess\u00e4 muodossa joko s\u00e4hk\u00f6postitse tai Palvelun v\u00e4lityksell\u00e4 k\u00e4ytt\u00e4m\u00e4ll\u00e4 K\u00e4ytt\u00e4j\u00e4n Palveluun tallentamia yhteystietoja.<\/li>\n<p><!-- \/wp:list-item --><\/p><\/ol>\n<p><!-- \/wp:list --><!-- wp:heading --><\/p>\n<h2 class=\"wp-block-heading\">3. PALVELUN KUVAUS<\/h2>\n<p><!-- \/wp:heading --><!-- wp:list {\"ordered\":true,\"start\":1} --><\/p>\n<ol class=\"wp-block-list\" start=\"1\"><!-- wp:list-item --><p><\/p>\n<li>Palvelu on Palveluntarjoajan tuottama ja yll\u00e4pit\u00e4m\u00e4. Palveluntarjoajalla on oikeus siirt\u00e4\u00e4 Palvelu tai sen osa kolmannelle osapuolelle.<\/li>\n<p><!-- \/wp:list-item --><!-- wp:list-item --><\/p>\n<li>Palvelu toimii verkkopalveluna, jolla voi hoitaa yrityksen palkanlaskentaan ja palkanmaksuun liittyvi\u00e4 asioita.<\/li>\n<p><!-- \/wp:list-item --><!-- wp:list-item --><\/p>\n<li>K\u00e4ytt\u00e4j\u00e4 voi olla ty\u00f6nantaja tai yrityksen edustaja. Yrityksen edustajana voi Palvelussa toimia my\u00f6s K\u00e4ytt\u00e4j\u00e4n valtuuttama tilitoimisto.<\/li>\n<p><!-- \/wp:list-item --><!-- wp:list-item --><\/p>\n<li>Palvelu on s\u00e4hk\u00f6inen ty\u00f6kalu, joka auttaa K\u00e4ytt\u00e4j\u00e4\u00e4 hoitamaan palkkaukseen ja ty\u00f6suhteeseen liittyvi\u00e4 velvoitteita.<\/li>\n<p><!-- \/wp:list-item --><!-- wp:list-item --><\/p>\n<li>Palvelussa saa hoitaa vain sellaisia ty\u00f6suhteita ja t\u00f6it\u00e4, jotka ovat lain ja hyv\u00e4n tavan mukaisia.<\/li>\n<p><!-- \/wp:list-item --><!-- wp:list-item --><\/p>\n<li>Palveluntarjoaja toimii ainoastaan Palvelun tuottajana ja tarjoajana, eik\u00e4 Palveluntarjoaja miss\u00e4\u00e4n tilanteessa ole osapuolena K\u00e4ytt\u00e4j\u00e4n ja sen ty\u00f6ntekij\u00f6iden v\u00e4lill\u00e4 mahdollisesti teht\u00e4viss\u00e4 sopimuksissa.<\/li>\n<p><!-- \/wp:list-item --><!-- wp:list-item --><\/p>\n<li>Palveluntarjoaja ei vastaa palkanmaksun kohteena olevan ty\u00f6n suorittamisesta tai laadusta.<\/li>\n<p><!-- \/wp:list-item --><!-- wp:list-item --><\/p>\n<li>Palveluntarjoajalla on oikeus milloin tahansa lis\u00e4t\u00e4, muuttaa ja poistaa osia Palvelusta.<\/li>\n<p><!-- \/wp:list-item --><\/p><\/ol>\n<p><!-- \/wp:list --><!-- wp:heading --><\/p>\n<h2 class=\"wp-block-heading\">4. TILITYKSET JA ASIAKASVAROJEN HALLINNOINTI<\/h2>\n<p><!-- \/wp:heading --><!-- wp:list {\"ordered\":true} --><\/p>\n<ol class=\"wp-block-list\"><!-- wp:list-item --><p><\/p>\n<li>Palvelu k\u00e4sittelee Palveluun liittyneen ty\u00f6nantajan tilityksi\u00e4 ja ilmoituksia viranomaisille, vakuutusyhti\u00f6ille, ty\u00f6el\u00e4keyhti\u00f6ille ja muille palkkaamiseen liittyville tahoille.<\/li>\n<p><!-- \/wp:list-item --><!-- wp:list-item --><\/p>\n<li>Maksuja voidaan tehd\u00e4 Paytrail Oy:n ja suomalaisten pankkien kautta. T\u00e4t\u00e4 varten Palveluntarjoajalla on pankkitili, jolla Palveluntarjoaja s\u00e4ilytt\u00e4\u00e4 varoja K\u00e4ytt\u00e4jien lukuun lain ja K\u00e4ytt\u00f6ehtojen mukaisesti.&nbsp;<\/li>\n<p><!-- \/wp:list-item --><!-- wp:list-item --><\/p>\n<li>Jos maksu tehd\u00e4\u00e4n Palvelun asiakastilin kautta, maksujen suorittaminen saajan tileille kest\u00e4\u00e4 5 pankkip\u00e4iv\u00e4\u00e4 Palvelussa tehdyn suorituksen j\u00e4lkeen.<\/li>\n<p><!-- \/wp:list-item --><\/p><\/ol>\n<p><!-- \/wp:list --><!-- wp:heading --><\/p>\n<h2 class=\"wp-block-heading\">5. PALVELUN HINNAT<\/h2>\n<p><!-- \/wp:heading --><!-- wp:paragraph --><\/p>\n<p>Palvelun k\u00e4yt\u00f6st\u00e4 perit\u00e4\u00e4n palvelumaksut voimassa olevan Palvelun hinnaston mukaisesti, joka l\u00f6ytyy&nbsp;t\u00e4m\u00e4n linkin kautta.<\/p>\n<p><!-- \/wp:paragraph --><!-- wp:heading --><\/p>\n<h2 class=\"wp-block-heading\">6. HENKIL\u00d6TIETOJEN K\u00c4YTT\u00d6<\/h2>\n<p><!-- \/wp:heading --><!-- wp:list {\"ordered\":true} --><\/p>\n<ol class=\"wp-block-list\"><!-- wp:list-item --><p><\/p>\n<li>Palvelun yll\u00e4pidossa ja antamiesi tietojen k\u00e4sittelyss\u00e4 noudatamme kulloinkin voimassa olevaa lains\u00e4\u00e4d\u00e4nt\u00f6\u00e4 ja k\u00e4sittelemme antamiasi tietoja Tietosuojalakien edellytt\u00e4m\u00e4ll\u00e4 tavalla.<\/li>\n<p><!-- \/wp:list-item --><!-- wp:list-item --><\/p>\n<li>K\u00e4ytt\u00e4j\u00e4n antamat henkil\u00f6tiedot rekister\u00f6ityess\u00e4\u00e4n Palveluun ja k\u00e4ytt\u00e4j\u00e4tilin luomisen yhteydess\u00e4 ovat Tietosuojalakien tarkoittamia henkil\u00f6tietoja.<\/li>\n<p><!-- \/wp:list-item --><!-- wp:list-item --><\/p>\n<li>K\u00e4ytt\u00e4j\u00e4 on velvollinen noudattamaan Tietosuojalakeja sek\u00e4 palkanmaksun tilityksiin ja ilmoituksiin soveltuvaa lains\u00e4\u00e4d\u00e4nt\u00f6\u00e4.<\/li>\n<p><!-- \/wp:list-item --><!-- wp:list-item --><\/p>\n<li>K\u00e4ytt\u00e4j\u00e4 toimii p\u00e4\u00e4s\u00e4\u00e4nt\u00f6isesti rekisterinpit\u00e4j\u00e4n roolissa ja Palveluntarjoaja k\u00e4sittelij\u00e4n roolissa. Palveluntarjoaja k\u00e4sittelee K\u00e4ytt\u00e4j\u00e4n antamia henkil\u00f6tietoja K\u00e4ytt\u00e4j\u00e4n lukuun ja K\u00e4ytt\u00e4j\u00e4n antamien ohjeiden mukaisesti. T\u00e4ll\u00f6in K\u00e4ytt\u00e4j\u00e4n ja Palveluntarjoajan v\u00e4lill\u00e4 solmitaan aina Tietosuojalakien (tietosuoja-asetuksen (EU 2016\/679) art. 28) mukainen k\u00e4sittelysopimus.<\/li>\n<p><!-- \/wp:list-item --><!-- wp:list-item --><\/p>\n<li>Palveluntarjoaja toimii rekisterinpit\u00e4j\u00e4n\u00e4 ainoastaan tilanteissa, joissa se itsen\u00e4isesti m\u00e4\u00e4rittelee henkil\u00f6tietojen k\u00e4sittelyn tarkoituksen ja keinot, kuten esimerkiksi sellaisten henkil\u00f6tietojen osalta jotka Palveluntarjoaja K\u00e4ytt\u00e4j\u00e4n yhteys- ja vastuuhenkil\u00f6ist\u00e4.<\/li>\n<p><!-- \/wp:list-item --><!-- wp:list-item --><\/p>\n<li>Sopimus henkil\u00f6tietojen k\u00e4sittelyst\u00e4 ja Palveluntarjoajan tietosuojaseloste l\u00f6ytyv\u00e4t tietosuojasivulta&nbsp;t\u00e4m\u00e4n linkin kautta.<\/li>\n<p><!-- \/wp:list-item --><\/p><\/ol>\n<p><!-- \/wp:list --><!-- wp:heading --><\/p>\n<h2 class=\"wp-block-heading\">7. VASTUUNRAJOITUKSET<\/h2>\n<p><!-- \/wp:heading --><!-- wp:list {\"ordered\":true} --><\/p>\n<ol class=\"wp-block-list\"><!-- wp:list-item --><p><\/p>\n<li>Palvelua k\u00e4ytett\u00e4ess\u00e4 K\u00e4ytt\u00e4j\u00e4 asioi Palvelun kautta toisen K\u00e4ytt\u00e4j\u00e4n tai muiden ty\u00f6suhteen velvoitteiden hoitamiseen tarvittavien tahojen kanssa.<\/li>\n<p><!-- \/wp:list-item --><!-- wp:list-item --><\/p>\n<li>Palveluntarjoaja ei ole ty\u00f6nv\u00e4litt\u00e4j\u00e4 eik\u00e4 K\u00e4ytt\u00e4j\u00e4n ja sen ty\u00f6ntekij\u00e4n kesken sovittujen ty\u00f6suoritusta koskevien sopimusten osapuoli.<\/li>\n<p><!-- \/wp:list-item --><!-- wp:list-item --><\/p>\n<li>Palveluntarjoaja ei ole osapuoli vakuutusten hoidossa, esimerkiksi mahdollisen ty\u00f6tapaturman korvausk\u00e4sittely hoidetaan suoraan K\u00e4ytt\u00e4j\u00e4n ja vakuutusyhti\u00f6n v\u00e4lill\u00e4. K\u00e4ytt\u00e4j\u00e4 vastaa ty\u00f6n tekemiseen liittyvien lakis\u00e4\u00e4teisten vakuutuksen voimaan saattamisesta lain vaatimusten mukaisesti.<\/li>\n<p><!-- \/wp:list-item --><!-- wp:list-item --><\/p>\n<li>Kaikki reklamaatiot ja vaateet Palvelun kautta tehtyihin sopimuksiin tulee esitt\u00e4\u00e4 osapuolelle, jonka kanssa K\u00e4ytt\u00e4j\u00e4 on tehnyt sopimuksen.<\/li>\n<p><!-- \/wp:list-item --><!-- wp:list-item --><\/p>\n<li>Palveluntarjoaja ei vastaa, eik\u00e4 ole velvoitettu, vastaanottamaan tai k\u00e4sittelem\u00e4\u00e4n, muita K\u00e4ytt\u00e4ji\u00e4 vastaan esitettyj\u00e4 reklamaatioita, eik\u00e4 v\u00e4litt\u00e4m\u00e4\u00e4n tai ratkomaan K\u00e4ytt\u00e4j\u00e4n ja sen ty\u00f6ntekij\u00f6iden v\u00e4lisi\u00e4 erimielisyyksi\u00e4, ellei reklamaatio koske Palvelua tai Palveluntarjoajan toimintaa tai vastuita.<\/li>\n<p><!-- \/wp:list-item --><!-- wp:list-item --><\/p>\n<li>Palveluntarjoaja ei ole vastuussa Palvelussa olevan aineiston tai tiedon oikeellisuudesta, sis\u00e4ll\u00f6st\u00e4, todenmukaisuudesta tai keskeytyksett\u00f6m\u00e4st\u00e4 saatavuudesta.<\/li>\n<p><!-- \/wp:list-item --><!-- wp:list-item --><\/p>\n<li>Palveluntarjoaja ei miss\u00e4\u00e4n tilanteessa ole vastuussa vahingosta, menetyksest\u00e4, tiedon tai aineiston menetyksest\u00e4 tai muusta v\u00e4litt\u00f6m\u00e4sti tai v\u00e4lillisesti Palvelun k\u00e4yt\u00f6st\u00e4 tai k\u00e4yt\u00f6n lopettamisesta aiheutuvasta vahingosta tai aineiston tai sis\u00e4ll\u00f6n puutteellisuudesta Palvelussa.<\/li>\n<p><!-- \/wp:list-item --><!-- wp:list-item --><\/p>\n<li>Jos K\u00e4ytt\u00e4j\u00e4 havaitsee Palvelun toiminnassa virheen, on h\u00e4nen ilmoitettava siit\u00e4 viipym\u00e4tt\u00e4 Palveluntarjoajalle. Palveluntarjoajalle on t\u00e4ll\u00f6in oikeus ja velvollisuus korjata Palvelun aiheuttama virhe veloituksetta niin pian kuin olosuhteet sallivat. Jos K\u00e4ytt\u00e4j\u00e4 laiminly\u00f6 ilmoittamisen virheest\u00e4, jonka on havainnut tai K\u00e4ytt\u00e4j\u00e4n olisi pit\u00e4nyt kohtuudella havaita, K\u00e4ytt\u00e4j\u00e4lle ei ole oikeutta esitt\u00e4\u00e4 virheen perusteella vaatimuksia.<\/li>\n<p><!-- \/wp:list-item --><!-- wp:list-item --><\/p>\n<li>Palveluntarjoaja ei vastaa K\u00e4ytt\u00e4j\u00e4n veroista, j\u00e4lkiveroista eik\u00e4 muista vastaavista seuraamuksista. Palveluntarjoaja ei ole korvausvelvollinen, jos vahinko on aiheutunut K\u00e4ytt\u00e4j\u00e4n Palvelussa antamien tietojen tai ohjeiden taikka toimitetun aineiston puutteellisuudesta, virheellisyydest\u00e4 tai viiv\u00e4stymisest\u00e4 tai muutoin K\u00e4ytt\u00e4j\u00e4n aiheuttamasta syyst\u00e4 tai mik\u00e4li vahinko on aiheutunut K\u00e4ytt\u00e4j\u00e4n toiminnan seurauksena.<\/li>\n<p><!-- \/wp:list-item --><!-- wp:list-item --><\/p>\n<li>Palveluntarjoaja ei vastaa vahingosta, joka johtuu siit\u00e4, K\u00e4ytt\u00e4j\u00e4 ei ole noudattanut sovellettavia lakeja tai viranomaism\u00e4\u00e4r\u00e4yksi\u00e4 taikka Palveluntarjoaja kanssa sovittuja ehtoja. Palvelu ei milloinkaan vastaa liiketoiminnallisista, liikkeenjohdollisista tai henkil\u00f6kohtaiseen talouteen liittyvist\u00e4 ratkaisuista, vaan niist\u00e4 p\u00e4\u00e4tt\u00e4\u00e4 ja vastaa K\u00e4ytt\u00e4j\u00e4.<\/li>\n<p><!-- \/wp:list-item --><!-- wp:list-item --><\/p>\n<li>Palveluntarjoaja vastaa vain tuottamuksellisuudestaan johtuvista v\u00e4litt\u00f6mist\u00e4 vahingoista. Palveluntarjoaja vastuun enimm\u00e4ism\u00e4\u00e4r\u00e4 on kuitenkin aina enint\u00e4\u00e4n 5.000 euroa yhdess\u00e4 vahinkotapahtumassa ja saman vuoden aikana ilmenneist\u00e4 vahinkotapahtumista yhteens\u00e4 enint\u00e4\u00e4n 10.000 euroa. Vahinko katsotaan yhdeksi vahinkotapahtumaksi, vaikka siihen olisi vaikuttanut saman virheen toistuminen ja vaikka se vaikuttaisi useampaan tilikauteen. Vahingon katsotaan ilmenneen kokonaan sen vuoden aikana, jolloin se olennaisilta osiltaan ilmeni, vaikka jokin vahingon osa ilmenisi toisena vuonna.<\/li>\n<p><!-- \/wp:list-item --><!-- wp:list-item --><\/p>\n<li>Palveluntarjoajalla on oikeus lis\u00e4t\u00e4, muuttaa ja poistaa osia Palvelusta, ottaa Palvelu pois k\u00e4yt\u00f6st\u00e4 tilap\u00e4isesti tai pysyv\u00e4sti uusien ominaisuuksien toteuttamiseksi ja lis\u00e4t\u00e4 erityisehtoja mihin tahansa ominaisuuteen.<\/li>\n<p><!-- \/wp:list-item --><!-- wp:list-item --><\/p>\n<li>Palveluntarjoaja ei ole vastuussa sellaisen Palvelussa esiintyv\u00e4n linkin toimivuudesta, joka johtaa kolmannen osapuolen yll\u00e4pit\u00e4m\u00e4lle internet-sivulle eik\u00e4 t\u00e4llaisen kolmannen osapuolen yll\u00e4pit\u00e4m\u00e4n internet-sivun sis\u00e4ll\u00f6st\u00e4 tai sen laillisuudesta.<\/li>\n<p><!-- \/wp:list-item --><!-- wp:list-item --><\/p>\n<li>Palvelu toimii aina sen hetkisen voimassa olevan lains\u00e4\u00e4d\u00e4nn\u00f6n ja asetusten mukaisesti, eik\u00e4 Palveluntarjoaja ole vastuussa Palveluun mahdollisesti teht\u00e4vist\u00e4 taannehtivasti vaikuttavista muutoksista ja niiden aiheuttamista kustannuksista tai lis\u00e4velvoitteista.<\/li>\n<p><!-- \/wp:list-item --><!-- wp:list-item --><\/p>\n<li>Palveluntarjoaja ei vastaa viiv\u00e4styksist\u00e4 ja vahingoista, jotka johtuvat Palveluntarjoajan vaikutusmahdollisuuksien ulkopuolella olevasta esteest\u00e4, jota Palveluntarjoajan ei kohtuudella voida edellytt\u00e4\u00e4 ottaneen huomioon sopimuksentekohetkell\u00e4 ja jonka seurauksia Palveluntarjoaja my\u00f6sk\u00e4\u00e4n kohtuudella olisi voinut v\u00e4ltt\u00e4\u00e4 tai voittaa. Ylivoimaisena esteen\u00e4 pidet\u00e4\u00e4n muiden seikkojen ohella mm. Palveluntarjoajan tai Palvelusta riippumatonta h\u00e4iri\u00f6t\u00e4 tietoliikenneyhteyksiss\u00e4 tai muussa s\u00e4hk\u00f6isess\u00e4 viestinn\u00e4ss\u00e4 sek\u00e4 tulipalon tai muun turman aiheuttamaa keskeytyst\u00e4 tai viiv\u00e4styst\u00e4 Palveluntarjoajan tai Palvelun toiminnassa. Lakko, sulku, boikotti ja muu ty\u00f6taistelutoimenpide katsotaan ylivoimaiseksi esteeksi my\u00f6s silloin, kun Palveluntarjoaja tai Palvelu on itse sen kohteena tai siihen osallisena.<\/li>\n<p><!-- \/wp:list-item --><\/p><\/ol>\n<p><!-- \/wp:list --><!-- wp:heading --><\/p>\n<h2 class=\"wp-block-heading\">8. PALVELUN LAATU JA ASIAKASPALVELU<\/h2>\n<p><!-- \/wp:heading --><!-- wp:list {\"ordered\":true} --><\/p>\n<ol class=\"wp-block-list\"><!-- wp:list-item --><p><\/p>\n<li>Palveluntarjoaja pyrkii pit\u00e4m\u00e4\u00e4n Palvelun k\u00e4yt\u00f6ss\u00e4 jatkuvasti ja h\u00e4iri\u00f6tt\u00e4, mutta ei takaa palvelun keskeytykset\u00f6nt\u00e4 toimintaa. Keskeytyksist\u00e4 ilmoitetaan mahdollisuuksien mukaan etuk\u00e4teen.<\/li>\n<p><!-- \/wp:list-item --><!-- wp:list-item --><\/p>\n<li>Palveluntarjoaja ei vastaa toisen palveluntarjoajan palvelusta tai sis\u00e4ll\u00f6st\u00e4 milt\u00e4\u00e4n osin. Ei edes siin\u00e4 tapauksessa, ett\u00e4 toiseen palveluun p\u00e4\u00e4see Palvelusta, esimerkiksi linkin kautta tai muilla tavoin.<\/li>\n<p><!-- \/wp:list-item --><!-- wp:list-item --><\/p>\n<li>Palveluntarjoaja ei my\u00f6sk\u00e4\u00e4n vastaa Palvelun k\u00e4ytt\u00e4misen tai siin\u00e4 esiintyvien toimintah\u00e4iri\u00f6iden, teknisten vikojen, haitallisten ohjelmistojen, linkkien tai katkosten K\u00e4ytt\u00e4j\u00e4lle tai kolmansille aiheuttamista vahingoista.<\/li>\n<p><!-- \/wp:list-item --><!-- wp:list-item --><\/p>\n<li>Asiakaspalvelu on j\u00e4rjestetty ensisijaisesti s\u00e4hk\u00f6postin v\u00e4lityksell\u00e4 ja asiakaspalvelupyynt\u00f6ihin pyrit\u00e4\u00e4n vastaamaan mahdollisimman pian.<\/li>\n<p><!-- \/wp:list-item --><\/p><\/ol>\n<p><!-- \/wp:list --><!-- wp:heading --><\/p>\n<h2 class=\"wp-block-heading\">9. SOVELLETTAVA LAKI JA RIITOJEN RATKAISU<\/h2>\n<p><!-- \/wp:heading --><!-- wp:list {\"ordered\":true} --><\/p>\n<ol class=\"wp-block-list\"><!-- wp:list-item --><p><\/p>\n<li>N\u00e4ihin K\u00e4ytt\u00f6ehtoihin sovelletaan Suomen lakia.<\/li>\n<p><!-- \/wp:list-item --><!-- wp:list-item --><\/p>\n<li>Palveluntarjoajan ja K\u00e4ytt\u00e4j\u00e4n v\u00e4liset erimielisyydet ja riidat pyrit\u00e4\u00e4n ensisijaisesti ratkaisemaan neuvotteluilla. Mik\u00e4li sovintoon ei p\u00e4\u00e4st\u00e4, ratkaistaan erimielisyydet ja riidat Helsingin k\u00e4r\u00e4j\u00e4oikeudessa, suomen kielell\u00e4.<\/li>\n<p><!-- \/wp:list-item --><\/p><\/ol>\n<p><!-- \/wp:list --><\/p>\t\t\t\t\t\t\t\t<\/div>\n\t\t\t\t\t<\/div>\n\t\t\t\t<\/div>\n\t\t\t\t<\/div>","protected":false},"excerpt":{"rendered":"<p>K\u00e4ytt\u00f6ehdot 1. M\u00c4\u00c4RITELM\u00c4T \u201dPalveluntarjoaja\u201d tarkoittaa BTL Casting Tmi:t\u00e4, jonka Y-tunnus on 2224243-0. BTL Casting:ll\u00e4 on oikeus rekister\u00f6innin nojalla tarjota maksupalveluita ilman toimilupaa Suomessa. Immu Kuusi Tmi on merkitty maksupalvelun tarjoajia koskevaan Finanssivalvonnan rekisteriin ja se on Finanssivalvonnan valvonnan alainen. \u201dPalvelu\u201d tarkoittaa Palveluntarjoajan tuotekokonaisuutta, jonka avulla K\u00e4ytt\u00e4j\u00e4t voivat maksaa palkkaa ja palkkioita keikkaty\u00f6ntekij\u00f6illeen. \u201dK\u00e4ytt\u00e4j\u00e4\u201d tarkoittaa ty\u00f6nantajaa [&hellip;]<\/p>","protected":false},"author":1,"featured_media":0,"parent":0,"menu_order":0,"comment_status":"closed","ping_status":"closed","template":"","meta":{"_acf_changed":false,"footnotes":""},"class_list":["post-1360","page","type-page","status-publish","hentry"],"acf":[],"_links":{"self":[{"href":"https:\/\/www.filmityot.fi\/en\/wp-json\/wp\/v2\/pages\/1360","targetHints":{"allow":["GET"]}}],"collection":[{"href":"https:\/\/www.filmityot.fi\/en\/wp-json\/wp\/v2\/pages"}],"about":[{"href":"https:\/\/www.filmityot.fi\/en\/wp-json\/wp\/v2\/types\/page"}],"author":[{"embeddable":true,"href":"https:\/\/www.filmityot.fi\/en\/wp-json\/wp\/v2\/users\/1"}],"replies":[{"embeddable":true,"href":"https:\/\/www.filmityot.fi\/en\/wp-json\/wp\/v2\/comments?post=1360"}],"version-history":[{"count":0,"href":"https:\/\/www.filmityot.fi\/en\/wp-json\/wp\/v2\/pages\/1360\/revisions"}],"wp:attachment":[{"href":"https:\/\/www.filmityot.fi\/en\/wp-json\/wp\/v2\/media?parent=1360"}],"curies":[{"name":"wp","href":"https:\/\/api.w.org\/{rel}","templated":true}]}}