{"id":1358,"date":"2023-02-20T10:39:58","date_gmt":"2023-02-20T08:39:58","guid":{"rendered":"https:\/\/filmityot.fi\/?page_id=1358"},"modified":"2026-02-17T12:44:03","modified_gmt":"2026-02-17T10:44:03","slug":"palvelut","status":"publish","type":"page","link":"https:\/\/www.filmityot.fi\/en\/palvelut\/","title":{"rendered":"Palvelut"},"content":{"rendered":"<div data-elementor-type=\"wp-page\" data-elementor-id=\"1358\" class=\"elementor elementor-1358\" data-elementor-post-type=\"page\">\n\t\t\t\t<div class=\"elementor-element elementor-element-6bf3537 e-flex e-con-boxed e-con e-parent\" data-id=\"6bf3537\" data-element_type=\"container\" data-e-type=\"container\" data-settings=\"{&quot;jet_parallax_layout_list&quot;:[],&quot;background_background&quot;:&quot;classic&quot;}\">\n\t\t\t\t\t<div class=\"e-con-inner\">\n\t\t\t\t<div class=\"elementor-element elementor-element-785f088 elementor-widget elementor-widget-heading\" data-id=\"785f088\" data-element_type=\"widget\" data-e-type=\"widget\" data-widget_type=\"heading.default\">\n\t\t\t\t\t<h1 class=\"elementor-heading-title elementor-size-xxl\">Palvelut YRityksille<\/h1>\t\t\t\t<\/div>\n\t\t\t\t\t<\/div>\n\t\t\t\t<\/div>\n\t\t<div class=\"elementor-element elementor-element-f7f452d e-flex e-con-boxed e-con e-parent\" data-id=\"f7f452d\" data-element_type=\"container\" data-e-type=\"container\" data-settings=\"{&quot;jet_parallax_layout_list&quot;:[]}\">\n\t\t\t\t\t<div class=\"e-con-inner\">\n\t\t<div class=\"elementor-element elementor-element-96554ff e-con-full e-flex e-con e-child\" data-id=\"96554ff\" data-element_type=\"container\" data-e-type=\"container\" data-settings=\"{&quot;jet_parallax_layout_list&quot;:[]}\">\n\t\t\t\t<div class=\"elementor-element elementor-element-f5f68e2 elementor-widget elementor-widget-heading\" data-id=\"f5f68e2\" data-element_type=\"widget\" data-e-type=\"widget\" data-widget_type=\"heading.default\">\n\t\t\t\t\t<h2 class=\"elementor-heading-title elementor-size-default\">Casting 2.0 \/ roolituspalvelu<\/h2>\t\t\t\t<\/div>\n\t\t\t\t<div class=\"elementor-element elementor-element-4c3d0a6 elementor-widget elementor-widget-text-editor\" data-id=\"4c3d0a6\" data-element_type=\"widget\" data-e-type=\"widget\" data-widget_type=\"text-editor.default\">\n\t\t\t\t\t\t\t\t\t<p data-start=\"220\" data-end=\"450\">Filmit\u00f6iden Casting 2.0 -palvelu tarjoaa joustavan tavan hoitaa casting \u00a0projektisi tarpeiden mukaan. Voit tehd\u00e4 castingin itse palvelussamme \u2013 tai halutessasi antaa kokeneen roolittajamme hoitaa koko prosessin puolestasi.<\/p><p data-start=\"452\" data-end=\"705\"><strong>Kun tarvitset enemm\u00e4n tukea tai aikataulusi ei riit\u00e4 itsepalveluun, voit siirty\u00e4 t\u00e4yden palvelun castingiin.<\/strong><\/p><p data-start=\"707\" data-end=\"950\">T\u00e4yden palvelun castingissa sinun teht\u00e4v\u00e4ksesi j\u00e4\u00e4 vain tarpeen ja briiffin m\u00e4\u00e4rittely sek\u00e4 lopullinen valinta. Me huolehdimme hakijoiden etsinn\u00e4st\u00e4, seulonnasta, esivalinnasta ja kokonaisuuden sujuvuudesta \u2013 aina projektin vaativuuden mukaan.<\/p><p data-start=\"952\" data-end=\"1161\">\u00a0<\/p>\t\t\t\t\t\t\t\t<\/div>\n\t\t\t\t<div class=\"elementor-element elementor-element-b4519d0 elementor-widget elementor-widget-button\" data-id=\"b4519d0\" data-element_type=\"widget\" data-e-type=\"widget\" data-widget_type=\"button.default\">\n\t\t\t\t\t\t\t\t\t\t<a class=\"elementor-button elementor-button-link elementor-size-sm\" href=\"https:\/\/www.filmityot.fi\/en\/palvelut\/casting-palvelu\/\">\n\t\t\t\t\t\t<span class=\"elementor-button-content-wrapper\">\n\t\t\t\t\t\t\t\t\t<span class=\"elementor-button-text\">Tutustu palveluun<\/span>\n\t\t\t\t\t<\/span>\n\t\t\t\t\t<\/a>\n\t\t\t\t\t\t\t\t<\/div>\n\t\t\t\t<\/div>\n\t\t<div class=\"elementor-element elementor-element-6c1ad84 e-con-full e-flex e-con e-child\" data-id=\"6c1ad84\" data-element_type=\"container\" data-e-type=\"container\" data-settings=\"{&quot;jet_parallax_layout_list&quot;:[]}\">\n\t\t\t\t<div class=\"elementor-element elementor-element-4e29f4e elementor-widget elementor-widget-heading\" data-id=\"4e29f4e\" data-element_type=\"widget\" data-e-type=\"widget\" data-widget_type=\"heading.default\">\n\t\t\t\t\t<h2 class=\"elementor-heading-title elementor-size-default\">Esiintyj\u00e4palkkiot maksuun<\/h2>\t\t\t\t<\/div>\n\t\t\t\t<div class=\"elementor-element elementor-element-43907aa elementor-widget elementor-widget-text-editor\" data-id=\"43907aa\" data-element_type=\"widget\" data-e-type=\"widget\" data-widget_type=\"text-editor.default\">\n\t\t\t\t\t\t\t\t\t<p>Palvelussamme voit my\u00f6s tehd\u00e4 esiintyjien palkkion maksatuksen kauttamme yhdell\u00e4 laskulla.<strong>\u00a0<\/strong><\/p><p><strong>N\u00e4in se toimii:<\/strong><br \/>Keikkailmoituksen &#8220;hakija&#8221;- osiosta voit vied\u00e4 valitsemasi esiintyj\u00e4t eli hakijat palkkionmaksu-kansioon. Ty\u00f6p\u00f6yt\u00e4-osiosta l\u00f6ytyv\u00e4ll\u00e4 Palkkioiden maksatus -sivulla voit n\u00e4hd\u00e4 kootusti esiintyj\u00e4-hakijat, joille haluat laittaa palkkion maksettavaksi. Valitset ja varmistat palkkion saajat ja viet flow\u2019n loppuun ohjeiden mukaan, jonka j\u00e4lkeen hoidamme palkkion maksun puolestasi ja sin\u00e4 saat hoidettua koko prosessin yhdell\u00e4 laskulla. Filmit\u00f6iden kautta on maksettu jo lukuisia esiintyj\u00e4palkkioita mm.\u00a0<b data-stringify-type=\"bold\">Dance Brothers<\/b>-sarjaan ja ruotsalaiseen\u00a0<b data-stringify-type=\"bold\">Abyss<\/b>-elokuvaan sek\u00e4 useaan mainostuotantoon.\u00a0<\/p>\t\t\t\t\t\t\t\t<\/div>\n\t\t\t\t<div class=\"elementor-element elementor-element-22d3a51 elementor-widget elementor-widget-button\" data-id=\"22d3a51\" data-element_type=\"widget\" data-e-type=\"widget\" data-widget_type=\"button.default\">\n\t\t\t\t\t\t\t\t\t\t<a class=\"elementor-button elementor-button-link elementor-size-sm\" href=\"https:\/\/www.filmityot.fi\/en\/palvelut\/yhden-laskun-palvelu\/\" target=\"_blank\" rel=\"noopener\">\n\t\t\t\t\t\t<span class=\"elementor-button-content-wrapper\">\n\t\t\t\t\t\t\t\t\t<span class=\"elementor-button-text\">Tutustu palveluun<\/span>\n\t\t\t\t\t<\/span>\n\t\t\t\t\t<\/a>\n\t\t\t\t\t\t\t\t<\/div>\n\t\t\t\t<\/div>\n\t\t\t\t\t<\/div>\n\t\t\t\t<\/div>\n\t\t<div class=\"elementor-element elementor-element-95f811f e-flex e-con-boxed e-con e-parent\" data-id=\"95f811f\" data-element_type=\"container\" data-e-type=\"container\" data-settings=\"{&quot;jet_parallax_layout_list&quot;:[]}\">\n\t\t\t\t\t<div class=\"e-con-inner\">\n\t\t<div class=\"elementor-element elementor-element-830386f e-con-full e-flex e-con e-child\" data-id=\"830386f\" data-element_type=\"container\" data-e-type=\"container\" data-settings=\"{&quot;jet_parallax_layout_list&quot;:[]}\">\n\t\t\t\t<div class=\"elementor-element elementor-element-8fffa93 elementor-widget elementor-widget-heading\" data-id=\"8fffa93\" data-element_type=\"widget\" data-e-type=\"widget\" data-widget_type=\"heading.default\">\n\t\t\t\t\t<h2 class=\"elementor-heading-title elementor-size-default\">Studioyleis\u00f6<\/h2>\t\t\t\t<\/div>\n\t\t\t\t<div class=\"elementor-element elementor-element-85f04e1 elementor-widget elementor-widget-text-editor\" data-id=\"85f04e1\" data-element_type=\"widget\" data-e-type=\"widget\" data-widget_type=\"text-editor.default\">\n\t\t\t\t\t\t\t\t\t<p>Studioyleis\u00f6-palvelumme on tuottajien ykk\u00f6sty\u00f6kalu silloin, kun tarvitaan t\u00e4sm\u00e4yleis\u00f6 tv-ohjelman kuvauksiin. Palvelulla saat rekrytoitua helposti yhdell\u00e4 toimenpiteell\u00e4 yleis\u00f6n &#8211; juuri sen kokoisen, juuri sen tyyppisen ja juuri siihen ajankohtaan, kun tarvitset. Tutustu palveluun ja pyyd\u00e4 tarjous, lukuisat tv-tuotannot ovat jo palvelumme vakioasiakkaita!<\/p>\t\t\t\t\t\t\t\t<\/div>\n\t\t\t\t<div class=\"elementor-element elementor-element-67cda93 elementor-widget elementor-widget-button\" data-id=\"67cda93\" data-element_type=\"widget\" data-e-type=\"widget\" data-widget_type=\"button.default\">\n\t\t\t\t\t\t\t\t\t\t<a class=\"elementor-button elementor-button-link elementor-size-sm\" href=\"https:\/\/www.filmityot.fi\/en\/palvelut\/studioyleiso\/\" target=\"_blank\" rel=\"noopener\">\n\t\t\t\t\t\t<span class=\"elementor-button-content-wrapper\">\n\t\t\t\t\t\t\t\t\t<span class=\"elementor-button-text\">Tutustu palveluun<\/span>\n\t\t\t\t\t<\/span>\n\t\t\t\t\t<\/a>\n\t\t\t\t\t\t\t\t<\/div>\n\t\t\t\t<\/div>\n\t\t\t\t\t<\/div>\n\t\t\t\t<\/div>\n\t\t\t\t<\/div>","protected":false},"excerpt":{"rendered":"<p>Palvelut YRityksille Casting 2.0 \/ roolituspalvelu Filmit\u00f6iden Casting 2.0 -palvelu tarjoaa joustavan tavan hoitaa casting \u00a0projektisi tarpeiden mukaan. Voit tehd\u00e4 castingin itse palvelussamme \u2013 tai halutessasi antaa kokeneen roolittajamme hoitaa koko prosessin puolestasi. Kun tarvitset enemm\u00e4n tukea tai aikataulusi ei riit\u00e4 itsepalveluun, voit siirty\u00e4 t\u00e4yden palvelun castingiin. T\u00e4yden palvelun castingissa sinun teht\u00e4v\u00e4ksesi j\u00e4\u00e4 vain tarpeen [&hellip;]<\/p>","protected":false},"author":1,"featured_media":0,"parent":0,"menu_order":0,"comment_status":"closed","ping_status":"closed","template":"","meta":{"_acf_changed":false,"footnotes":""},"class_list":["post-1358","page","type-page","status-publish","hentry"],"acf":[],"_links":{"self":[{"href":"https:\/\/www.filmityot.fi\/en\/wp-json\/wp\/v2\/pages\/1358","targetHints":{"allow":["GET"]}}],"collection":[{"href":"https:\/\/www.filmityot.fi\/en\/wp-json\/wp\/v2\/pages"}],"about":[{"href":"https:\/\/www.filmityot.fi\/en\/wp-json\/wp\/v2\/types\/page"}],"author":[{"embeddable":true,"href":"https:\/\/www.filmityot.fi\/en\/wp-json\/wp\/v2\/users\/1"}],"replies":[{"embeddable":true,"href":"https:\/\/www.filmityot.fi\/en\/wp-json\/wp\/v2\/comments?post=1358"}],"version-history":[{"count":20,"href":"https:\/\/www.filmityot.fi\/en\/wp-json\/wp\/v2\/pages\/1358\/revisions"}],"predecessor-version":[{"id":211977,"href":"https:\/\/www.filmityot.fi\/en\/wp-json\/wp\/v2\/pages\/1358\/revisions\/211977"}],"wp:attachment":[{"href":"https:\/\/www.filmityot.fi\/en\/wp-json\/wp\/v2\/media?parent=1358"}],"curies":[{"name":"wp","href":"https:\/\/api.w.org\/{rel}","templated":true}]}}